{"id":1365,"date":"2023-02-11T13:23:40","date_gmt":"2023-02-11T12:23:40","guid":{"rendered":"https:\/\/akantmeble.pl\/?post_type=product&#038;p=1365"},"modified":"2026-01-06T11:51:31","modified_gmt":"2026-01-06T10:51:31","slug":"konsola-art-deco","status":"publish","type":"product","link":"https:\/\/akantmeble.pl\/detal\/produkt\/konsola-art-deco\/","title":{"rendered":"konsola ART DECO , glamour"},"content":{"rendered":"<h3 data-start=\"0\" data-end=\"65\">Konsola do salonu \/ holu \u2013 styl glamour, nowoczesna elegancja<\/h3>\n<p data-start=\"67\" data-end=\"517\">Elegancka konsola w stylu glamour to wyj\u0105tkowy mebel, kt\u00f3ry doskonale uzupe\u0142ni aran\u017cacj\u0119 salonu, holu lub reprezentacyjnego przedpokoju. Jej lekka, a zarazem wyrazista forma przyci\u0105ga uwag\u0119 subteln\u0105 lini\u0105 oraz harmonijnymi proporcjami. Charakterystyczna podstawa o dekoracyjnym, p\u00f3\u0142kolistym kszta\u0142cie nadaje konsoli luksusowego wygl\u0105du i sprawia, \u017ce mebel staje si\u0119 nie tylko funkcjonalnym elementem wyposa\u017cenia, ale r\u00f3wnie\u017c efektown\u0105 ozdob\u0105 wn\u0119trza.<\/p>\n<p data-start=\"519\" data-end=\"800\">Jasna kolorystyka w po\u0142\u0105czeniu z eleganckim blatem sprawia, \u017ce konsola idealnie komponuje si\u0119 z wn\u0119trzami glamour, nowoczesnymi oraz klasycznymi. Doskonale sprawdzi si\u0119 jako miejsce na dekoracje, lustro, kwiaty czy eleganckie dodatki, podkre\u015blaj\u0105c presti\u017cowy charakter przestrzeni.<\/p>\n<p data-start=\"802\" data-end=\"951\">Konsola mo\u017ce zosta\u0107 wykonana <strong data-start=\"831\" data-end=\"881\">na indywidualny wymiar oraz w dowolnym kolorze<\/strong>, co pozwala idealnie dopasowa\u0107 j\u0105 do stylu wn\u0119trza i potrzeb klienta.<\/p>\n<hr data-start=\"953\" data-end=\"956\" \/>\n<h4 data-start=\"958\" data-end=\"978\">Cechy produktu:<\/h4>\n<ul data-start=\"979\" data-end=\"1303\">\n<li data-start=\"979\" data-end=\"1016\">\n<p data-start=\"981\" data-end=\"1016\">Typ: konsola \/ stolik dekoracyjny<\/p>\n<\/li>\n<li data-start=\"1017\" data-end=\"1046\">\n<p data-start=\"1019\" data-end=\"1046\">Styl: glamour, nowoczesny<\/p>\n<\/li>\n<li data-start=\"1047\" data-end=\"1084\">\n<p data-start=\"1049\" data-end=\"1084\">Kolor: dowolny<\/p>\n<\/li>\n<li data-start=\"1137\" data-end=\"1179\">\n<p data-start=\"1139\" data-end=\"1179\">Mo\u017cliwo\u015b\u0107 wykonania na wymiar: <strong data-start=\"1170\" data-end=\"1177\">tak<\/strong><\/p>\n<\/li>\n<li data-start=\"1216\" data-end=\"1257\">\n<p data-start=\"1218\" data-end=\"1257\">Przeznaczenie: salon, hol, przedpok\u00f3j, sypialnia<\/p>\n<\/li>\n<li data-start=\"1258\" data-end=\"1303\">\n<p data-start=\"1260\" data-end=\"1303\">Idealna jako mebel dekoracyjny i u\u017cytkowy<\/p>\n<\/li>\n<\/ul>\n<div style=\"width: 1920px;\" class=\"wp-video\"><video class=\"wp-video-shortcode\" id=\"video-1365-1\" width=\"1920\" height=\"1080\" preload=\"metadata\" controls=\"controls\"><source type=\"video\/mp4\" src=\"https:\/\/akantmeble.pl\/detal\/wp-content\/uploads\/2023\/02\/20230211_110349.mp4?_=1\" \/><a href=\"https:\/\/akantmeble.pl\/detal\/wp-content\/uploads\/2023\/02\/20230211_110349.mp4\">https:\/\/akantmeble.pl\/detal\/wp-content\/uploads\/2023\/02\/20230211_110349.mp4<\/a><\/video><\/div>\n","protected":false},"excerpt":{"rendered":"<p>Konsola ART DECO<\/p>\n","protected":false},"featured_media":3081,"comment_status":"open","ping_status":"closed","template":"","meta":[],"product_brand":[],"product_cat":[274],"product_tag":[131,129,149],"class_list":{"0":"post-1365","1":"product","2":"type-product","3":"status-publish","4":"has-post-thumbnail","6":"product_cat-konsole","7":"product_tag-ekskluzywne-wnetrza","8":"product_tag-luksusowe-meble","9":"product_tag-meble-do-salonu","10":"product_shipping_class-medium-160zl","11":"pa_styl-art-deco","13":"first","14":"instock","15":"featured","16":"shipping-taxable","17":"purchasable","18":"product-type-variable"},"yoast_head":"<!-- This site is optimized with the Yoast SEO plugin v27.5 - https:\/\/yoast.com\/product\/yoast-seo-wordpress\/ -->\n<title>konsola ART DECO , glamour - Akant Meble exclusive furniture<\/title>\n<meta name=\"description\" content=\"Konsola w stylu ART DECO. Mebel klasy premium. Lakier o podwy\u017cszonej twardo\u015bci, odporny na wilgo\u0107, mo\u017cliwo\u015b\u0107 wykonania w dowolnym kolorze. Istnieje mo\u017cliwo\u015b\u0107 zrobienia pod wymiar.\" \/>\n<meta name=\"robots\" content=\"index, follow, max-snippet:-1, max-image-preview:large, max-video-preview:-1\" \/>\n<link rel=\"canonical\" href=\"https:\/\/akantmeble.pl\/detal\/produkt\/konsola-art-deco\/\" \/>\n<meta property=\"og:locale\" content=\"pl_PL\" \/>\n<meta property=\"og:type\" content=\"article\" \/>\n<meta property=\"og:title\" content=\"konsola ART DECO , glamour - Akant Meble exclusive furniture\" \/>\n<meta property=\"og:description\" content=\"Konsola w stylu ART DECO. Mebel klasy premium. Lakier o podwy\u017cszonej twardo\u015bci, odporny na wilgo\u0107, mo\u017cliwo\u015b\u0107 wykonania w dowolnym kolorze. Istnieje mo\u017cliwo\u015b\u0107 zrobienia pod wymiar.\" \/>\n<meta property=\"og:url\" content=\"https:\/\/akantmeble.pl\/detal\/produkt\/konsola-art-deco\/\" \/>\n<meta property=\"og:site_name\" content=\"Akant Meble exclusive furniture\" \/>\n<meta property=\"article:modified_time\" content=\"2026-01-06T10:51:31+00:00\" \/>\n<meta property=\"og:image\" content=\"https:\/\/akantmeble.pl\/detal\/wp-content\/uploads\/2023\/02\/file_0000000098d871f489477662a3005fb8-683x1024.png\" \/>\n\t<meta property=\"og:image:width\" content=\"683\" \/>\n\t<meta property=\"og:image:height\" content=\"1024\" \/>\n\t<meta property=\"og:image:type\" content=\"image\/png\" \/>\n<meta name=\"twitter:card\" content=\"summary_large_image\" \/>\n<meta name=\"twitter:label1\" content=\"Szacowany czas czytania\" \/>\n\t<meta name=\"twitter:data1\" content=\"1 minuta\" \/>\n<script type=\"application\/ld+json\" class=\"yoast-schema-graph\">{\"@context\":\"https:\\\/\\\/schema.org\",\"@graph\":[{\"@type\":\"WebPage\",\"@id\":\"https:\\\/\\\/akantmeble.pl\\\/detal\\\/produkt\\\/konsola-art-deco\\\/\",\"url\":\"https:\\\/\\\/akantmeble.pl\\\/detal\\\/produkt\\\/konsola-art-deco\\\/\",\"name\":\"konsola ART DECO , glamour - Akant Meble exclusive furniture\",\"isPartOf\":{\"@id\":\"https:\\\/\\\/akantmeble.pl\\\/detal\\\/#website\"},\"primaryImageOfPage\":{\"@id\":\"https:\\\/\\\/akantmeble.pl\\\/detal\\\/produkt\\\/konsola-art-deco\\\/#primaryimage\"},\"image\":{\"@id\":\"https:\\\/\\\/akantmeble.pl\\\/detal\\\/produkt\\\/konsola-art-deco\\\/#primaryimage\"},\"thumbnailUrl\":\"https:\\\/\\\/akantmeble.pl\\\/detal\\\/wp-content\\\/uploads\\\/2023\\\/02\\\/file_0000000098d871f489477662a3005fb8.png\",\"datePublished\":\"2023-02-11T12:23:40+00:00\",\"dateModified\":\"2026-01-06T10:51:31+00:00\",\"description\":\"Konsola w stylu ART DECO. Mebel klasy premium. Lakier o podwy\u017cszonej twardo\u015bci, odporny na wilgo\u0107, mo\u017cliwo\u015b\u0107 wykonania w dowolnym kolorze. Istnieje mo\u017cliwo\u015b\u0107 zrobienia pod wymiar.\",\"breadcrumb\":{\"@id\":\"https:\\\/\\\/akantmeble.pl\\\/detal\\\/produkt\\\/konsola-art-deco\\\/#breadcrumb\"},\"inLanguage\":\"pl-PL\",\"potentialAction\":[{\"@type\":\"ReadAction\",\"target\":[\"https:\\\/\\\/akantmeble.pl\\\/detal\\\/produkt\\\/konsola-art-deco\\\/\"]}]},{\"@type\":\"ImageObject\",\"inLanguage\":\"pl-PL\",\"@id\":\"https:\\\/\\\/akantmeble.pl\\\/detal\\\/produkt\\\/konsola-art-deco\\\/#primaryimage\",\"url\":\"https:\\\/\\\/akantmeble.pl\\\/detal\\\/wp-content\\\/uploads\\\/2023\\\/02\\\/file_0000000098d871f489477662a3005fb8.png\",\"contentUrl\":\"https:\\\/\\\/akantmeble.pl\\\/detal\\\/wp-content\\\/uploads\\\/2023\\\/02\\\/file_0000000098d871f489477662a3005fb8.png\",\"width\":1024,\"height\":1536},{\"@type\":\"BreadcrumbList\",\"@id\":\"https:\\\/\\\/akantmeble.pl\\\/detal\\\/produkt\\\/konsola-art-deco\\\/#breadcrumb\",\"itemListElement\":[{\"@type\":\"ListItem\",\"position\":1,\"name\":\"Strona g\u0142\u00f3wna\",\"item\":\"https:\\\/\\\/akantmeble.pl\\\/detal\\\/\"},{\"@type\":\"ListItem\",\"position\":2,\"name\":\"Sklep\",\"item\":\"https:\\\/\\\/akantmeble.pl\\\/detal\\\/sklep\\\/\"},{\"@type\":\"ListItem\",\"position\":3,\"name\":\"konsola ART DECO , glamour\"}]},{\"@type\":\"WebSite\",\"@id\":\"https:\\\/\\\/akantmeble.pl\\\/detal\\\/#website\",\"url\":\"https:\\\/\\\/akantmeble.pl\\\/detal\\\/\",\"name\":\"Akant Meble exclusive furniture\",\"description\":\"\",\"potentialAction\":[{\"@type\":\"SearchAction\",\"target\":{\"@type\":\"EntryPoint\",\"urlTemplate\":\"https:\\\/\\\/akantmeble.pl\\\/detal\\\/?s={search_term_string}\"},\"query-input\":{\"@type\":\"PropertyValueSpecification\",\"valueRequired\":true,\"valueName\":\"search_term_string\"}}],\"inLanguage\":\"pl-PL\"}]}<\/script>\n<!-- \/ Yoast SEO plugin. -->","yoast_head_json":{"title":"konsola ART DECO , glamour - Akant Meble exclusive furniture","description":"Konsola w stylu ART DECO. Mebel klasy premium. Lakier o podwy\u017cszonej twardo\u015bci, odporny na wilgo\u0107, mo\u017cliwo\u015b\u0107 wykonania w dowolnym kolorze. Istnieje mo\u017cliwo\u015b\u0107 zrobienia pod wymiar.","robots":{"index":"index","follow":"follow","max-snippet":"max-snippet:-1","max-image-preview":"max-image-preview:large","max-video-preview":"max-video-preview:-1"},"canonical":"https:\/\/akantmeble.pl\/detal\/produkt\/konsola-art-deco\/","og_locale":"pl_PL","og_type":"article","og_title":"konsola ART DECO , glamour - Akant Meble exclusive furniture","og_description":"Konsola w stylu ART DECO. Mebel klasy premium. Lakier o podwy\u017cszonej twardo\u015bci, odporny na wilgo\u0107, mo\u017cliwo\u015b\u0107 wykonania w dowolnym kolorze. Istnieje mo\u017cliwo\u015b\u0107 zrobienia pod wymiar.","og_url":"https:\/\/akantmeble.pl\/detal\/produkt\/konsola-art-deco\/","og_site_name":"Akant Meble exclusive furniture","article_modified_time":"2026-01-06T10:51:31+00:00","og_image":[{"width":683,"height":1024,"url":"https:\/\/akantmeble.pl\/detal\/wp-content\/uploads\/2023\/02\/file_0000000098d871f489477662a3005fb8-683x1024.png","type":"image\/png"}],"twitter_card":"summary_large_image","twitter_misc":{"Szacowany czas czytania":"1 minuta"},"schema":{"@context":"https:\/\/schema.org","@graph":[{"@type":"WebPage","@id":"https:\/\/akantmeble.pl\/detal\/produkt\/konsola-art-deco\/","url":"https:\/\/akantmeble.pl\/detal\/produkt\/konsola-art-deco\/","name":"konsola ART DECO , glamour - Akant Meble exclusive furniture","isPartOf":{"@id":"https:\/\/akantmeble.pl\/detal\/#website"},"primaryImageOfPage":{"@id":"https:\/\/akantmeble.pl\/detal\/produkt\/konsola-art-deco\/#primaryimage"},"image":{"@id":"https:\/\/akantmeble.pl\/detal\/produkt\/konsola-art-deco\/#primaryimage"},"thumbnailUrl":"https:\/\/akantmeble.pl\/detal\/wp-content\/uploads\/2023\/02\/file_0000000098d871f489477662a3005fb8.png","datePublished":"2023-02-11T12:23:40+00:00","dateModified":"2026-01-06T10:51:31+00:00","description":"Konsola w stylu ART DECO. Mebel klasy premium. Lakier o podwy\u017cszonej twardo\u015bci, odporny na wilgo\u0107, mo\u017cliwo\u015b\u0107 wykonania w dowolnym kolorze. Istnieje mo\u017cliwo\u015b\u0107 zrobienia pod wymiar.","breadcrumb":{"@id":"https:\/\/akantmeble.pl\/detal\/produkt\/konsola-art-deco\/#breadcrumb"},"inLanguage":"pl-PL","potentialAction":[{"@type":"ReadAction","target":["https:\/\/akantmeble.pl\/detal\/produkt\/konsola-art-deco\/"]}]},{"@type":"ImageObject","inLanguage":"pl-PL","@id":"https:\/\/akantmeble.pl\/detal\/produkt\/konsola-art-deco\/#primaryimage","url":"https:\/\/akantmeble.pl\/detal\/wp-content\/uploads\/2023\/02\/file_0000000098d871f489477662a3005fb8.png","contentUrl":"https:\/\/akantmeble.pl\/detal\/wp-content\/uploads\/2023\/02\/file_0000000098d871f489477662a3005fb8.png","width":1024,"height":1536},{"@type":"BreadcrumbList","@id":"https:\/\/akantmeble.pl\/detal\/produkt\/konsola-art-deco\/#breadcrumb","itemListElement":[{"@type":"ListItem","position":1,"name":"Strona g\u0142\u00f3wna","item":"https:\/\/akantmeble.pl\/detal\/"},{"@type":"ListItem","position":2,"name":"Sklep","item":"https:\/\/akantmeble.pl\/detal\/sklep\/"},{"@type":"ListItem","position":3,"name":"konsola ART DECO , glamour"}]},{"@type":"WebSite","@id":"https:\/\/akantmeble.pl\/detal\/#website","url":"https:\/\/akantmeble.pl\/detal\/","name":"Akant Meble exclusive furniture","description":"","potentialAction":[{"@type":"SearchAction","target":{"@type":"EntryPoint","urlTemplate":"https:\/\/akantmeble.pl\/detal\/?s={search_term_string}"},"query-input":{"@type":"PropertyValueSpecification","valueRequired":true,"valueName":"search_term_string"}}],"inLanguage":"pl-PL"}]}},"_links":{"self":[{"href":"https:\/\/akantmeble.pl\/detal\/wp-json\/wp\/v2\/product\/1365","targetHints":{"allow":["GET"]}}],"collection":[{"href":"https:\/\/akantmeble.pl\/detal\/wp-json\/wp\/v2\/product"}],"about":[{"href":"https:\/\/akantmeble.pl\/detal\/wp-json\/wp\/v2\/types\/product"}],"replies":[{"embeddable":true,"href":"https:\/\/akantmeble.pl\/detal\/wp-json\/wp\/v2\/comments?post=1365"}],"wp:featuredmedia":[{"embeddable":true,"href":"https:\/\/akantmeble.pl\/detal\/wp-json\/wp\/v2\/media\/3081"}],"wp:attachment":[{"href":"https:\/\/akantmeble.pl\/detal\/wp-json\/wp\/v2\/media?parent=1365"}],"wp:term":[{"taxonomy":"product_brand","embeddable":true,"href":"https:\/\/akantmeble.pl\/detal\/wp-json\/wp\/v2\/product_brand?post=1365"},{"taxonomy":"product_cat","embeddable":true,"href":"https:\/\/akantmeble.pl\/detal\/wp-json\/wp\/v2\/product_cat?post=1365"},{"taxonomy":"product_tag","embeddable":true,"href":"https:\/\/akantmeble.pl\/detal\/wp-json\/wp\/v2\/product_tag?post=1365"}],"curies":[{"name":"wp","href":"https:\/\/api.w.org\/{rel}","templated":true}]}}