{"id":1384,"date":"2023-02-13T20:23:00","date_gmt":"2023-02-13T19:23:00","guid":{"rendered":"https:\/\/akantmeble.pl\/?post_type=product&#038;p=1384"},"modified":"2026-01-06T18:52:51","modified_gmt":"2026-01-06T17:52:51","slug":"konsola-glomour-ludwik-lk006","status":"publish","type":"product","link":"https:\/\/akantmeble.pl\/detal\/produkt\/konsola-glomour-ludwik-lk006\/","title":{"rendered":"Konsola glamour Ludwik"},"content":{"rendered":"<h2 data-start=\"172\" data-end=\"253\">Konsola glamour z jedn\u0105 szuflad\u0105 \u2013 w\u0105ska konsola do przedpokoju, wysoki po\u0142ysk<\/h2>\n<p data-start=\"255\" data-end=\"709\">Elegancka <strong data-start=\"265\" data-end=\"301\">konsola glamour z jedn\u0105 szuflad\u0105<\/strong> to idealny wyb\u00f3r do nowoczesnych i klasycznych wn\u0119trz, w kt\u00f3rych liczy si\u0119 styl, funkcjonalno\u015b\u0107 i oszcz\u0119dno\u015b\u0107 miejsca. Smuk\u0142a konstrukcja sprawia, \u017ce jest to <strong data-start=\"460\" data-end=\"492\">w\u0105ska konsola do przedpokoju<\/strong>, doskonale sprawdzaj\u0105ca si\u0119 nawet w niewielkich holach i korytarzach. Wyko\u0144czenie w <strong data-start=\"577\" data-end=\"596\">wysokim po\u0142ysku<\/strong> oraz delikatnie profilowane, gi\u0119te nogi nadaj\u0105 meblowi luksusowego charakteru inspirowanego stylem <strong data-start=\"696\" data-end=\"708\">Art D\u00e9co<\/strong>.<\/p>\n<p data-start=\"711\" data-end=\"1041\">Model wyposa\u017cony jest w <strong data-start=\"735\" data-end=\"761\">jedn\u0105 pojemn\u0105 szuflad\u0119<\/strong>, idealn\u0105 do przechowywania kluczy, dokument\u00f3w, telefonu czy drobnych akcesori\u00f3w. Dzi\u0119ki temu konsola \u0142\u0105czy funkcj\u0119 dekoracyjn\u0105 z praktycznym zastosowaniem. Doskonale sprawdzi si\u0119 jako <strong data-start=\"946\" data-end=\"972\">konsola do przedpokoju<\/strong>, ale r\u00f3wnie\u017c jako elegancki mebel pomocniczy do salonu lub sypialni.<\/p>\n<p data-start=\"1043\" data-end=\"1311\">Konsola wykonywana jest <strong data-start=\"1067\" data-end=\"1131\">na indywidualny wymiar oraz w dowolnym kolorze i wyko\u0144czeniu<\/strong>, co pozwala perfekcyjnie dopasowa\u0107 j\u0105 do aran\u017cacji wn\u0119trza. To doskona\u0142y wyb\u00f3r dla os\u00f3b poszukuj\u0105cych <strong data-start=\"1234\" data-end=\"1269\">konsoli na wymiar od producenta<\/strong>, wykonanej z dba\u0142o\u015bci\u0105 o detale i jako\u015b\u0107.<\/p>\n<hr data-start=\"1313\" data-end=\"1316\" \/>\n<h2 data-start=\"1318\" data-end=\"1362\">Dlaczego warto wybra\u0107 t\u0119 konsol\u0119 glamour?<\/h2>\n<ul data-start=\"1363\" data-end=\"1728\">\n<li data-start=\"1363\" data-end=\"1427\">\n<p data-start=\"1365\" data-end=\"1427\">w\u0105ska konsola do przedpokoju \u2013 idealna do ma\u0142ych przestrzeni<\/p>\n<\/li>\n<li data-start=\"1428\" data-end=\"1466\">\n<p data-start=\"1430\" data-end=\"1466\">styl glamour z elementami Art D\u00e9co<\/p>\n<\/li>\n<li data-start=\"1467\" data-end=\"1493\">\n<p data-start=\"1469\" data-end=\"1493\"><strong data-start=\"1469\" data-end=\"1491\">1 pojemna szuflada<\/strong><\/p>\n<\/li>\n<li data-start=\"1494\" data-end=\"1538\">\n<p data-start=\"1496\" data-end=\"1538\">eleganckie wyko\u0144czenie w wysokim po\u0142ysku<\/p>\n<\/li>\n<li data-start=\"1539\" data-end=\"1579\">\n<p data-start=\"1541\" data-end=\"1579\">smuk\u0142e, gi\u0119te nogi nadaj\u0105ce lekko\u015bci<\/p>\n<\/li>\n<li data-start=\"1580\" data-end=\"1625\">\n<p data-start=\"1582\" data-end=\"1625\">mo\u017cliwo\u015b\u0107 wykonania <strong data-start=\"1602\" data-end=\"1623\">konsoli na wymiar<\/strong><\/p>\n<\/li>\n<li data-start=\"1626\" data-end=\"1657\">\n<p data-start=\"1628\" data-end=\"1657\">dowolny kolor i wyko\u0144czenie<\/p>\n<\/li>\n<li data-start=\"1658\" data-end=\"1691\">\n<p data-start=\"1660\" data-end=\"1691\">solidna, stabilna konstrukcja<\/p>\n<\/li>\n<li data-start=\"1692\" data-end=\"1728\">\n<p data-start=\"1694\" data-end=\"1728\">produkt wykonywany na zam\u00f3wienie<\/p>\n<\/li>\n<\/ul>\n<hr data-start=\"1730\" data-end=\"1733\" \/>\n<h2 data-start=\"1735\" data-end=\"1750\">Zastosowanie<\/h2>\n<ul data-start=\"1751\" data-end=\"1855\">\n<li data-start=\"1751\" data-end=\"1765\">\n<p data-start=\"1753\" data-end=\"1765\">przedpok\u00f3j<\/p>\n<\/li>\n<li data-start=\"1766\" data-end=\"1773\">\n<p data-start=\"1768\" data-end=\"1773\">hol<\/p>\n<\/li>\n<li data-start=\"1774\" data-end=\"1783\">\n<p data-start=\"1776\" data-end=\"1783\">salon<\/p>\n<\/li>\n<li data-start=\"1784\" data-end=\"1797\">\n<p data-start=\"1786\" data-end=\"1797\">sypialnia<\/p>\n<\/li>\n<li data-start=\"1798\" data-end=\"1831\">\n<p data-start=\"1800\" data-end=\"1831\">apartamenty i wn\u0119trza premium<\/p>\n<\/li>\n<li data-start=\"1832\" data-end=\"1855\">\n<p data-start=\"1834\" data-end=\"1855\">hotele i inwestycje<\/p>\n<\/li>\n<\/ul>\n<hr data-start=\"1857\" data-end=\"1860\" \/>\n<h2 data-start=\"1862\" data-end=\"1899\">Najcz\u0119\u015bciej zadawane pytania (FAQ)<\/h2>\n<p data-start=\"1901\" data-end=\"2040\"><strong data-start=\"1901\" data-end=\"1945\">Czy konsola mo\u017ce by\u0107 wykonana na wymiar?<\/strong><br data-start=\"1945\" data-end=\"1948\" \/>Tak, wykonujemy konsol\u0119 na indywidualny wymiar, dopasowany do potrzeb i przestrzeni klienta.<\/p>\n<p data-start=\"2042\" data-end=\"2166\"><strong data-start=\"2042\" data-end=\"2074\">Czy dost\u0119pne s\u0105 inne kolory?<\/strong><br data-start=\"2074\" data-end=\"2077\" \/>Tak, konsola mo\u017ce zosta\u0107 wykonana w dowolnym kolorze oraz r\u00f3\u017cnych wariantach wyko\u0144czenia.<\/p>\n<p data-start=\"2168\" data-end=\"2299\"><strong data-start=\"2168\" data-end=\"2219\">Czy konsola nadaje si\u0119 do w\u0105skiego przedpokoju?<\/strong><br data-start=\"2219\" data-end=\"2222\" \/>Tak, smuk\u0142a forma sprawia, \u017ce jest to idealna konsola do w\u0105skich przestrzeni.<\/p>\n","protected":false},"excerpt":{"rendered":"<p>Konsola glamour<\/p>\n","protected":false},"featured_media":1390,"comment_status":"open","ping_status":"closed","template":"","meta":[],"product_brand":[],"product_cat":[274],"product_tag":[137,131,129],"class_list":{"0":"post-1384","1":"product","2":"type-product","3":"status-publish","4":"has-post-thumbnail","6":"product_cat-konsole","7":"product_tag-czarny-stolik","8":"product_tag-ekskluzywne-wnetrza","9":"product_tag-luksusowe-meble","10":"product_shipping_class-medium-160zl","11":"pa_styl-ludwik","13":"first","14":"instock","15":"featured","16":"shipping-taxable","17":"purchasable","18":"product-type-variable"},"yoast_head":"<!-- This site is optimized with the Yoast SEO plugin v27.5 - https:\/\/yoast.com\/product\/yoast-seo-wordpress\/ -->\n<title>Konsola glamour Ludwik - Akant Meble exclusive furniture<\/title>\n<meta name=\"description\" content=\"Konsola pod umywalk\u0119 w stylu glamour. Mebel klasy premium. Szuflada wykonana w spos\u00f3b tradycyjny. Lakier o podwy\u017cszonej twardo\u015bci, odporny na wilgo\u0107\" \/>\n<meta name=\"robots\" content=\"index, follow, max-snippet:-1, max-image-preview:large, max-video-preview:-1\" \/>\n<link rel=\"canonical\" href=\"https:\/\/akantmeble.pl\/detal\/produkt\/konsola-glomour-ludwik-lk006\/\" \/>\n<meta property=\"og:locale\" content=\"pl_PL\" \/>\n<meta property=\"og:type\" content=\"article\" \/>\n<meta property=\"og:title\" content=\"Konsola glamour Ludwik - Akant Meble exclusive furniture\" \/>\n<meta property=\"og:description\" content=\"Konsola pod umywalk\u0119 w stylu glamour. Mebel klasy premium. Szuflada wykonana w spos\u00f3b tradycyjny. Lakier o podwy\u017cszonej twardo\u015bci, odporny na wilgo\u0107\" \/>\n<meta property=\"og:url\" content=\"https:\/\/akantmeble.pl\/detal\/produkt\/konsola-glomour-ludwik-lk006\/\" \/>\n<meta property=\"og:site_name\" content=\"Akant Meble exclusive furniture\" \/>\n<meta property=\"article:modified_time\" content=\"2026-01-06T17:52:51+00:00\" \/>\n<meta property=\"og:image\" content=\"https:\/\/akantmeble.pl\/detal\/wp-content\/uploads\/2023\/02\/konsola-glamour-8.jpg\" \/>\n\t<meta property=\"og:image:width\" content=\"1536\" \/>\n\t<meta property=\"og:image:height\" content=\"2048\" \/>\n\t<meta property=\"og:image:type\" content=\"image\/jpeg\" \/>\n<meta name=\"twitter:card\" content=\"summary_large_image\" \/>\n<meta name=\"twitter:label1\" content=\"Szacowany czas czytania\" \/>\n\t<meta name=\"twitter:data1\" content=\"2 minuty\" \/>\n<script type=\"application\/ld+json\" class=\"yoast-schema-graph\">{\"@context\":\"https:\\\/\\\/schema.org\",\"@graph\":[{\"@type\":\"WebPage\",\"@id\":\"https:\\\/\\\/akantmeble.pl\\\/detal\\\/produkt\\\/konsola-glomour-ludwik-lk006\\\/\",\"url\":\"https:\\\/\\\/akantmeble.pl\\\/detal\\\/produkt\\\/konsola-glomour-ludwik-lk006\\\/\",\"name\":\"Konsola glamour Ludwik - Akant Meble exclusive furniture\",\"isPartOf\":{\"@id\":\"https:\\\/\\\/akantmeble.pl\\\/detal\\\/#website\"},\"primaryImageOfPage\":{\"@id\":\"https:\\\/\\\/akantmeble.pl\\\/detal\\\/produkt\\\/konsola-glomour-ludwik-lk006\\\/#primaryimage\"},\"image\":{\"@id\":\"https:\\\/\\\/akantmeble.pl\\\/detal\\\/produkt\\\/konsola-glomour-ludwik-lk006\\\/#primaryimage\"},\"thumbnailUrl\":\"https:\\\/\\\/akantmeble.pl\\\/detal\\\/wp-content\\\/uploads\\\/2023\\\/02\\\/konsola-glamour-8.jpg\",\"datePublished\":\"2023-02-13T19:23:00+00:00\",\"dateModified\":\"2026-01-06T17:52:51+00:00\",\"description\":\"Konsola pod umywalk\u0119 w stylu glamour. Mebel klasy premium. Szuflada wykonana w spos\u00f3b tradycyjny. Lakier o podwy\u017cszonej twardo\u015bci, odporny na wilgo\u0107\",\"breadcrumb\":{\"@id\":\"https:\\\/\\\/akantmeble.pl\\\/detal\\\/produkt\\\/konsola-glomour-ludwik-lk006\\\/#breadcrumb\"},\"inLanguage\":\"pl-PL\",\"potentialAction\":[{\"@type\":\"ReadAction\",\"target\":[\"https:\\\/\\\/akantmeble.pl\\\/detal\\\/produkt\\\/konsola-glomour-ludwik-lk006\\\/\"]}]},{\"@type\":\"ImageObject\",\"inLanguage\":\"pl-PL\",\"@id\":\"https:\\\/\\\/akantmeble.pl\\\/detal\\\/produkt\\\/konsola-glomour-ludwik-lk006\\\/#primaryimage\",\"url\":\"https:\\\/\\\/akantmeble.pl\\\/detal\\\/wp-content\\\/uploads\\\/2023\\\/02\\\/konsola-glamour-8.jpg\",\"contentUrl\":\"https:\\\/\\\/akantmeble.pl\\\/detal\\\/wp-content\\\/uploads\\\/2023\\\/02\\\/konsola-glamour-8.jpg\",\"width\":1536,\"height\":2048},{\"@type\":\"BreadcrumbList\",\"@id\":\"https:\\\/\\\/akantmeble.pl\\\/detal\\\/produkt\\\/konsola-glomour-ludwik-lk006\\\/#breadcrumb\",\"itemListElement\":[{\"@type\":\"ListItem\",\"position\":1,\"name\":\"Strona g\u0142\u00f3wna\",\"item\":\"https:\\\/\\\/akantmeble.pl\\\/detal\\\/\"},{\"@type\":\"ListItem\",\"position\":2,\"name\":\"Sklep\",\"item\":\"https:\\\/\\\/akantmeble.pl\\\/detal\\\/sklep\\\/\"},{\"@type\":\"ListItem\",\"position\":3,\"name\":\"Konsola glamour Ludwik\"}]},{\"@type\":\"WebSite\",\"@id\":\"https:\\\/\\\/akantmeble.pl\\\/detal\\\/#website\",\"url\":\"https:\\\/\\\/akantmeble.pl\\\/detal\\\/\",\"name\":\"Akant Meble exclusive furniture\",\"description\":\"\",\"potentialAction\":[{\"@type\":\"SearchAction\",\"target\":{\"@type\":\"EntryPoint\",\"urlTemplate\":\"https:\\\/\\\/akantmeble.pl\\\/detal\\\/?s={search_term_string}\"},\"query-input\":{\"@type\":\"PropertyValueSpecification\",\"valueRequired\":true,\"valueName\":\"search_term_string\"}}],\"inLanguage\":\"pl-PL\"}]}<\/script>\n<!-- \/ Yoast SEO plugin. -->","yoast_head_json":{"title":"Konsola glamour Ludwik - Akant Meble exclusive furniture","description":"Konsola pod umywalk\u0119 w stylu glamour. Mebel klasy premium. Szuflada wykonana w spos\u00f3b tradycyjny. Lakier o podwy\u017cszonej twardo\u015bci, odporny na wilgo\u0107","robots":{"index":"index","follow":"follow","max-snippet":"max-snippet:-1","max-image-preview":"max-image-preview:large","max-video-preview":"max-video-preview:-1"},"canonical":"https:\/\/akantmeble.pl\/detal\/produkt\/konsola-glomour-ludwik-lk006\/","og_locale":"pl_PL","og_type":"article","og_title":"Konsola glamour Ludwik - Akant Meble exclusive furniture","og_description":"Konsola pod umywalk\u0119 w stylu glamour. Mebel klasy premium. Szuflada wykonana w spos\u00f3b tradycyjny. Lakier o podwy\u017cszonej twardo\u015bci, odporny na wilgo\u0107","og_url":"https:\/\/akantmeble.pl\/detal\/produkt\/konsola-glomour-ludwik-lk006\/","og_site_name":"Akant Meble exclusive furniture","article_modified_time":"2026-01-06T17:52:51+00:00","og_image":[{"width":1536,"height":2048,"url":"https:\/\/akantmeble.pl\/detal\/wp-content\/uploads\/2023\/02\/konsola-glamour-8.jpg","type":"image\/jpeg"}],"twitter_card":"summary_large_image","twitter_misc":{"Szacowany czas czytania":"2 minuty"},"schema":{"@context":"https:\/\/schema.org","@graph":[{"@type":"WebPage","@id":"https:\/\/akantmeble.pl\/detal\/produkt\/konsola-glomour-ludwik-lk006\/","url":"https:\/\/akantmeble.pl\/detal\/produkt\/konsola-glomour-ludwik-lk006\/","name":"Konsola glamour Ludwik - Akant Meble exclusive furniture","isPartOf":{"@id":"https:\/\/akantmeble.pl\/detal\/#website"},"primaryImageOfPage":{"@id":"https:\/\/akantmeble.pl\/detal\/produkt\/konsola-glomour-ludwik-lk006\/#primaryimage"},"image":{"@id":"https:\/\/akantmeble.pl\/detal\/produkt\/konsola-glomour-ludwik-lk006\/#primaryimage"},"thumbnailUrl":"https:\/\/akantmeble.pl\/detal\/wp-content\/uploads\/2023\/02\/konsola-glamour-8.jpg","datePublished":"2023-02-13T19:23:00+00:00","dateModified":"2026-01-06T17:52:51+00:00","description":"Konsola pod umywalk\u0119 w stylu glamour. Mebel klasy premium. Szuflada wykonana w spos\u00f3b tradycyjny. Lakier o podwy\u017cszonej twardo\u015bci, odporny na wilgo\u0107","breadcrumb":{"@id":"https:\/\/akantmeble.pl\/detal\/produkt\/konsola-glomour-ludwik-lk006\/#breadcrumb"},"inLanguage":"pl-PL","potentialAction":[{"@type":"ReadAction","target":["https:\/\/akantmeble.pl\/detal\/produkt\/konsola-glomour-ludwik-lk006\/"]}]},{"@type":"ImageObject","inLanguage":"pl-PL","@id":"https:\/\/akantmeble.pl\/detal\/produkt\/konsola-glomour-ludwik-lk006\/#primaryimage","url":"https:\/\/akantmeble.pl\/detal\/wp-content\/uploads\/2023\/02\/konsola-glamour-8.jpg","contentUrl":"https:\/\/akantmeble.pl\/detal\/wp-content\/uploads\/2023\/02\/konsola-glamour-8.jpg","width":1536,"height":2048},{"@type":"BreadcrumbList","@id":"https:\/\/akantmeble.pl\/detal\/produkt\/konsola-glomour-ludwik-lk006\/#breadcrumb","itemListElement":[{"@type":"ListItem","position":1,"name":"Strona g\u0142\u00f3wna","item":"https:\/\/akantmeble.pl\/detal\/"},{"@type":"ListItem","position":2,"name":"Sklep","item":"https:\/\/akantmeble.pl\/detal\/sklep\/"},{"@type":"ListItem","position":3,"name":"Konsola glamour Ludwik"}]},{"@type":"WebSite","@id":"https:\/\/akantmeble.pl\/detal\/#website","url":"https:\/\/akantmeble.pl\/detal\/","name":"Akant Meble exclusive furniture","description":"","potentialAction":[{"@type":"SearchAction","target":{"@type":"EntryPoint","urlTemplate":"https:\/\/akantmeble.pl\/detal\/?s={search_term_string}"},"query-input":{"@type":"PropertyValueSpecification","valueRequired":true,"valueName":"search_term_string"}}],"inLanguage":"pl-PL"}]}},"_links":{"self":[{"href":"https:\/\/akantmeble.pl\/detal\/wp-json\/wp\/v2\/product\/1384","targetHints":{"allow":["GET"]}}],"collection":[{"href":"https:\/\/akantmeble.pl\/detal\/wp-json\/wp\/v2\/product"}],"about":[{"href":"https:\/\/akantmeble.pl\/detal\/wp-json\/wp\/v2\/types\/product"}],"replies":[{"embeddable":true,"href":"https:\/\/akantmeble.pl\/detal\/wp-json\/wp\/v2\/comments?post=1384"}],"wp:featuredmedia":[{"embeddable":true,"href":"https:\/\/akantmeble.pl\/detal\/wp-json\/wp\/v2\/media\/1390"}],"wp:attachment":[{"href":"https:\/\/akantmeble.pl\/detal\/wp-json\/wp\/v2\/media?parent=1384"}],"wp:term":[{"taxonomy":"product_brand","embeddable":true,"href":"https:\/\/akantmeble.pl\/detal\/wp-json\/wp\/v2\/product_brand?post=1384"},{"taxonomy":"product_cat","embeddable":true,"href":"https:\/\/akantmeble.pl\/detal\/wp-json\/wp\/v2\/product_cat?post=1384"},{"taxonomy":"product_tag","embeddable":true,"href":"https:\/\/akantmeble.pl\/detal\/wp-json\/wp\/v2\/product_tag?post=1384"}],"curies":[{"name":"wp","href":"https:\/\/api.w.org\/{rel}","templated":true}]}}