{"id":3513,"date":"2026-03-29T21:17:59","date_gmt":"2026-03-29T19:17:59","guid":{"rendered":"https:\/\/akantmeble.pl\/detal\/?post_type=product&#038;p=3513"},"modified":"2026-03-29T21:26:23","modified_gmt":"2026-03-29T19:26:23","slug":"debowy-stol-comero","status":"publish","type":"product","link":"https:\/\/akantmeble.pl\/detal\/produkt\/debowy-stol-comero\/","title":{"rendered":"D\u0118BOWY st\u00f3\u0142 COMERO"},"content":{"rendered":"<h3 data-start=\"78\" data-end=\"141\">St\u00f3\u0142 jadalniany\u00a0 <span role=\"text\"><strong data-start=\"138\" data-end=\"148\">COMERO<\/strong><\/span><\/h3>\n<h3 data-start=\"78\" data-end=\"141\">\u00a0 \u2013 nowoczesna elegancja<\/h3>\n<p data-start=\"149\" data-end=\"192\"><em data-start=\"149\" data-end=\"192\">St\u00f3\u0142, kt\u00f3ry definiuje spok\u00f3j przestrzeni.<\/em><\/p>\n<p data-start=\"194\" data-end=\"417\">Comero powsta\u0142 z my\u015bl\u0105 o wn\u0119trzach, w kt\u00f3rych liczy si\u0119 r\u00f3wnowaga \u2014 mi\u0119dzy form\u0105 a funkcj\u0105, natur\u0105 a nowoczesno\u015bci\u0105. Jego mi\u0119kka, owalna linia \u0142agodzi przestrze\u0144, tworz\u0105c miejsce spotka\u0144, kt\u00f3re sprzyja rozmowie i obecno\u015bci.<\/p>\n<p data-start=\"419\" data-end=\"608\">Monolityczne podstawy nadaj\u0105 mu stabilno\u015b\u0107 i charakter, podczas gdy naturalne us\u0142ojenie drewna wnosi ciep\u0142o i autentyczno\u015b\u0107. Ka\u017cdy egzemplarz jest unikalny \u2014 jak wn\u0119trze, do kt\u00f3rego trafia.<\/p>\n<p data-start=\"610\" data-end=\"655\">To nie tylko st\u00f3\u0142.<br data-start=\"628\" data-end=\"631\" \/>To centrum codzienno\u015bci.<\/p>\n<p data-start=\"657\" data-end=\"698\"><strong data-start=\"657\" data-end=\"698\">Comero \u2014 harmonia zamkni\u0119ta w formie.<\/strong><\/p>\n<p>&nbsp;<\/p>\n<p data-start=\"143\" data-end=\"418\">Ten wyj\u0105tkowy st\u00f3\u0142 to po\u0142\u0105czenie <strong data-start=\"176\" data-end=\"225\">nowoczesnego minimalizmu z subteln\u0105 elegancj\u0105<\/strong>. Prosta, prostok\u0105tna forma blatu doskonale kontrastuje z masywn\u0105, dekoracyjn\u0105 podstaw\u0105.<\/p>\n<p data-start=\"420\" data-end=\"690\">D\u0119bowy blat w jednolitym wyko\u0144czeniu prezentuje si\u0119 niezwykle czysto i nowocze\u015bnie, dzi\u0119ki czemu st\u00f3\u0142 idealnie wpisuje si\u0119 zar\u00f3wno w <strong data-start=\"554\" data-end=\"607\">wn\u0119trza modern,\u00a0 japandi, jak i soft loft<\/strong>. Zaokr\u0105glone naro\u017cniki dodaj\u0105 lekko\u015bci i podnosz\u0105 komfort codziennego u\u017cytkowania.<\/p>\n<p data-start=\"692\" data-end=\"877\">Solidna podstawa zapewnia doskona\u0142\u0105 stabilno\u015b\u0107, a forma sto\u0142u sprawia, \u017ce st\u00f3\u0142 staje si\u0119 <strong data-start=\"791\" data-end=\"821\">centralnym punktem wn\u0119trza<\/strong>, przyci\u0105gaj\u0105c wzrok i podkre\u015blaj\u0105c presti\u017c przestrzeni.<\/p>\n<p data-start=\"879\" data-end=\"894\"><strong data-start=\"879\" data-end=\"894\">Idealny do:<\/strong><\/p>\n<ul data-start=\"895\" data-end=\"998\">\n<li data-start=\"895\" data-end=\"904\">\n<p data-start=\"897\" data-end=\"904\">jadalni<\/p>\n<\/li>\n<li data-start=\"905\" data-end=\"923\">\n<p data-start=\"907\" data-end=\"923\">salonu z aneksem<\/p>\n<\/li>\n<li data-start=\"924\" data-end=\"950\">\n<p data-start=\"926\" data-end=\"950\">eleganckich apartament\u00f3w<\/p>\n<\/li>\n<li data-start=\"951\" data-end=\"998\">\n<p data-start=\"953\" data-end=\"998\">wn\u0119trz premium i projekt\u00f3w architektonicznych<\/p>\n<\/li>\n<\/ul>\n<p data-start=\"1000\" data-end=\"1019\"><strong data-start=\"1000\" data-end=\"1019\">Cechy produktu:<\/strong><\/p>\n<ul data-start=\"1020\" data-end=\"1223\">\n<li data-start=\"1089\" data-end=\"1123\">\n<p data-start=\"1091\" data-end=\"1123\">stabilna i masywna konstrukcja<\/p>\n<\/li>\n<li data-start=\"1124\" data-end=\"1155\">\n<p data-start=\"1126\" data-end=\"1155\">zaokr\u0105glone kraw\u0119dzie blatu<\/p>\n<\/li>\n<li data-start=\"1156\" data-end=\"1223\">\n<p data-start=\"1158\" data-end=\"1223\">mo\u017cliwo\u015b\u0107 wykonania na wymiar i w innych kolorach (na zam\u00f3wienie)<\/p>\n<\/li>\n<\/ul>\n<p>&nbsp;<\/p>\n<p>&nbsp;<\/p>\n<h2 data-start=\"1175\" data-end=\"1215\">Najcz\u0119\u015bciej zadawane pytania:<\/h2>\n<h3 data-start=\"1217\" data-end=\"1254\">Czy st\u00f3\u0142 mo\u017cna wykona\u0107 na wymiar?<\/h3>\n<p data-start=\"1255\" data-end=\"1384\">Tak, wykonujemy st\u00f3\u0142 na indywidualne zam\u00f3wienie \u2013 istnieje mo\u017cliwo\u015b\u0107 dopasowania <strong data-start=\"1336\" data-end=\"1383\">d\u0142ugo\u015bci, szeroko\u015bci, wysoko\u015bci oraz koloru<\/strong>.<\/p>\n<h3 data-start=\"1592\" data-end=\"1633\">Czy podstawa jest stabilna?<\/h3>\n<p data-start=\"1634\" data-end=\"1742\">Tak. Masywna,\u00a0 podstawa zapewnia <strong data-start=\"1675\" data-end=\"1703\">bardzo wysok\u0105 stabilno\u015b\u0107<\/strong>, nawet przy wi\u0119kszych wymiarach blatu.<\/p>\n<h3 data-start=\"1900\" data-end=\"1951\">Czy st\u00f3\u0142 nadaje si\u0119 do codziennego u\u017cytkowania?<\/h3>\n<p data-start=\"1952\" data-end=\"2094\">Tak, st\u00f3\u0142 jest przeznaczony do <strong data-start=\"1983\" data-end=\"2010\">codziennego u\u017cytkowania<\/strong> \u2013 powierzchnia blatu jest \u0142atwa w czyszczeniu i odporna na standardowe zabrudzenia.<\/p>\n<h3 data-start=\"2230\" data-end=\"2259\">Czy oferujecie transport?<\/h3>\n<p data-start=\"2260\" data-end=\"2365\">Tak, zapewniamy <strong data-start=\"2276\" data-end=\"2324\">bezpieczny transport na terenie ca\u0142ej Polski.<\/strong><\/p>\n<p data-start=\"2396\" data-end=\"2512\">\n","protected":false},"excerpt":{"rendered":"<p>D\u0119bowy st\u00f3\u0142 jadalniany\u00a0 \u2013 rustykalny st\u00f3\u0142 premium<\/p>\n","protected":false},"featured_media":3530,"comment_status":"open","ping_status":"closed","template":"","meta":[],"product_brand":[],"product_cat":[273],"product_tag":[346,297,293],"class_list":{"0":"post-3513","1":"product","2":"type-product","3":"status-publish","4":"has-post-thumbnail","6":"product_cat-stoly","7":"product_tag-debowy-stol","8":"product_tag-stol-debowy-rozkladany","9":"product_tag-stol-jadalniany-premium","10":"product_shipping_class-xl-480zl","11":"pa_styl-rustykalny","13":"first","14":"instock","15":"featured","16":"shipping-taxable","17":"purchasable","18":"product-type-variable"},"yoast_head":"<!-- This site is optimized with the Yoast SEO plugin v27.5 - https:\/\/yoast.com\/product\/yoast-seo-wordpress\/ -->\n<title>D\u0118BOWY st\u00f3\u0142 COMERO - Akant Meble exclusive furniture<\/title>\n<meta name=\"description\" content=\"St\u00f3\u0142 w stylu rustyklanym. Mebel klasy premium. Lakier o podwy\u017cszonej twardo\u015bci, odporny na wilgo\u0107, mo\u017cliwo\u015b\u0107 wykonania w dowolnym kolorze. Istnieje mo\u017cliwo\u015b\u0107 zrobienia pod wymiar.\" \/>\n<meta name=\"robots\" content=\"index, follow, max-snippet:-1, max-image-preview:large, max-video-preview:-1\" \/>\n<link rel=\"canonical\" href=\"https:\/\/akantmeble.pl\/detal\/produkt\/debowy-stol-comero\/\" \/>\n<meta property=\"og:locale\" content=\"pl_PL\" \/>\n<meta property=\"og:type\" content=\"article\" \/>\n<meta property=\"og:title\" content=\"D\u0118BOWY st\u00f3\u0142 COMERO - Akant Meble exclusive furniture\" \/>\n<meta property=\"og:description\" content=\"St\u00f3\u0142 w stylu rustyklanym. Mebel klasy premium. Lakier o podwy\u017cszonej twardo\u015bci, odporny na wilgo\u0107, mo\u017cliwo\u015b\u0107 wykonania w dowolnym kolorze. Istnieje mo\u017cliwo\u015b\u0107 zrobienia pod wymiar.\" \/>\n<meta property=\"og:url\" content=\"https:\/\/akantmeble.pl\/detal\/produkt\/debowy-stol-comero\/\" \/>\n<meta property=\"og:site_name\" content=\"Akant Meble exclusive furniture\" \/>\n<meta property=\"article:modified_time\" content=\"2026-03-29T19:26:23+00:00\" \/>\n<meta property=\"og:image\" content=\"https:\/\/akantmeble.pl\/detal\/wp-content\/uploads\/2026\/03\/debowy-stol-1-1-683x1024.png\" \/>\n\t<meta property=\"og:image:width\" content=\"683\" \/>\n\t<meta property=\"og:image:height\" content=\"1024\" \/>\n\t<meta property=\"og:image:type\" content=\"image\/png\" \/>\n<meta name=\"twitter:card\" content=\"summary_large_image\" \/>\n<meta name=\"twitter:label1\" content=\"Szacowany czas czytania\" \/>\n\t<meta name=\"twitter:data1\" content=\"2 minuty\" \/>\n<script type=\"application\/ld+json\" class=\"yoast-schema-graph\">{\"@context\":\"https:\\\/\\\/schema.org\",\"@graph\":[{\"@type\":\"WebPage\",\"@id\":\"https:\\\/\\\/akantmeble.pl\\\/detal\\\/produkt\\\/debowy-stol-comero\\\/\",\"url\":\"https:\\\/\\\/akantmeble.pl\\\/detal\\\/produkt\\\/debowy-stol-comero\\\/\",\"name\":\"D\u0118BOWY st\u00f3\u0142 COMERO - Akant Meble exclusive furniture\",\"isPartOf\":{\"@id\":\"https:\\\/\\\/akantmeble.pl\\\/detal\\\/#website\"},\"primaryImageOfPage\":{\"@id\":\"https:\\\/\\\/akantmeble.pl\\\/detal\\\/produkt\\\/debowy-stol-comero\\\/#primaryimage\"},\"image\":{\"@id\":\"https:\\\/\\\/akantmeble.pl\\\/detal\\\/produkt\\\/debowy-stol-comero\\\/#primaryimage\"},\"thumbnailUrl\":\"https:\\\/\\\/akantmeble.pl\\\/detal\\\/wp-content\\\/uploads\\\/2026\\\/03\\\/debowy-stol-1-1.png\",\"datePublished\":\"2026-03-29T19:17:59+00:00\",\"dateModified\":\"2026-03-29T19:26:23+00:00\",\"description\":\"St\u00f3\u0142 w stylu rustyklanym. Mebel klasy premium. Lakier o podwy\u017cszonej twardo\u015bci, odporny na wilgo\u0107, mo\u017cliwo\u015b\u0107 wykonania w dowolnym kolorze. Istnieje mo\u017cliwo\u015b\u0107 zrobienia pod wymiar.\",\"breadcrumb\":{\"@id\":\"https:\\\/\\\/akantmeble.pl\\\/detal\\\/produkt\\\/debowy-stol-comero\\\/#breadcrumb\"},\"inLanguage\":\"pl-PL\",\"potentialAction\":[{\"@type\":\"ReadAction\",\"target\":[\"https:\\\/\\\/akantmeble.pl\\\/detal\\\/produkt\\\/debowy-stol-comero\\\/\"]}]},{\"@type\":\"ImageObject\",\"inLanguage\":\"pl-PL\",\"@id\":\"https:\\\/\\\/akantmeble.pl\\\/detal\\\/produkt\\\/debowy-stol-comero\\\/#primaryimage\",\"url\":\"https:\\\/\\\/akantmeble.pl\\\/detal\\\/wp-content\\\/uploads\\\/2026\\\/03\\\/debowy-stol-1-1.png\",\"contentUrl\":\"https:\\\/\\\/akantmeble.pl\\\/detal\\\/wp-content\\\/uploads\\\/2026\\\/03\\\/debowy-stol-1-1.png\",\"width\":1024,\"height\":1536},{\"@type\":\"BreadcrumbList\",\"@id\":\"https:\\\/\\\/akantmeble.pl\\\/detal\\\/produkt\\\/debowy-stol-comero\\\/#breadcrumb\",\"itemListElement\":[{\"@type\":\"ListItem\",\"position\":1,\"name\":\"Strona g\u0142\u00f3wna\",\"item\":\"https:\\\/\\\/akantmeble.pl\\\/detal\\\/\"},{\"@type\":\"ListItem\",\"position\":2,\"name\":\"Sklep\",\"item\":\"https:\\\/\\\/akantmeble.pl\\\/detal\\\/sklep\\\/\"},{\"@type\":\"ListItem\",\"position\":3,\"name\":\"D\u0118BOWY st\u00f3\u0142 COMERO\"}]},{\"@type\":\"WebSite\",\"@id\":\"https:\\\/\\\/akantmeble.pl\\\/detal\\\/#website\",\"url\":\"https:\\\/\\\/akantmeble.pl\\\/detal\\\/\",\"name\":\"Akant Meble exclusive furniture\",\"description\":\"\",\"potentialAction\":[{\"@type\":\"SearchAction\",\"target\":{\"@type\":\"EntryPoint\",\"urlTemplate\":\"https:\\\/\\\/akantmeble.pl\\\/detal\\\/?s={search_term_string}\"},\"query-input\":{\"@type\":\"PropertyValueSpecification\",\"valueRequired\":true,\"valueName\":\"search_term_string\"}}],\"inLanguage\":\"pl-PL\"}]}<\/script>\n<!-- \/ Yoast SEO plugin. -->","yoast_head_json":{"title":"D\u0118BOWY st\u00f3\u0142 COMERO - Akant Meble exclusive furniture","description":"St\u00f3\u0142 w stylu rustyklanym. Mebel klasy premium. Lakier o podwy\u017cszonej twardo\u015bci, odporny na wilgo\u0107, mo\u017cliwo\u015b\u0107 wykonania w dowolnym kolorze. Istnieje mo\u017cliwo\u015b\u0107 zrobienia pod wymiar.","robots":{"index":"index","follow":"follow","max-snippet":"max-snippet:-1","max-image-preview":"max-image-preview:large","max-video-preview":"max-video-preview:-1"},"canonical":"https:\/\/akantmeble.pl\/detal\/produkt\/debowy-stol-comero\/","og_locale":"pl_PL","og_type":"article","og_title":"D\u0118BOWY st\u00f3\u0142 COMERO - Akant Meble exclusive furniture","og_description":"St\u00f3\u0142 w stylu rustyklanym. Mebel klasy premium. Lakier o podwy\u017cszonej twardo\u015bci, odporny na wilgo\u0107, mo\u017cliwo\u015b\u0107 wykonania w dowolnym kolorze. Istnieje mo\u017cliwo\u015b\u0107 zrobienia pod wymiar.","og_url":"https:\/\/akantmeble.pl\/detal\/produkt\/debowy-stol-comero\/","og_site_name":"Akant Meble exclusive furniture","article_modified_time":"2026-03-29T19:26:23+00:00","og_image":[{"width":683,"height":1024,"url":"https:\/\/akantmeble.pl\/detal\/wp-content\/uploads\/2026\/03\/debowy-stol-1-1-683x1024.png","type":"image\/png"}],"twitter_card":"summary_large_image","twitter_misc":{"Szacowany czas czytania":"2 minuty"},"schema":{"@context":"https:\/\/schema.org","@graph":[{"@type":"WebPage","@id":"https:\/\/akantmeble.pl\/detal\/produkt\/debowy-stol-comero\/","url":"https:\/\/akantmeble.pl\/detal\/produkt\/debowy-stol-comero\/","name":"D\u0118BOWY st\u00f3\u0142 COMERO - Akant Meble exclusive furniture","isPartOf":{"@id":"https:\/\/akantmeble.pl\/detal\/#website"},"primaryImageOfPage":{"@id":"https:\/\/akantmeble.pl\/detal\/produkt\/debowy-stol-comero\/#primaryimage"},"image":{"@id":"https:\/\/akantmeble.pl\/detal\/produkt\/debowy-stol-comero\/#primaryimage"},"thumbnailUrl":"https:\/\/akantmeble.pl\/detal\/wp-content\/uploads\/2026\/03\/debowy-stol-1-1.png","datePublished":"2026-03-29T19:17:59+00:00","dateModified":"2026-03-29T19:26:23+00:00","description":"St\u00f3\u0142 w stylu rustyklanym. Mebel klasy premium. Lakier o podwy\u017cszonej twardo\u015bci, odporny na wilgo\u0107, mo\u017cliwo\u015b\u0107 wykonania w dowolnym kolorze. Istnieje mo\u017cliwo\u015b\u0107 zrobienia pod wymiar.","breadcrumb":{"@id":"https:\/\/akantmeble.pl\/detal\/produkt\/debowy-stol-comero\/#breadcrumb"},"inLanguage":"pl-PL","potentialAction":[{"@type":"ReadAction","target":["https:\/\/akantmeble.pl\/detal\/produkt\/debowy-stol-comero\/"]}]},{"@type":"ImageObject","inLanguage":"pl-PL","@id":"https:\/\/akantmeble.pl\/detal\/produkt\/debowy-stol-comero\/#primaryimage","url":"https:\/\/akantmeble.pl\/detal\/wp-content\/uploads\/2026\/03\/debowy-stol-1-1.png","contentUrl":"https:\/\/akantmeble.pl\/detal\/wp-content\/uploads\/2026\/03\/debowy-stol-1-1.png","width":1024,"height":1536},{"@type":"BreadcrumbList","@id":"https:\/\/akantmeble.pl\/detal\/produkt\/debowy-stol-comero\/#breadcrumb","itemListElement":[{"@type":"ListItem","position":1,"name":"Strona g\u0142\u00f3wna","item":"https:\/\/akantmeble.pl\/detal\/"},{"@type":"ListItem","position":2,"name":"Sklep","item":"https:\/\/akantmeble.pl\/detal\/sklep\/"},{"@type":"ListItem","position":3,"name":"D\u0118BOWY st\u00f3\u0142 COMERO"}]},{"@type":"WebSite","@id":"https:\/\/akantmeble.pl\/detal\/#website","url":"https:\/\/akantmeble.pl\/detal\/","name":"Akant Meble exclusive furniture","description":"","potentialAction":[{"@type":"SearchAction","target":{"@type":"EntryPoint","urlTemplate":"https:\/\/akantmeble.pl\/detal\/?s={search_term_string}"},"query-input":{"@type":"PropertyValueSpecification","valueRequired":true,"valueName":"search_term_string"}}],"inLanguage":"pl-PL"}]}},"_links":{"self":[{"href":"https:\/\/akantmeble.pl\/detal\/wp-json\/wp\/v2\/product\/3513","targetHints":{"allow":["GET"]}}],"collection":[{"href":"https:\/\/akantmeble.pl\/detal\/wp-json\/wp\/v2\/product"}],"about":[{"href":"https:\/\/akantmeble.pl\/detal\/wp-json\/wp\/v2\/types\/product"}],"replies":[{"embeddable":true,"href":"https:\/\/akantmeble.pl\/detal\/wp-json\/wp\/v2\/comments?post=3513"}],"wp:featuredmedia":[{"embeddable":true,"href":"https:\/\/akantmeble.pl\/detal\/wp-json\/wp\/v2\/media\/3530"}],"wp:attachment":[{"href":"https:\/\/akantmeble.pl\/detal\/wp-json\/wp\/v2\/media?parent=3513"}],"wp:term":[{"taxonomy":"product_brand","embeddable":true,"href":"https:\/\/akantmeble.pl\/detal\/wp-json\/wp\/v2\/product_brand?post=3513"},{"taxonomy":"product_cat","embeddable":true,"href":"https:\/\/akantmeble.pl\/detal\/wp-json\/wp\/v2\/product_cat?post=3513"},{"taxonomy":"product_tag","embeddable":true,"href":"https:\/\/akantmeble.pl\/detal\/wp-json\/wp\/v2\/product_tag?post=3513"}],"curies":[{"name":"wp","href":"https:\/\/api.w.org\/{rel}","templated":true}]}}