{"id":3543,"date":"2026-04-06T14:20:14","date_gmt":"2026-04-06T12:20:14","guid":{"rendered":"https:\/\/akantmeble.pl\/detal\/?post_type=product&#038;p=3543"},"modified":"2026-04-06T14:39:55","modified_gmt":"2026-04-06T12:39:55","slug":"debowy-stol-cone","status":"publish","type":"product","link":"https:\/\/akantmeble.pl\/detal\/produkt\/debowy-stol-cone\/","title":{"rendered":"D\u0118BOWY st\u00f3\u0142 CONE"},"content":{"rendered":"<h3 data-section-id=\"1rt3fa3\" data-start=\"0\" data-end=\"58\">St\u00f3\u0142 d\u0119bowy owalny na centralnej nodze\u00a0 \u00a0CONE<\/h3>\n<p data-start=\"60\" data-end=\"339\">Ten elegancki <strong data-start=\"74\" data-end=\"116\">owalny st\u00f3\u0142 d\u0119bowy na centralnej nodze<\/strong> to po\u0142\u0105czenie ponadczasowego minimalizmu, solidnego rzemios\u0142a i naturalnego pi\u0119kna drewna. Jego mi\u0119kka, owalna forma sprawia, \u017ce st\u00f3\u0142 wygl\u0105da lekko i harmonijnie, a jednocze\u015bnie pozostaje niezwykle stabilny i funkcjonalny.<\/p>\n<p data-start=\"341\" data-end=\"645\">Blat wykonany jest z wysokiej jako\u015bci <strong data-start=\"379\" data-end=\"405\">forniru d\u0119bowego<\/strong>, kt\u00f3ry wyr\u00f3\u017cnia si\u0119\u00a0 pi\u0119knym us\u0142ojeniem oraz naturalnym, ciep\u0142ym odcieniem. Charakterystyczna <strong data-start=\"511\" data-end=\"552\">masywna podstawa w formie jednej nogi<\/strong> zapewnia du\u017c\u0105 stabilno\u015b\u0107, a jednocze\u015bnie daje wi\u0119cej miejsca na krzes\u0142a i komfort siedzenia.<\/p>\n<p data-start=\"647\" data-end=\"837\">Dzi\u0119ki swojej formie st\u00f3\u0142 idealnie wpisuje si\u0119 w nowoczesne, minimalistyczne, skandynawskie oraz japandi wn\u0119trza. To doskona\u0142y wyb\u00f3r do jadalni, salonu czy eleganckiej przestrzeni kuchennej.<\/p>\n<p data-start=\"839\" data-end=\"991\">Ka\u017cdy st\u00f3\u0142 powstaje w naszej pracowni stolarskiej z dba\u0142o\u015bci\u0105 o detale i mo\u017ce by\u0107 wykonany <strong data-start=\"930\" data-end=\"956\">na indywidualny wymiar<\/strong>, dopasowany do Twojej przestrzeni.<\/p>\n<p data-start=\"993\" data-end=\"1017\"><strong data-start=\"993\" data-end=\"1017\">Najwa\u017cniejsze cechy:<\/strong><\/p>\n<ul data-start=\"1019\" data-end=\"1253\">\n<li data-section-id=\"m0tjqi\" data-start=\"1053\" data-end=\"1103\">owalny kszta\u0142t zapewniaj\u0105cy wygod\u0119 u\u017cytkowania<\/li>\n<li data-section-id=\"1jp7k3x\" data-start=\"1104\" data-end=\"1131\">stabilna centralna noga<\/li>\n<li data-section-id=\"556g8n\" data-start=\"1132\" data-end=\"1173\">minimalistyczny i ponadczasowy design<\/li>\n<li data-section-id=\"x4zuxn\" data-start=\"1174\" data-end=\"1203\">r\u0119czna produkcja w Polsce w naszej stolarni<\/li>\n<li data-section-id=\"1a4407p\" data-start=\"1204\" data-end=\"1253\">mo\u017cliwo\u015b\u0107 wykonania sto\u0142u <strong data-start=\"1232\" data-end=\"1253\">na dowolny wymiar<\/strong><\/li>\n<\/ul>\n<hr data-start=\"1255\" data-end=\"1258\" \/>\n<h1 data-section-id=\"103u9br\" data-start=\"1260\" data-end=\"1274\">Specyfikacja<\/h1>\n<ul data-start=\"1276\" data-end=\"1485\">\n<li data-section-id=\"1pbp2ov\" data-start=\"1309\" data-end=\"1334\">kszta\u0142t blatu: owalny<\/li>\n<li data-section-id=\"1qhsg8i\" data-start=\"1335\" data-end=\"1363\">podstawa: centralna noga<\/li>\n<li data-section-id=\"17oyraa\" data-start=\"1364\" data-end=\"1412\">styl: nowoczesny \/ japandi \/ minimalistyczny<\/li>\n<li data-section-id=\"p576j5\" data-start=\"1413\" data-end=\"1465\">wyko\u0144czenie:\u00a0 lakier (do wyboru r\u00f3\u017cne kolory bejcy , mo\u017cliwo\u015b\u0107 wys\u0142ania pr\u00f3bek)<\/li>\n<li data-section-id=\"1vmz0c0\" data-start=\"1466\" data-end=\"1485\">produkcja: r\u0119czna<\/li>\n<\/ul>\n<hr data-start=\"1487\" data-end=\"1490\" \/>\n<h1 data-section-id=\"s8ique\" data-start=\"1492\" data-end=\"1508\">St\u00f3\u0142 na wymiar<\/h1>\n<p data-start=\"1510\" data-end=\"1587\">Wszystkie nasze sto\u0142y wykonujemy <strong data-start=\"1543\" data-end=\"1560\">na zam\u00f3wienie<\/strong>, dlatego mo\u017cemy dopasowa\u0107:<\/p>\n<ul data-start=\"1589\" data-end=\"1710\">\n<li data-section-id=\"xvv0eo\" data-start=\"1589\" data-end=\"1606\">d\u0142ugo\u015b\u0107 sto\u0142u<\/li>\n<li data-section-id=\"1wbugb3\" data-start=\"1607\" data-end=\"1626\">szeroko\u015b\u0107 blatu<\/li>\n<li data-section-id=\"r71xkn\" data-start=\"1627\" data-end=\"1644\">grubo\u015b\u0107 blatu<\/li>\n<li data-section-id=\"10ff83j\" data-start=\"1645\" data-end=\"1666\">kolor wybarwienia<\/li>\n<li data-section-id=\"fs34pg\" data-start=\"1667\" data-end=\"1689\">rodzaj wyko\u0144czenia<\/li>\n<\/ul>\n<p data-start=\"1712\" data-end=\"1770\">Dzi\u0119ki temu st\u00f3\u0142 idealnie dopasuje si\u0119 do Twojego wn\u0119trza.<\/p>\n<p data-start=\"1772\" data-end=\"1861\">Je\u015bli potrzebujesz innego rozmiaru \u2014 <strong data-start=\"1809\" data-end=\"1861\">napisz do nas, przygotujemy indywidualn\u0105 wycen\u0119.<\/strong><\/p>\n","protected":false},"excerpt":{"rendered":"<p>Owalny st\u00f3\u0142 d\u0119bowy na centralnej nodze wykonany z litego drewna. Nowoczesny, minimalistyczny design. Mo\u017cliwo\u015b\u0107 wykonania sto\u0142u na wymiar. R\u0119czna produkcja w Polsce.<\/p>\n","protected":false},"featured_media":3554,"comment_status":"open","ping_status":"closed","template":"","meta":[],"product_brand":[],"product_cat":[273],"product_tag":[356,357,355],"class_list":{"0":"post-3543","1":"product","2":"type-product","3":"status-publish","4":"has-post-thumbnail","6":"product_cat-stoly","7":"product_tag-owalny-stol-drewniany","8":"product_tag-stol-debowy-na-jednej-nodze","9":"product_tag-stol-debowy-owalny","10":"product_shipping_class-xl-480zl","11":"pa_styl-rustykalny","13":"first","14":"instock","15":"featured","16":"shipping-taxable","17":"purchasable","18":"product-type-variable"},"yoast_head":"<!-- This site is optimized with the Yoast SEO plugin v27.5 - https:\/\/yoast.com\/product\/yoast-seo-wordpress\/ -->\n<title>D\u0118BOWY st\u00f3\u0142 CONE - Akant Meble exclusive furniture<\/title>\n<meta name=\"description\" content=\"Owalny st\u00f3\u0142 d\u0119bowy na centralnej nodze wykonany z litego drewna. Nowoczesny, minimalistyczny design. Mo\u017cliwo\u015b\u0107 wykonania sto\u0142u na wymiar. R\u0119czna produkcja w Polsce.\" \/>\n<meta name=\"robots\" content=\"index, follow, max-snippet:-1, max-image-preview:large, max-video-preview:-1\" \/>\n<link rel=\"canonical\" href=\"https:\/\/akantmeble.pl\/detal\/produkt\/debowy-stol-cone\/\" \/>\n<meta property=\"og:locale\" content=\"pl_PL\" \/>\n<meta property=\"og:type\" content=\"article\" \/>\n<meta property=\"og:title\" content=\"D\u0118BOWY st\u00f3\u0142 CONE - Akant Meble exclusive furniture\" \/>\n<meta property=\"og:description\" content=\"Owalny st\u00f3\u0142 d\u0119bowy na centralnej nodze wykonany z litego drewna. Nowoczesny, minimalistyczny design. Mo\u017cliwo\u015b\u0107 wykonania sto\u0142u na wymiar. R\u0119czna produkcja w Polsce.\" \/>\n<meta property=\"og:url\" content=\"https:\/\/akantmeble.pl\/detal\/produkt\/debowy-stol-cone\/\" \/>\n<meta property=\"og:site_name\" content=\"Akant Meble exclusive furniture\" \/>\n<meta property=\"article:modified_time\" content=\"2026-04-06T12:39:55+00:00\" \/>\n<meta property=\"og:image\" content=\"https:\/\/akantmeble.pl\/detal\/wp-content\/uploads\/2026\/04\/debowy-stol-na-jednej-nodze-1.png\" \/>\n\t<meta property=\"og:image:width\" content=\"1024\" \/>\n\t<meta property=\"og:image:height\" content=\"1024\" \/>\n\t<meta property=\"og:image:type\" content=\"image\/png\" \/>\n<meta name=\"twitter:card\" content=\"summary_large_image\" \/>\n<meta name=\"twitter:label1\" content=\"Szacowany czas czytania\" \/>\n\t<meta name=\"twitter:data1\" content=\"1 minuta\" \/>\n<script type=\"application\/ld+json\" class=\"yoast-schema-graph\">{\"@context\":\"https:\\\/\\\/schema.org\",\"@graph\":[{\"@type\":\"WebPage\",\"@id\":\"https:\\\/\\\/akantmeble.pl\\\/detal\\\/produkt\\\/debowy-stol-cone\\\/\",\"url\":\"https:\\\/\\\/akantmeble.pl\\\/detal\\\/produkt\\\/debowy-stol-cone\\\/\",\"name\":\"D\u0118BOWY st\u00f3\u0142 CONE - Akant Meble exclusive furniture\",\"isPartOf\":{\"@id\":\"https:\\\/\\\/akantmeble.pl\\\/detal\\\/#website\"},\"primaryImageOfPage\":{\"@id\":\"https:\\\/\\\/akantmeble.pl\\\/detal\\\/produkt\\\/debowy-stol-cone\\\/#primaryimage\"},\"image\":{\"@id\":\"https:\\\/\\\/akantmeble.pl\\\/detal\\\/produkt\\\/debowy-stol-cone\\\/#primaryimage\"},\"thumbnailUrl\":\"https:\\\/\\\/akantmeble.pl\\\/detal\\\/wp-content\\\/uploads\\\/2026\\\/04\\\/debowy-stol-na-jednej-nodze-1.png\",\"datePublished\":\"2026-04-06T12:20:14+00:00\",\"dateModified\":\"2026-04-06T12:39:55+00:00\",\"description\":\"Owalny st\u00f3\u0142 d\u0119bowy na centralnej nodze wykonany z litego drewna. Nowoczesny, minimalistyczny design. Mo\u017cliwo\u015b\u0107 wykonania sto\u0142u na wymiar. R\u0119czna produkcja w Polsce.\",\"breadcrumb\":{\"@id\":\"https:\\\/\\\/akantmeble.pl\\\/detal\\\/produkt\\\/debowy-stol-cone\\\/#breadcrumb\"},\"inLanguage\":\"pl-PL\",\"potentialAction\":[{\"@type\":\"ReadAction\",\"target\":[\"https:\\\/\\\/akantmeble.pl\\\/detal\\\/produkt\\\/debowy-stol-cone\\\/\"]}]},{\"@type\":\"ImageObject\",\"inLanguage\":\"pl-PL\",\"@id\":\"https:\\\/\\\/akantmeble.pl\\\/detal\\\/produkt\\\/debowy-stol-cone\\\/#primaryimage\",\"url\":\"https:\\\/\\\/akantmeble.pl\\\/detal\\\/wp-content\\\/uploads\\\/2026\\\/04\\\/debowy-stol-na-jednej-nodze-1.png\",\"contentUrl\":\"https:\\\/\\\/akantmeble.pl\\\/detal\\\/wp-content\\\/uploads\\\/2026\\\/04\\\/debowy-stol-na-jednej-nodze-1.png\",\"width\":1024,\"height\":1024},{\"@type\":\"BreadcrumbList\",\"@id\":\"https:\\\/\\\/akantmeble.pl\\\/detal\\\/produkt\\\/debowy-stol-cone\\\/#breadcrumb\",\"itemListElement\":[{\"@type\":\"ListItem\",\"position\":1,\"name\":\"Strona g\u0142\u00f3wna\",\"item\":\"https:\\\/\\\/akantmeble.pl\\\/detal\\\/\"},{\"@type\":\"ListItem\",\"position\":2,\"name\":\"Sklep\",\"item\":\"https:\\\/\\\/akantmeble.pl\\\/detal\\\/sklep\\\/\"},{\"@type\":\"ListItem\",\"position\":3,\"name\":\"D\u0118BOWY st\u00f3\u0142 CONE\"}]},{\"@type\":\"WebSite\",\"@id\":\"https:\\\/\\\/akantmeble.pl\\\/detal\\\/#website\",\"url\":\"https:\\\/\\\/akantmeble.pl\\\/detal\\\/\",\"name\":\"Akant Meble exclusive furniture\",\"description\":\"\",\"potentialAction\":[{\"@type\":\"SearchAction\",\"target\":{\"@type\":\"EntryPoint\",\"urlTemplate\":\"https:\\\/\\\/akantmeble.pl\\\/detal\\\/?s={search_term_string}\"},\"query-input\":{\"@type\":\"PropertyValueSpecification\",\"valueRequired\":true,\"valueName\":\"search_term_string\"}}],\"inLanguage\":\"pl-PL\"}]}<\/script>\n<!-- \/ Yoast SEO plugin. -->","yoast_head_json":{"title":"D\u0118BOWY st\u00f3\u0142 CONE - Akant Meble exclusive furniture","description":"Owalny st\u00f3\u0142 d\u0119bowy na centralnej nodze wykonany z litego drewna. Nowoczesny, minimalistyczny design. Mo\u017cliwo\u015b\u0107 wykonania sto\u0142u na wymiar. R\u0119czna produkcja w Polsce.","robots":{"index":"index","follow":"follow","max-snippet":"max-snippet:-1","max-image-preview":"max-image-preview:large","max-video-preview":"max-video-preview:-1"},"canonical":"https:\/\/akantmeble.pl\/detal\/produkt\/debowy-stol-cone\/","og_locale":"pl_PL","og_type":"article","og_title":"D\u0118BOWY st\u00f3\u0142 CONE - Akant Meble exclusive furniture","og_description":"Owalny st\u00f3\u0142 d\u0119bowy na centralnej nodze wykonany z litego drewna. Nowoczesny, minimalistyczny design. Mo\u017cliwo\u015b\u0107 wykonania sto\u0142u na wymiar. R\u0119czna produkcja w Polsce.","og_url":"https:\/\/akantmeble.pl\/detal\/produkt\/debowy-stol-cone\/","og_site_name":"Akant Meble exclusive furniture","article_modified_time":"2026-04-06T12:39:55+00:00","og_image":[{"width":1024,"height":1024,"url":"https:\/\/akantmeble.pl\/detal\/wp-content\/uploads\/2026\/04\/debowy-stol-na-jednej-nodze-1.png","type":"image\/png"}],"twitter_card":"summary_large_image","twitter_misc":{"Szacowany czas czytania":"1 minuta"},"schema":{"@context":"https:\/\/schema.org","@graph":[{"@type":"WebPage","@id":"https:\/\/akantmeble.pl\/detal\/produkt\/debowy-stol-cone\/","url":"https:\/\/akantmeble.pl\/detal\/produkt\/debowy-stol-cone\/","name":"D\u0118BOWY st\u00f3\u0142 CONE - Akant Meble exclusive furniture","isPartOf":{"@id":"https:\/\/akantmeble.pl\/detal\/#website"},"primaryImageOfPage":{"@id":"https:\/\/akantmeble.pl\/detal\/produkt\/debowy-stol-cone\/#primaryimage"},"image":{"@id":"https:\/\/akantmeble.pl\/detal\/produkt\/debowy-stol-cone\/#primaryimage"},"thumbnailUrl":"https:\/\/akantmeble.pl\/detal\/wp-content\/uploads\/2026\/04\/debowy-stol-na-jednej-nodze-1.png","datePublished":"2026-04-06T12:20:14+00:00","dateModified":"2026-04-06T12:39:55+00:00","description":"Owalny st\u00f3\u0142 d\u0119bowy na centralnej nodze wykonany z litego drewna. Nowoczesny, minimalistyczny design. Mo\u017cliwo\u015b\u0107 wykonania sto\u0142u na wymiar. R\u0119czna produkcja w Polsce.","breadcrumb":{"@id":"https:\/\/akantmeble.pl\/detal\/produkt\/debowy-stol-cone\/#breadcrumb"},"inLanguage":"pl-PL","potentialAction":[{"@type":"ReadAction","target":["https:\/\/akantmeble.pl\/detal\/produkt\/debowy-stol-cone\/"]}]},{"@type":"ImageObject","inLanguage":"pl-PL","@id":"https:\/\/akantmeble.pl\/detal\/produkt\/debowy-stol-cone\/#primaryimage","url":"https:\/\/akantmeble.pl\/detal\/wp-content\/uploads\/2026\/04\/debowy-stol-na-jednej-nodze-1.png","contentUrl":"https:\/\/akantmeble.pl\/detal\/wp-content\/uploads\/2026\/04\/debowy-stol-na-jednej-nodze-1.png","width":1024,"height":1024},{"@type":"BreadcrumbList","@id":"https:\/\/akantmeble.pl\/detal\/produkt\/debowy-stol-cone\/#breadcrumb","itemListElement":[{"@type":"ListItem","position":1,"name":"Strona g\u0142\u00f3wna","item":"https:\/\/akantmeble.pl\/detal\/"},{"@type":"ListItem","position":2,"name":"Sklep","item":"https:\/\/akantmeble.pl\/detal\/sklep\/"},{"@type":"ListItem","position":3,"name":"D\u0118BOWY st\u00f3\u0142 CONE"}]},{"@type":"WebSite","@id":"https:\/\/akantmeble.pl\/detal\/#website","url":"https:\/\/akantmeble.pl\/detal\/","name":"Akant Meble exclusive furniture","description":"","potentialAction":[{"@type":"SearchAction","target":{"@type":"EntryPoint","urlTemplate":"https:\/\/akantmeble.pl\/detal\/?s={search_term_string}"},"query-input":{"@type":"PropertyValueSpecification","valueRequired":true,"valueName":"search_term_string"}}],"inLanguage":"pl-PL"}]}},"_links":{"self":[{"href":"https:\/\/akantmeble.pl\/detal\/wp-json\/wp\/v2\/product\/3543","targetHints":{"allow":["GET"]}}],"collection":[{"href":"https:\/\/akantmeble.pl\/detal\/wp-json\/wp\/v2\/product"}],"about":[{"href":"https:\/\/akantmeble.pl\/detal\/wp-json\/wp\/v2\/types\/product"}],"replies":[{"embeddable":true,"href":"https:\/\/akantmeble.pl\/detal\/wp-json\/wp\/v2\/comments?post=3543"}],"wp:featuredmedia":[{"embeddable":true,"href":"https:\/\/akantmeble.pl\/detal\/wp-json\/wp\/v2\/media\/3554"}],"wp:attachment":[{"href":"https:\/\/akantmeble.pl\/detal\/wp-json\/wp\/v2\/media?parent=3543"}],"wp:term":[{"taxonomy":"product_brand","embeddable":true,"href":"https:\/\/akantmeble.pl\/detal\/wp-json\/wp\/v2\/product_brand?post=3543"},{"taxonomy":"product_cat","embeddable":true,"href":"https:\/\/akantmeble.pl\/detal\/wp-json\/wp\/v2\/product_cat?post=3543"},{"taxonomy":"product_tag","embeddable":true,"href":"https:\/\/akantmeble.pl\/detal\/wp-json\/wp\/v2\/product_tag?post=3543"}],"curies":[{"name":"wp","href":"https:\/\/api.w.org\/{rel}","templated":true}]}}