{"id":27,"date":"2022-03-07T23:35:37","date_gmt":"2022-03-07T22:35:37","guid":{"rendered":"https:\/\/akantmeble.pl\/?page_id=27"},"modified":"2022-03-16T22:23:20","modified_gmt":"2022-03-16T21:23:20","slug":"kontakt","status":"publish","type":"page","link":"https:\/\/akantmeble.pl\/hurt\/kontakt\/","title":{"rendered":"Kontakt"},"content":{"rendered":"<div class=\"wpb-content-wrapper\"><p>[vc_row el_class=&#8221;p-contact&#8221; woodmart_css_id=&#8221;6214eb6741d2f&#8221; responsive_spacing=&#8221;eyJwYXJhbV90eXBlIjoid29vZG1hcnRfcmVzcG9uc2l2ZV9zcGFjaW5nIiwic2VsZWN0b3JfaWQiOiI2MjE0ZWI2NzQxZDJmIiwic2hvcnRjb2RlIjoidmNfcm93IiwiZGF0YSI6eyJ0YWJsZXQiOnt9LCJtb2JpbGUiOnt9fX0=&#8221; mobile_bg_img_hidden=&#8221;no&#8221; tablet_bg_img_hidden=&#8221;no&#8221; woodmart_parallax=&#8221;0&#8243; woodmart_gradient_switch=&#8221;no&#8221; woodmart_box_shadow=&#8221;no&#8221; wd_z_index=&#8221;no&#8221; woodmart_disable_overflow=&#8221;0&#8243; row_reverse_mobile=&#8221;0&#8243; row_reverse_tablet=&#8221;0&#8243;][vc_column width=&#8221;1\/2&#8243;][vc_column_text text_larger=&#8221;no&#8221; woodmart_inline=&#8221;no&#8221;]<\/p>\n<h4><strong>Akant Meble<\/strong><\/h4>\n<p>ul. Pogodna 46<br \/>\n34-122 Giera\u0142towiczki<\/p>\n<p><strong>Email:<\/strong> <a href=\"mailto:kontakt@akantmeble.pl\" target=\"_blank\" rel=\"noopener noreferrer\">kontakt@akantmeble.pl<\/a><br \/>\n<strong>Tel.:<\/strong> <a href=\"tel:+48 509 749 950\">+48 509 749 950<\/a>[\/vc_column_text][vc_raw_html]JTNDaWZyYW1lJTIwc3JjJTNEJTIyaHR0cHMlM0ElMkYlMkZ3d3cuZ29vZ2xlLmNvbSUyRm1hcHMlMkZlbWJlZCUzRnBiJTNEJTIxMW0xNCUyMTFtOCUyMTFtMyUyMTFkMTAyNzAuMTMxMDIwMzAwNTQlMjEyZDE5LjM4MzcxNDclMjEzZDQ5Ljk0NTEwOCUyMTNtMiUyMTFpMTAyNCUyMTJpNzY4JTIxNGYxMy4xJTIxM20zJTIxMW0yJTIxMXMweDAlMjUzQTB4ZThlZDczOTQ4YTBlMTk1NyUyMTJzQUtBTlQlMjUyMG1lYmxlJTIxNWUwJTIxM20yJTIxMXNwbCUyMTJzcGwlMjE0djE2NDc0NjU3ODM5ODglMjE1bTIlMjExc3BsJTIxMnNwbCUyMiUyMHdpZHRoJTNEJTIyMTAwJTI1JTIyJTIwaGVpZ2h0JTNEJTIyNDEwJTIyJTIwc3R5bGUlM0QlMjJib3JkZXIlM0EwJTNCJTIyJTIwYWxsb3dmdWxsc2NyZWVuJTNEJTIyJTIyJTIwbG9hZGluZyUzRCUyMmxhenklMjIlM0UlM0MlMkZpZnJhbWUlM0U=[\/vc_raw_html][\/vc_column][vc_column width=&#8221;1\/2&#8243;][vc_column_text text_larger=&#8221;no&#8221; woodmart_inline=&#8221;no&#8221;]\n<div class=\"wpcf7 no-js\" id=\"wpcf7-f106-o1\" lang=\"pl-PL\" dir=\"ltr\" data-wpcf7-id=\"106\">\n<div class=\"screen-reader-response\"><p role=\"status\" aria-live=\"polite\" aria-atomic=\"true\"><\/p> <ul><\/ul><\/div>\n<form action=\"\/hurt\/wp-json\/wp\/v2\/pages\/27#wpcf7-f106-o1\" method=\"post\" class=\"wpcf7-form init\" aria-label=\"Formularz kontaktowy\" enctype=\"multipart\/form-data\" novalidate=\"novalidate\" data-status=\"init\">\n<fieldset class=\"hidden-fields-container\"><input type=\"hidden\" name=\"_wpcf7\" value=\"106\" \/><input type=\"hidden\" name=\"_wpcf7_version\" value=\"6.1.5\" \/><input type=\"hidden\" name=\"_wpcf7_locale\" value=\"pl_PL\" \/><input type=\"hidden\" name=\"_wpcf7_unit_tag\" value=\"wpcf7-f106-o1\" \/><input type=\"hidden\" name=\"_wpcf7_container_post\" value=\"0\" \/><input type=\"hidden\" name=\"_wpcf7_posted_data_hash\" value=\"\" \/><input type=\"hidden\" name=\"_wpcf7_recaptcha_response\" value=\"\" \/>\n<\/fieldset>\n<p><label> Imi\u0119 i nazwisko *<br \/>\n<span class=\"wpcf7-form-control-wrap\" data-name=\"your-name\"><input size=\"40\" maxlength=\"400\" class=\"wpcf7-form-control wpcf7-text wpcf7-validates-as-required\" aria-required=\"true\" aria-invalid=\"false\" value=\"\" type=\"text\" name=\"your-name\" \/><\/span> <\/label>\n<\/p>\n<p><label> Adres email *<br \/>\n<span class=\"wpcf7-form-control-wrap\" data-name=\"your-email\"><input size=\"40\" maxlength=\"400\" class=\"wpcf7-form-control wpcf7-email wpcf7-validates-as-required wpcf7-text wpcf7-validates-as-email\" aria-required=\"true\" aria-invalid=\"false\" value=\"\" type=\"email\" name=\"your-email\" \/><\/span> <\/label>\n<\/p>\n<p><label> Temat<br \/>\n<span class=\"wpcf7-form-control-wrap\" data-name=\"your-subject\"><input size=\"40\" maxlength=\"400\" class=\"wpcf7-form-control wpcf7-text\" aria-invalid=\"false\" value=\"\" type=\"text\" name=\"your-subject\" \/><\/span> <\/label>\n<\/p>\n<p><label> Tre\u015b\u0107 wiadomo\u015bci<br \/>\n<span class=\"wpcf7-form-control-wrap\" data-name=\"your-message\"><textarea cols=\"40\" rows=\"10\" maxlength=\"2000\" class=\"wpcf7-form-control wpcf7-textarea\" aria-invalid=\"false\" name=\"your-message\"><\/textarea><\/span> <\/label>\n<\/p>\n<p><label> Za\u0142\u0105cz plik<br \/>\n<span class=\"wpcf7-form-control-wrap\" data-name=\"file\"><input size=\"40\" class=\"wpcf7-form-control wpcf7-file c-file\" accept=\".jpg,.pdf,.png,.jpeg\" aria-invalid=\"false\" type=\"file\" name=\"file\" \/><\/span> <\/label>\n<\/p>\n<p><label><span class=\"wpcf7-form-control-wrap\" data-name=\"acceptance-301\"><span class=\"wpcf7-form-control wpcf7-acceptance\"><span class=\"wpcf7-list-item\"><label><input type=\"checkbox\" name=\"acceptance-301\" value=\"1\" aria-invalid=\"false\" \/><span class=\"wpcf7-list-item-label\"><span class=\"c-tooltip\" data-animation=\"\" data-delay=\"0\" data-placement=\"top\" title=\"\" data-toggle=\"tooltip\" data-trigger=\"hover\" data-html=\"true\">Wyra\u017cam zgod\u0119 na przetwarzanie podanych danych osobowych, kt\u00f3re zostan\u0105 u\u017cyte przez Akant jedynie do kontaktu ze mn\u0105.\n<\/span><\/span><\/label><\/span><\/span><\/span><br \/>\n<\/label>\n<\/p>\n<div class='d-tooltip'>\n\t<p>OBOWI\u0104ZEK INFORMACYJNY\n\t<\/p>\n\t<ol>\n\t\t<li>\n\t\t\t<p>Administratorem Pana\/Pani danych osobowych jest (Akant Bli\u017aniak Bartosz, ul. Pogodna 46, 34-122 Wieprz NIP: PL 5512290989)\n\t\t\t<\/p>\n\t\t<\/li>\n\t\t<li>\n\t\t\t<p>Dane b\u0119d\u0105 przetwarzane w celu odpowiedzi na Pana\/Pani zg\u0142oszenie przes\u0142ane przez formularz kontaktowy na podstawie prawnie uzasadnionych interes\u00f3w realizowanych przez administratora; art. 6 ust. 1 lit. f RODO*.\n\t\t\t<\/p>\n\t\t<\/li>\n\t\t<li>\n\t\t\t<p>Odbiorc\u0105 Pana\/Pani danych osobowych mog\u0105 by\u0107 dostawcy us\u0142ug technicznych i organizacyjnych, kt\u00f3rzy wspieraj\u0105 proces udzielenia odpowiedzi.\n\t\t\t<\/p>\n\t\t<\/li>\n\t\t<li>\n\t\t\t<p>Dane b\u0119d\u0105 przechowywane do czasu zako\u0144czenia procesu komunikacji.\n\t\t\t<\/p>\n\t\t<\/li>\n\t\t<li>\n\t\t\t<p>Ma Pan\/Pani prawo dost\u0119pu do swoich danych osobowych, ich sprostowania, usuni\u0119cia lub ograniczenia przetwarzania.\n\t\t\t<\/p>\n\t\t<\/li>\n\t\t<li>\n\t\t\t<p>Ma Pan\/Pani prawo do wniesienia sprzeciwu wobec dalszego przetwarzania.\n\t\t\t<\/p>\n\t\t<\/li>\n\t\t<li>\n\t\t\t<p>Ma Pan\/Pani tak\u017ce prawo do przenoszenia danych oraz wniesienia skargi do organu nadzorczego.\n\t\t\t<\/p>\n\t\t<\/li>\n\t\t<li>\n\t\t\t<p>Podanie przez Pana\/Pani\u0105 danych osobowych jest dobrowolne. Odmowa podania danych uniemo\u017cliwi udzielenie odpowiedzi.\n\t\t\t<\/p>\n\t\t<\/li>\n\t<\/ol>\n\t<p>*Rozporz\u0105dzenie Parlamentu Europejskiego i Rady (UE) 2016\/679 z dnia 27 kwietnia 2016 r. w sprawie ochrony os\u00f3b fizycznych w zwi\u0105zku z przetwarzaniem danych osobowych i w sprawie swobodnego przep\u0142ywu takich danych oraz uchylenia dyrektywy 95\/46\/WE (RODO).\n\t<\/p>\n<\/div>\n<p><input class=\"wpcf7-form-control wpcf7-submit has-spinner\" type=\"submit\" value=\"Wy\u015blij\" \/>\n<\/p><div class=\"wpcf7-response-output\" aria-hidden=\"true\"><\/div>\n<\/form>\n<\/div>\n[\/vc_column_text][\/vc_column][\/vc_row]<\/p>\n<\/div>","protected":false},"excerpt":{"rendered":"<p>[vc_row el_class=&#8221;p-contact&#8221; woodmart_css_id=&#8221;6214eb6741d2f&#8221; responsive_spacing=&#8221;eyJwYXJhbV90eXBlIjoid29vZG1hcnRfcmVzcG9uc2l2ZV9zcGFjaW5nIiwic2VsZWN0b3JfaWQiOiI2MjE0ZWI2NzQxZDJmIiwic2hvcnRjb2RlIjoidmNfcm93IiwiZGF0YSI6eyJ0YWJsZXQiOnt9LCJtb2JpbGUiOnt9fX0=&#8221; mobile_bg_img_hidden=&#8221;no&#8221; tablet_bg_img_hidden=&#8221;no&#8221; woodmart_parallax=&#8221;0&#8243; woodmart_gradient_switch=&#8221;no&#8221; woodmart_box_shadow=&#8221;no&#8221; wd_z_index=&#8221;no&#8221; woodmart_disable_overflow=&#8221;0&#8243; row_reverse_mobile=&#8221;0&#8243; row_reverse_tablet=&#8221;0&#8243;][vc_column width=&#8221;1\/2&#8243;][vc_column_text text_larger=&#8221;no&#8221; woodmart_inline=&#8221;no&#8221;] Akant Meble ul. Pogodna<\/p>\n","protected":false},"author":1,"featured_media":0,"parent":0,"menu_order":0,"comment_status":"closed","ping_status":"closed","template":"","meta":{"footnotes":""},"class_list":["post-27","page","type-page","status-publish","hentry"],"yoast_head":"<!-- This site is optimized with the Yoast SEO plugin v27.5 - https:\/\/yoast.com\/product\/yoast-seo-wordpress\/ -->\n<title>Kontakt - Akant Meble exclusive furniture<\/title>\n<meta name=\"robots\" content=\"index, follow, max-snippet:-1, max-image-preview:large, max-video-preview:-1\" \/>\n<link rel=\"canonical\" href=\"https:\/\/akantmeble.pl\/hurt\/kontakt\/\" \/>\n<meta property=\"og:locale\" content=\"pl_PL\" \/>\n<meta property=\"og:type\" content=\"article\" \/>\n<meta property=\"og:title\" content=\"Kontakt - Akant Meble exclusive furniture\" \/>\n<meta property=\"og:description\" content=\"[vc_row el_class=&#8221;p-contact&#8221; woodmart_css_id=&#8221;6214eb6741d2f&#8221; responsive_spacing=&#8221;eyJwYXJhbV90eXBlIjoid29vZG1hcnRfcmVzcG9uc2l2ZV9zcGFjaW5nIiwic2VsZWN0b3JfaWQiOiI2MjE0ZWI2NzQxZDJmIiwic2hvcnRjb2RlIjoidmNfcm93IiwiZGF0YSI6eyJ0YWJsZXQiOnt9LCJtb2JpbGUiOnt9fX0=&#8221; mobile_bg_img_hidden=&#8221;no&#8221; tablet_bg_img_hidden=&#8221;no&#8221; woodmart_parallax=&#8221;0&#8243; woodmart_gradient_switch=&#8221;no&#8221; woodmart_box_shadow=&#8221;no&#8221; wd_z_index=&#8221;no&#8221; woodmart_disable_overflow=&#8221;0&#8243; row_reverse_mobile=&#8221;0&#8243; row_reverse_tablet=&#8221;0&#8243;][vc_column width=&#8221;1\/2&#8243;][vc_column_text text_larger=&#8221;no&#8221; woodmart_inline=&#8221;no&#8221;] Akant Meble ul. Pogodna\" \/>\n<meta property=\"og:url\" content=\"https:\/\/akantmeble.pl\/hurt\/kontakt\/\" \/>\n<meta property=\"og:site_name\" content=\"Akant Meble exclusive furniture\" \/>\n<meta property=\"article:modified_time\" content=\"2022-03-16T21:23:20+00:00\" \/>\n<meta name=\"twitter:card\" content=\"summary_large_image\" \/>\n<meta name=\"twitter:label1\" content=\"Szacowany czas czytania\" \/>\n\t<meta name=\"twitter:data1\" content=\"1 minuta\" \/>\n<script type=\"application\/ld+json\" class=\"yoast-schema-graph\">{\"@context\":\"https:\\\/\\\/schema.org\",\"@graph\":[{\"@type\":\"WebPage\",\"@id\":\"https:\\\/\\\/akantmeble.pl\\\/hurt\\\/kontakt\\\/\",\"url\":\"https:\\\/\\\/akantmeble.pl\\\/hurt\\\/kontakt\\\/\",\"name\":\"Kontakt - Akant Meble exclusive furniture\",\"isPartOf\":{\"@id\":\"https:\\\/\\\/akantmeble.pl\\\/hurt\\\/#website\"},\"datePublished\":\"2022-03-07T22:35:37+00:00\",\"dateModified\":\"2022-03-16T21:23:20+00:00\",\"breadcrumb\":{\"@id\":\"https:\\\/\\\/akantmeble.pl\\\/hurt\\\/kontakt\\\/#breadcrumb\"},\"inLanguage\":\"pl-PL\",\"potentialAction\":[{\"@type\":\"ReadAction\",\"target\":[\"https:\\\/\\\/akantmeble.pl\\\/hurt\\\/kontakt\\\/\"]}]},{\"@type\":\"BreadcrumbList\",\"@id\":\"https:\\\/\\\/akantmeble.pl\\\/hurt\\\/kontakt\\\/#breadcrumb\",\"itemListElement\":[{\"@type\":\"ListItem\",\"position\":1,\"name\":\"Strona g\u0142\u00f3wna\",\"item\":\"https:\\\/\\\/akantmeble.pl\\\/hurt\\\/\"},{\"@type\":\"ListItem\",\"position\":2,\"name\":\"Kontakt\"}]},{\"@type\":\"WebSite\",\"@id\":\"https:\\\/\\\/akantmeble.pl\\\/hurt\\\/#website\",\"url\":\"https:\\\/\\\/akantmeble.pl\\\/hurt\\\/\",\"name\":\"Akant Meble exclusive furniture\",\"description\":\"\",\"potentialAction\":[{\"@type\":\"SearchAction\",\"target\":{\"@type\":\"EntryPoint\",\"urlTemplate\":\"https:\\\/\\\/akantmeble.pl\\\/hurt\\\/?s={search_term_string}\"},\"query-input\":{\"@type\":\"PropertyValueSpecification\",\"valueRequired\":true,\"valueName\":\"search_term_string\"}}],\"inLanguage\":\"pl-PL\"}]}<\/script>\n<!-- \/ Yoast SEO plugin. -->","yoast_head_json":{"title":"Kontakt - Akant Meble exclusive furniture","robots":{"index":"index","follow":"follow","max-snippet":"max-snippet:-1","max-image-preview":"max-image-preview:large","max-video-preview":"max-video-preview:-1"},"canonical":"https:\/\/akantmeble.pl\/hurt\/kontakt\/","og_locale":"pl_PL","og_type":"article","og_title":"Kontakt - Akant Meble exclusive furniture","og_description":"[vc_row el_class=&#8221;p-contact&#8221; woodmart_css_id=&#8221;6214eb6741d2f&#8221; responsive_spacing=&#8221;eyJwYXJhbV90eXBlIjoid29vZG1hcnRfcmVzcG9uc2l2ZV9zcGFjaW5nIiwic2VsZWN0b3JfaWQiOiI2MjE0ZWI2NzQxZDJmIiwic2hvcnRjb2RlIjoidmNfcm93IiwiZGF0YSI6eyJ0YWJsZXQiOnt9LCJtb2JpbGUiOnt9fX0=&#8221; mobile_bg_img_hidden=&#8221;no&#8221; tablet_bg_img_hidden=&#8221;no&#8221; woodmart_parallax=&#8221;0&#8243; woodmart_gradient_switch=&#8221;no&#8221; woodmart_box_shadow=&#8221;no&#8221; wd_z_index=&#8221;no&#8221; woodmart_disable_overflow=&#8221;0&#8243; row_reverse_mobile=&#8221;0&#8243; row_reverse_tablet=&#8221;0&#8243;][vc_column width=&#8221;1\/2&#8243;][vc_column_text text_larger=&#8221;no&#8221; woodmart_inline=&#8221;no&#8221;] Akant Meble ul. Pogodna","og_url":"https:\/\/akantmeble.pl\/hurt\/kontakt\/","og_site_name":"Akant Meble exclusive furniture","article_modified_time":"2022-03-16T21:23:20+00:00","twitter_card":"summary_large_image","twitter_misc":{"Szacowany czas czytania":"1 minuta"},"schema":{"@context":"https:\/\/schema.org","@graph":[{"@type":"WebPage","@id":"https:\/\/akantmeble.pl\/hurt\/kontakt\/","url":"https:\/\/akantmeble.pl\/hurt\/kontakt\/","name":"Kontakt - Akant Meble exclusive furniture","isPartOf":{"@id":"https:\/\/akantmeble.pl\/hurt\/#website"},"datePublished":"2022-03-07T22:35:37+00:00","dateModified":"2022-03-16T21:23:20+00:00","breadcrumb":{"@id":"https:\/\/akantmeble.pl\/hurt\/kontakt\/#breadcrumb"},"inLanguage":"pl-PL","potentialAction":[{"@type":"ReadAction","target":["https:\/\/akantmeble.pl\/hurt\/kontakt\/"]}]},{"@type":"BreadcrumbList","@id":"https:\/\/akantmeble.pl\/hurt\/kontakt\/#breadcrumb","itemListElement":[{"@type":"ListItem","position":1,"name":"Strona g\u0142\u00f3wna","item":"https:\/\/akantmeble.pl\/hurt\/"},{"@type":"ListItem","position":2,"name":"Kontakt"}]},{"@type":"WebSite","@id":"https:\/\/akantmeble.pl\/hurt\/#website","url":"https:\/\/akantmeble.pl\/hurt\/","name":"Akant Meble exclusive furniture","description":"","potentialAction":[{"@type":"SearchAction","target":{"@type":"EntryPoint","urlTemplate":"https:\/\/akantmeble.pl\/hurt\/?s={search_term_string}"},"query-input":{"@type":"PropertyValueSpecification","valueRequired":true,"valueName":"search_term_string"}}],"inLanguage":"pl-PL"}]}},"_links":{"self":[{"href":"https:\/\/akantmeble.pl\/hurt\/wp-json\/wp\/v2\/pages\/27","targetHints":{"allow":["GET"]}}],"collection":[{"href":"https:\/\/akantmeble.pl\/hurt\/wp-json\/wp\/v2\/pages"}],"about":[{"href":"https:\/\/akantmeble.pl\/hurt\/wp-json\/wp\/v2\/types\/page"}],"author":[{"embeddable":true,"href":"https:\/\/akantmeble.pl\/hurt\/wp-json\/wp\/v2\/users\/1"}],"replies":[{"embeddable":true,"href":"https:\/\/akantmeble.pl\/hurt\/wp-json\/wp\/v2\/comments?post=27"}],"version-history":[{"count":4,"href":"https:\/\/akantmeble.pl\/hurt\/wp-json\/wp\/v2\/pages\/27\/revisions"}],"predecessor-version":[{"id":105,"href":"https:\/\/akantmeble.pl\/hurt\/wp-json\/wp\/v2\/pages\/27\/revisions\/105"}],"wp:attachment":[{"href":"https:\/\/akantmeble.pl\/hurt\/wp-json\/wp\/v2\/media?parent=27"}],"curies":[{"name":"wp","href":"https:\/\/api.w.org\/{rel}","templated":true}]}}