{"id":29,"date":"2022-03-07T23:35:47","date_gmt":"2022-03-07T22:35:47","guid":{"rendered":"https:\/\/akantmeble.pl\/?page_id=29"},"modified":"2022-04-20T22:58:04","modified_gmt":"2022-04-20T20:58:04","slug":"o-nas","status":"publish","type":"page","link":"https:\/\/akantmeble.pl\/hurt\/o-nas\/","title":{"rendered":"O nas"},"content":{"rendered":"<p><strong>Przed Pa\u0144stwem nietuzinkowe meble .<\/strong><\/p>\n<p>Jeste\u015bmy to producentem ekskluzywnych mebli, przede wszystkim wolnostoj\u0105cych. Oferujemy najwy\u017cszej kasy meble m.in do salonu, sypialni, \u0142azienki. Meble w dowolnym wyko\u0144czeniu i kolorze.<\/p>\n<p>Pocz\u0105tek firmy mia\u0142 miejsce w latach siedemdziesi\u0105tych, na przestrzeni lat zdobywamy wiedz\u0119 i udoskonalamy technologi\u0119. Jako\u015b\u0107 wykonania zawsze by\u0142a na pierwszym miejscu. Nasze meble s\u0105 wykonywane r\u0119cznie i dzi\u0119ki temu unikatowe i niepowtarzalne. S\u0105 produkowane w Polsce.<\/p>\n<p>Nasze meble nadadz\u0105 ka\u017cdemu pomieszczeniu wyj\u0105tkowy charakter.<\/p>\n<p><strong>AKANT to klasyczne meble w nowoczesnym wydaniu.<\/strong><\/p>\n<p>Zapraszamy !<\/p>\n","protected":false},"excerpt":{"rendered":"<p>Przed Pa\u0144stwem nietuzinkowe meble . Jeste\u015bmy to producentem ekskluzywnych mebli, przede wszystkim wolnostoj\u0105cych. Oferujemy najwy\u017cszej kasy meble m.in do salonu,<\/p>\n","protected":false},"author":1,"featured_media":0,"parent":0,"menu_order":0,"comment_status":"closed","ping_status":"closed","template":"","meta":{"footnotes":""},"class_list":["post-29","page","type-page","status-publish","hentry"],"yoast_head":"<!-- This site is optimized with the Yoast SEO plugin v27.5 - https:\/\/yoast.com\/product\/yoast-seo-wordpress\/ -->\n<title>O nas - Akant Meble exclusive furniture<\/title>\n<meta name=\"robots\" content=\"index, follow, max-snippet:-1, max-image-preview:large, max-video-preview:-1\" \/>\n<link rel=\"canonical\" href=\"https:\/\/akantmeble.pl\/hurt\/o-nas\/\" \/>\n<meta property=\"og:locale\" content=\"pl_PL\" \/>\n<meta property=\"og:type\" content=\"article\" \/>\n<meta property=\"og:title\" content=\"O nas - Akant Meble exclusive furniture\" \/>\n<meta property=\"og:description\" content=\"Przed Pa\u0144stwem nietuzinkowe meble . Jeste\u015bmy to producentem ekskluzywnych mebli, przede wszystkim wolnostoj\u0105cych. Oferujemy najwy\u017cszej kasy meble m.in do salonu,\" \/>\n<meta property=\"og:url\" content=\"https:\/\/akantmeble.pl\/hurt\/o-nas\/\" \/>\n<meta property=\"og:site_name\" content=\"Akant Meble exclusive furniture\" \/>\n<meta property=\"article:modified_time\" content=\"2022-04-20T20:58:04+00:00\" \/>\n<meta name=\"twitter:card\" content=\"summary_large_image\" \/>\n<script type=\"application\/ld+json\" class=\"yoast-schema-graph\">{\"@context\":\"https:\\\/\\\/schema.org\",\"@graph\":[{\"@type\":\"WebPage\",\"@id\":\"https:\\\/\\\/akantmeble.pl\\\/hurt\\\/o-nas\\\/\",\"url\":\"https:\\\/\\\/akantmeble.pl\\\/hurt\\\/o-nas\\\/\",\"name\":\"O nas - Akant Meble exclusive furniture\",\"isPartOf\":{\"@id\":\"https:\\\/\\\/akantmeble.pl\\\/hurt\\\/#website\"},\"datePublished\":\"2022-03-07T22:35:47+00:00\",\"dateModified\":\"2022-04-20T20:58:04+00:00\",\"breadcrumb\":{\"@id\":\"https:\\\/\\\/akantmeble.pl\\\/hurt\\\/o-nas\\\/#breadcrumb\"},\"inLanguage\":\"pl-PL\",\"potentialAction\":[{\"@type\":\"ReadAction\",\"target\":[\"https:\\\/\\\/akantmeble.pl\\\/hurt\\\/o-nas\\\/\"]}]},{\"@type\":\"BreadcrumbList\",\"@id\":\"https:\\\/\\\/akantmeble.pl\\\/hurt\\\/o-nas\\\/#breadcrumb\",\"itemListElement\":[{\"@type\":\"ListItem\",\"position\":1,\"name\":\"Strona g\u0142\u00f3wna\",\"item\":\"https:\\\/\\\/akantmeble.pl\\\/hurt\\\/\"},{\"@type\":\"ListItem\",\"position\":2,\"name\":\"O nas\"}]},{\"@type\":\"WebSite\",\"@id\":\"https:\\\/\\\/akantmeble.pl\\\/hurt\\\/#website\",\"url\":\"https:\\\/\\\/akantmeble.pl\\\/hurt\\\/\",\"name\":\"Akant Meble exclusive furniture\",\"description\":\"\",\"potentialAction\":[{\"@type\":\"SearchAction\",\"target\":{\"@type\":\"EntryPoint\",\"urlTemplate\":\"https:\\\/\\\/akantmeble.pl\\\/hurt\\\/?s={search_term_string}\"},\"query-input\":{\"@type\":\"PropertyValueSpecification\",\"valueRequired\":true,\"valueName\":\"search_term_string\"}}],\"inLanguage\":\"pl-PL\"}]}<\/script>\n<!-- \/ Yoast SEO plugin. -->","yoast_head_json":{"title":"O nas - Akant Meble exclusive furniture","robots":{"index":"index","follow":"follow","max-snippet":"max-snippet:-1","max-image-preview":"max-image-preview:large","max-video-preview":"max-video-preview:-1"},"canonical":"https:\/\/akantmeble.pl\/hurt\/o-nas\/","og_locale":"pl_PL","og_type":"article","og_title":"O nas - Akant Meble exclusive furniture","og_description":"Przed Pa\u0144stwem nietuzinkowe meble . Jeste\u015bmy to producentem ekskluzywnych mebli, przede wszystkim wolnostoj\u0105cych. Oferujemy najwy\u017cszej kasy meble m.in do salonu,","og_url":"https:\/\/akantmeble.pl\/hurt\/o-nas\/","og_site_name":"Akant Meble exclusive furniture","article_modified_time":"2022-04-20T20:58:04+00:00","twitter_card":"summary_large_image","schema":{"@context":"https:\/\/schema.org","@graph":[{"@type":"WebPage","@id":"https:\/\/akantmeble.pl\/hurt\/o-nas\/","url":"https:\/\/akantmeble.pl\/hurt\/o-nas\/","name":"O nas - Akant Meble exclusive furniture","isPartOf":{"@id":"https:\/\/akantmeble.pl\/hurt\/#website"},"datePublished":"2022-03-07T22:35:47+00:00","dateModified":"2022-04-20T20:58:04+00:00","breadcrumb":{"@id":"https:\/\/akantmeble.pl\/hurt\/o-nas\/#breadcrumb"},"inLanguage":"pl-PL","potentialAction":[{"@type":"ReadAction","target":["https:\/\/akantmeble.pl\/hurt\/o-nas\/"]}]},{"@type":"BreadcrumbList","@id":"https:\/\/akantmeble.pl\/hurt\/o-nas\/#breadcrumb","itemListElement":[{"@type":"ListItem","position":1,"name":"Strona g\u0142\u00f3wna","item":"https:\/\/akantmeble.pl\/hurt\/"},{"@type":"ListItem","position":2,"name":"O nas"}]},{"@type":"WebSite","@id":"https:\/\/akantmeble.pl\/hurt\/#website","url":"https:\/\/akantmeble.pl\/hurt\/","name":"Akant Meble exclusive furniture","description":"","potentialAction":[{"@type":"SearchAction","target":{"@type":"EntryPoint","urlTemplate":"https:\/\/akantmeble.pl\/hurt\/?s={search_term_string}"},"query-input":{"@type":"PropertyValueSpecification","valueRequired":true,"valueName":"search_term_string"}}],"inLanguage":"pl-PL"}]}},"_links":{"self":[{"href":"https:\/\/akantmeble.pl\/hurt\/wp-json\/wp\/v2\/pages\/29","targetHints":{"allow":["GET"]}}],"collection":[{"href":"https:\/\/akantmeble.pl\/hurt\/wp-json\/wp\/v2\/pages"}],"about":[{"href":"https:\/\/akantmeble.pl\/hurt\/wp-json\/wp\/v2\/types\/page"}],"author":[{"embeddable":true,"href":"https:\/\/akantmeble.pl\/hurt\/wp-json\/wp\/v2\/users\/1"}],"replies":[{"embeddable":true,"href":"https:\/\/akantmeble.pl\/hurt\/wp-json\/wp\/v2\/comments?post=29"}],"version-history":[{"count":2,"href":"https:\/\/akantmeble.pl\/hurt\/wp-json\/wp\/v2\/pages\/29\/revisions"}],"predecessor-version":[{"id":144,"href":"https:\/\/akantmeble.pl\/hurt\/wp-json\/wp\/v2\/pages\/29\/revisions\/144"}],"wp:attachment":[{"href":"https:\/\/akantmeble.pl\/hurt\/wp-json\/wp\/v2\/media?parent=29"}],"curies":[{"name":"wp","href":"https:\/\/api.w.org\/{rel}","templated":true}]}}