{"id":33,"date":"2022-03-07T23:36:06","date_gmt":"2022-03-07T22:36:06","guid":{"rendered":"https:\/\/akantmeble.pl\/?page_id=33"},"modified":"2022-03-16T22:36:34","modified_gmt":"2022-03-16T21:36:34","slug":"polityka-plikow-cookie","status":"publish","type":"page","link":"https:\/\/akantmeble.pl\/hurt\/polityka-plikow-cookie\/","title":{"rendered":"Polityka plik\u00f3w cookie"},"content":{"rendered":"<ol>\n<li>Witryna <strong>akantmeble.pl<\/strong>\u00a0wykorzystuje pliki Cookies, czyli pliki tekstowe zapisywane na komputerze u\u017cytkownika, identyfikuj\u0105ce go w spos\u00f3b potrzebny do umo\u017cliwienia niekt\u00f3rych operacji. Pliki Cookies wykorzystywane s\u0105 mi\u0119dzy innymi do zapami\u0119tywania danych niezb\u0119dnych do logowania u\u017cytkownika. Warunkiem dzia\u0142ania Cookies jest ich akceptacja przez przegl\u0105dark\u0119 oraz nieusuwanie ich z dysku.<\/li>\n<li>Strona korzysta z plik\u00f3w Cookies \u201esesyjnych\u201d (zapisywane do czasu opuszczenia strony, zamkni\u0119cia przegl\u0105darki) oraz \u201esta\u0142ych\u201d (zapisywane na komputerze na okre\u015blony okres czasu).<\/li>\n<li>U\u017cytkownicy stron mog\u0105 dokona\u0107 zmiany ustawie\u0144 w tym zakresie. Przegl\u0105darka internetowa umo\u017cliwia usuni\u0119cie i blokowanie plik\u00f3w. Szczeg\u00f3\u0142owe informacje na ten temat zawarte s\u0105 w pomocy lub dokumentacji u\u017cywanej przez u\u017cytkownika przegl\u0105darki internetowej.<\/li>\n<li>Wy\u0142\u0105czenie plik\u00f3w Cookies najcz\u0119\u015bciej spowoduje ograniczenie lub zablokowanie niekt\u00f3rych funkcjonalno\u015bci strony.<\/li>\n<li>Na stronie <strong>akantmeble<\/strong><strong>.pl<\/strong>\u00a0wykorzystywane s\u0105 pliki Cookies strony trzeciej \u2013 Google Analytics \u2013 wi\u0119cej informacji mo\u017cna znale\u017a\u0107 na stronie:\u00a0<u><a href=\"http:\/\/www.google.com\/analytics\/learn\/privacy.html\">google.com\/analytics\/learn\/privacy.html<\/a><\/u><\/li>\n<li>Pliki Cookies stosowane na stronach internetowych <strong>akantmeble<\/strong><strong>.pl<\/strong>\u00a0nie przechowuj\u0105 danych osobowych.<\/li>\n<\/ol>\n","protected":false},"excerpt":{"rendered":"<p>Witryna akantmeble.pl\u00a0wykorzystuje pliki Cookies, czyli pliki tekstowe zapisywane na komputerze u\u017cytkownika, identyfikuj\u0105ce go w spos\u00f3b potrzebny do umo\u017cliwienia niekt\u00f3rych operacji.<\/p>\n","protected":false},"author":1,"featured_media":0,"parent":0,"menu_order":0,"comment_status":"closed","ping_status":"closed","template":"","meta":{"footnotes":""},"class_list":["post-33","page","type-page","status-publish","hentry"],"yoast_head":"<!-- This site is optimized with the Yoast SEO plugin v27.5 - https:\/\/yoast.com\/product\/yoast-seo-wordpress\/ -->\n<title>Polityka plik\u00f3w cookie - Akant Meble exclusive furniture<\/title>\n<meta name=\"robots\" content=\"index, follow, max-snippet:-1, max-image-preview:large, max-video-preview:-1\" \/>\n<link rel=\"canonical\" href=\"https:\/\/akantmeble.pl\/hurt\/polityka-plikow-cookie\/\" \/>\n<meta property=\"og:locale\" content=\"pl_PL\" \/>\n<meta property=\"og:type\" content=\"article\" \/>\n<meta property=\"og:title\" content=\"Polityka plik\u00f3w cookie - Akant Meble exclusive furniture\" \/>\n<meta property=\"og:description\" content=\"Witryna akantmeble.pl\u00a0wykorzystuje pliki Cookies, czyli pliki tekstowe zapisywane na komputerze u\u017cytkownika, identyfikuj\u0105ce go w spos\u00f3b potrzebny do umo\u017cliwienia niekt\u00f3rych operacji.\" \/>\n<meta property=\"og:url\" content=\"https:\/\/akantmeble.pl\/hurt\/polityka-plikow-cookie\/\" \/>\n<meta property=\"og:site_name\" content=\"Akant Meble exclusive furniture\" \/>\n<meta property=\"article:modified_time\" content=\"2022-03-16T21:36:34+00:00\" \/>\n<meta name=\"twitter:card\" content=\"summary_large_image\" \/>\n<meta name=\"twitter:label1\" content=\"Szacowany czas czytania\" \/>\n\t<meta name=\"twitter:data1\" content=\"1 minuta\" \/>\n<script type=\"application\/ld+json\" class=\"yoast-schema-graph\">{\"@context\":\"https:\\\/\\\/schema.org\",\"@graph\":[{\"@type\":\"WebPage\",\"@id\":\"https:\\\/\\\/akantmeble.pl\\\/hurt\\\/polityka-plikow-cookie\\\/\",\"url\":\"https:\\\/\\\/akantmeble.pl\\\/hurt\\\/polityka-plikow-cookie\\\/\",\"name\":\"Polityka plik\u00f3w cookie - Akant Meble exclusive furniture\",\"isPartOf\":{\"@id\":\"https:\\\/\\\/akantmeble.pl\\\/hurt\\\/#website\"},\"datePublished\":\"2022-03-07T22:36:06+00:00\",\"dateModified\":\"2022-03-16T21:36:34+00:00\",\"breadcrumb\":{\"@id\":\"https:\\\/\\\/akantmeble.pl\\\/hurt\\\/polityka-plikow-cookie\\\/#breadcrumb\"},\"inLanguage\":\"pl-PL\",\"potentialAction\":[{\"@type\":\"ReadAction\",\"target\":[\"https:\\\/\\\/akantmeble.pl\\\/hurt\\\/polityka-plikow-cookie\\\/\"]}]},{\"@type\":\"BreadcrumbList\",\"@id\":\"https:\\\/\\\/akantmeble.pl\\\/hurt\\\/polityka-plikow-cookie\\\/#breadcrumb\",\"itemListElement\":[{\"@type\":\"ListItem\",\"position\":1,\"name\":\"Strona g\u0142\u00f3wna\",\"item\":\"https:\\\/\\\/akantmeble.pl\\\/hurt\\\/\"},{\"@type\":\"ListItem\",\"position\":2,\"name\":\"Polityka plik\u00f3w cookie\"}]},{\"@type\":\"WebSite\",\"@id\":\"https:\\\/\\\/akantmeble.pl\\\/hurt\\\/#website\",\"url\":\"https:\\\/\\\/akantmeble.pl\\\/hurt\\\/\",\"name\":\"Akant Meble exclusive furniture\",\"description\":\"\",\"potentialAction\":[{\"@type\":\"SearchAction\",\"target\":{\"@type\":\"EntryPoint\",\"urlTemplate\":\"https:\\\/\\\/akantmeble.pl\\\/hurt\\\/?s={search_term_string}\"},\"query-input\":{\"@type\":\"PropertyValueSpecification\",\"valueRequired\":true,\"valueName\":\"search_term_string\"}}],\"inLanguage\":\"pl-PL\"}]}<\/script>\n<!-- \/ Yoast SEO plugin. -->","yoast_head_json":{"title":"Polityka plik\u00f3w cookie - Akant Meble exclusive furniture","robots":{"index":"index","follow":"follow","max-snippet":"max-snippet:-1","max-image-preview":"max-image-preview:large","max-video-preview":"max-video-preview:-1"},"canonical":"https:\/\/akantmeble.pl\/hurt\/polityka-plikow-cookie\/","og_locale":"pl_PL","og_type":"article","og_title":"Polityka plik\u00f3w cookie - Akant Meble exclusive furniture","og_description":"Witryna akantmeble.pl\u00a0wykorzystuje pliki Cookies, czyli pliki tekstowe zapisywane na komputerze u\u017cytkownika, identyfikuj\u0105ce go w spos\u00f3b potrzebny do umo\u017cliwienia niekt\u00f3rych operacji.","og_url":"https:\/\/akantmeble.pl\/hurt\/polityka-plikow-cookie\/","og_site_name":"Akant Meble exclusive furniture","article_modified_time":"2022-03-16T21:36:34+00:00","twitter_card":"summary_large_image","twitter_misc":{"Szacowany czas czytania":"1 minuta"},"schema":{"@context":"https:\/\/schema.org","@graph":[{"@type":"WebPage","@id":"https:\/\/akantmeble.pl\/hurt\/polityka-plikow-cookie\/","url":"https:\/\/akantmeble.pl\/hurt\/polityka-plikow-cookie\/","name":"Polityka plik\u00f3w cookie - Akant Meble exclusive furniture","isPartOf":{"@id":"https:\/\/akantmeble.pl\/hurt\/#website"},"datePublished":"2022-03-07T22:36:06+00:00","dateModified":"2022-03-16T21:36:34+00:00","breadcrumb":{"@id":"https:\/\/akantmeble.pl\/hurt\/polityka-plikow-cookie\/#breadcrumb"},"inLanguage":"pl-PL","potentialAction":[{"@type":"ReadAction","target":["https:\/\/akantmeble.pl\/hurt\/polityka-plikow-cookie\/"]}]},{"@type":"BreadcrumbList","@id":"https:\/\/akantmeble.pl\/hurt\/polityka-plikow-cookie\/#breadcrumb","itemListElement":[{"@type":"ListItem","position":1,"name":"Strona g\u0142\u00f3wna","item":"https:\/\/akantmeble.pl\/hurt\/"},{"@type":"ListItem","position":2,"name":"Polityka plik\u00f3w cookie"}]},{"@type":"WebSite","@id":"https:\/\/akantmeble.pl\/hurt\/#website","url":"https:\/\/akantmeble.pl\/hurt\/","name":"Akant Meble exclusive furniture","description":"","potentialAction":[{"@type":"SearchAction","target":{"@type":"EntryPoint","urlTemplate":"https:\/\/akantmeble.pl\/hurt\/?s={search_term_string}"},"query-input":{"@type":"PropertyValueSpecification","valueRequired":true,"valueName":"search_term_string"}}],"inLanguage":"pl-PL"}]}},"_links":{"self":[{"href":"https:\/\/akantmeble.pl\/hurt\/wp-json\/wp\/v2\/pages\/33","targetHints":{"allow":["GET"]}}],"collection":[{"href":"https:\/\/akantmeble.pl\/hurt\/wp-json\/wp\/v2\/pages"}],"about":[{"href":"https:\/\/akantmeble.pl\/hurt\/wp-json\/wp\/v2\/types\/page"}],"author":[{"embeddable":true,"href":"https:\/\/akantmeble.pl\/hurt\/wp-json\/wp\/v2\/users\/1"}],"replies":[{"embeddable":true,"href":"https:\/\/akantmeble.pl\/hurt\/wp-json\/wp\/v2\/comments?post=33"}],"version-history":[{"count":2,"href":"https:\/\/akantmeble.pl\/hurt\/wp-json\/wp\/v2\/pages\/33\/revisions"}],"predecessor-version":[{"id":109,"href":"https:\/\/akantmeble.pl\/hurt\/wp-json\/wp\/v2\/pages\/33\/revisions\/109"}],"wp:attachment":[{"href":"https:\/\/akantmeble.pl\/hurt\/wp-json\/wp\/v2\/media?parent=33"}],"curies":[{"name":"wp","href":"https:\/\/api.w.org\/{rel}","templated":true}]}}