{"id":1165,"date":"2023-01-03T12:34:04","date_gmt":"2023-01-03T11:34:04","guid":{"rendered":"https:\/\/akantmeble.pl\/?post_type=product&#038;p=1165"},"modified":"2023-01-03T12:51:07","modified_gmt":"2023-01-03T11:51:07","slug":"komoda-lazienkowa-glamour-ck024","status":"publish","type":"product","link":"https:\/\/akantmeble.pl\/hurt\/produkt\/komoda-lazienkowa-glamour-ck024\/","title":{"rendered":"Komoda \u0142azienkowa glamour"},"content":{"rendered":"<p>Komoda pod umywalk\u0119 w stylu Glamour.<br \/>\nMebel klasy premium.<br \/>\nSzuflady ze spowalniaczem i samo doci\u0105giem.<br \/>\nLakier o podwy\u017cszonej twardo\u015bci, odporny na wilgo\u0107, mo\u017cliwo\u015b\u0107 wykonania w dowolnym kolorze.<br \/>\nKomod\u0119 przystosujemy pod ka\u017cd\u0105 umywalk\u0119 i bateri\u0119.<br \/>\n<div style=\"width: 1920px;\" class=\"wp-video\"><video class=\"wp-video-shortcode\" id=\"video-1165-1\" width=\"1920\" height=\"1080\" preload=\"metadata\" controls=\"controls\"><source type=\"video\/mp4\" src=\"https:\/\/akantmeble.pl\/wp-content\/uploads\/2023\/01\/komoda-do-lazieniki-glamour-2.mp4?_=1\" \/><a href=\"https:\/\/akantmeble.pl\/wp-content\/uploads\/2023\/01\/komoda-do-lazieniki-glamour-2.mp4\">https:\/\/akantmeble.pl\/wp-content\/uploads\/2023\/01\/komoda-do-lazieniki-glamour-2.mp4<\/a><\/video><\/div>\n","protected":false},"excerpt":{"rendered":"<p>Komoda do \u0142azienki w stylu glamour.<\/p>\n","protected":false},"featured_media":1175,"comment_status":"open","ping_status":"closed","template":"","meta":[],"product_brand":[],"product_cat":[23],"product_tag":[131,138,140],"class_list":{"0":"post-1165","1":"product","2":"type-product","3":"status-publish","4":"has-post-thumbnail","6":"product_cat-konsole-komody-do-lazienki","7":"product_tag-ekskluzywne-wnetrza","8":"product_tag-komoda-do-lazienki","9":"product_tag-szafka-do-lazienki","10":"product_shipping_class-xl-480zl","11":"pa_styl-glamour","13":"first","14":"instock","15":"shipping-taxable","16":"purchasable","17":"product-type-variable"},"yoast_head":"<!-- This site is optimized with the Yoast SEO plugin v27.5 - https:\/\/yoast.com\/product\/yoast-seo-wordpress\/ -->\n<title>Komoda \u0142azienkowa glamour - Akant Meble exclusive furniture<\/title>\n<meta name=\"description\" content=\"Komoda pod umywalk\u0119 w stylu Glamour. Mebel klasy premium. Szuflady ze spowalniaczem i samo doci\u0105giem...\" \/>\n<meta name=\"robots\" content=\"index, follow, max-snippet:-1, max-image-preview:large, max-video-preview:-1\" \/>\n<link rel=\"canonical\" href=\"https:\/\/akantmeble.pl\/hurt\/produkt\/komoda-lazienkowa-glamour-ck024\/\" \/>\n<meta property=\"og:locale\" content=\"pl_PL\" \/>\n<meta property=\"og:type\" content=\"article\" \/>\n<meta property=\"og:title\" content=\"Komoda \u0142azienkowa glamour - Akant Meble exclusive furniture\" \/>\n<meta property=\"og:description\" content=\"Komoda pod umywalk\u0119 w stylu Glamour. Mebel klasy premium. Szuflady ze spowalniaczem i samo doci\u0105giem...\" \/>\n<meta property=\"og:url\" content=\"https:\/\/akantmeble.pl\/hurt\/produkt\/komoda-lazienkowa-glamour-ck024\/\" \/>\n<meta property=\"og:site_name\" content=\"Akant Meble exclusive furniture\" \/>\n<meta property=\"article:modified_time\" content=\"2023-01-03T11:51:07+00:00\" \/>\n<meta property=\"og:image\" content=\"https:\/\/akantmeble.pl\/hurt\/wp-content\/uploads\/2023\/01\/komoda-do-lazieniki-glamour-3-scaled.jpg\" \/>\n\t<meta property=\"og:image:width\" content=\"1920\" \/>\n\t<meta property=\"og:image:height\" content=\"2560\" \/>\n\t<meta property=\"og:image:type\" content=\"image\/jpeg\" \/>\n<meta name=\"twitter:card\" content=\"summary_large_image\" \/>\n<script type=\"application\/ld+json\" class=\"yoast-schema-graph\">{\"@context\":\"https:\\\/\\\/schema.org\",\"@graph\":[{\"@type\":\"WebPage\",\"@id\":\"https:\\\/\\\/akantmeble.pl\\\/hurt\\\/produkt\\\/komoda-lazienkowa-glamour-ck024\\\/\",\"url\":\"https:\\\/\\\/akantmeble.pl\\\/hurt\\\/produkt\\\/komoda-lazienkowa-glamour-ck024\\\/\",\"name\":\"Komoda \u0142azienkowa glamour - Akant Meble exclusive furniture\",\"isPartOf\":{\"@id\":\"https:\\\/\\\/akantmeble.pl\\\/hurt\\\/#website\"},\"primaryImageOfPage\":{\"@id\":\"https:\\\/\\\/akantmeble.pl\\\/hurt\\\/produkt\\\/komoda-lazienkowa-glamour-ck024\\\/#primaryimage\"},\"image\":{\"@id\":\"https:\\\/\\\/akantmeble.pl\\\/hurt\\\/produkt\\\/komoda-lazienkowa-glamour-ck024\\\/#primaryimage\"},\"thumbnailUrl\":\"https:\\\/\\\/akantmeble.pl\\\/hurt\\\/wp-content\\\/uploads\\\/2023\\\/01\\\/komoda-do-lazieniki-glamour-3-scaled.jpg\",\"datePublished\":\"2023-01-03T11:34:04+00:00\",\"dateModified\":\"2023-01-03T11:51:07+00:00\",\"description\":\"Komoda pod umywalk\u0119 w stylu Glamour. Mebel klasy premium. Szuflady ze spowalniaczem i samo doci\u0105giem...\",\"breadcrumb\":{\"@id\":\"https:\\\/\\\/akantmeble.pl\\\/hurt\\\/produkt\\\/komoda-lazienkowa-glamour-ck024\\\/#breadcrumb\"},\"inLanguage\":\"pl-PL\",\"potentialAction\":[{\"@type\":\"ReadAction\",\"target\":[\"https:\\\/\\\/akantmeble.pl\\\/hurt\\\/produkt\\\/komoda-lazienkowa-glamour-ck024\\\/\"]}]},{\"@type\":\"ImageObject\",\"inLanguage\":\"pl-PL\",\"@id\":\"https:\\\/\\\/akantmeble.pl\\\/hurt\\\/produkt\\\/komoda-lazienkowa-glamour-ck024\\\/#primaryimage\",\"url\":\"https:\\\/\\\/akantmeble.pl\\\/hurt\\\/wp-content\\\/uploads\\\/2023\\\/01\\\/komoda-do-lazieniki-glamour-3-scaled.jpg\",\"contentUrl\":\"https:\\\/\\\/akantmeble.pl\\\/hurt\\\/wp-content\\\/uploads\\\/2023\\\/01\\\/komoda-do-lazieniki-glamour-3-scaled.jpg\",\"width\":1920,\"height\":2560},{\"@type\":\"BreadcrumbList\",\"@id\":\"https:\\\/\\\/akantmeble.pl\\\/hurt\\\/produkt\\\/komoda-lazienkowa-glamour-ck024\\\/#breadcrumb\",\"itemListElement\":[{\"@type\":\"ListItem\",\"position\":1,\"name\":\"Strona g\u0142\u00f3wna\",\"item\":\"https:\\\/\\\/akantmeble.pl\\\/hurt\\\/\"},{\"@type\":\"ListItem\",\"position\":2,\"name\":\"Sklep\",\"item\":\"https:\\\/\\\/akantmeble.pl\\\/hurt\\\/sklep\\\/\"},{\"@type\":\"ListItem\",\"position\":3,\"name\":\"Komoda \u0142azienkowa glamour\"}]},{\"@type\":\"WebSite\",\"@id\":\"https:\\\/\\\/akantmeble.pl\\\/hurt\\\/#website\",\"url\":\"https:\\\/\\\/akantmeble.pl\\\/hurt\\\/\",\"name\":\"Akant Meble exclusive furniture\",\"description\":\"\",\"potentialAction\":[{\"@type\":\"SearchAction\",\"target\":{\"@type\":\"EntryPoint\",\"urlTemplate\":\"https:\\\/\\\/akantmeble.pl\\\/hurt\\\/?s={search_term_string}\"},\"query-input\":{\"@type\":\"PropertyValueSpecification\",\"valueRequired\":true,\"valueName\":\"search_term_string\"}}],\"inLanguage\":\"pl-PL\"}]}<\/script>\n<!-- \/ Yoast SEO plugin. -->","yoast_head_json":{"title":"Komoda \u0142azienkowa glamour - Akant Meble exclusive furniture","description":"Komoda pod umywalk\u0119 w stylu Glamour. Mebel klasy premium. Szuflady ze spowalniaczem i samo doci\u0105giem...","robots":{"index":"index","follow":"follow","max-snippet":"max-snippet:-1","max-image-preview":"max-image-preview:large","max-video-preview":"max-video-preview:-1"},"canonical":"https:\/\/akantmeble.pl\/hurt\/produkt\/komoda-lazienkowa-glamour-ck024\/","og_locale":"pl_PL","og_type":"article","og_title":"Komoda \u0142azienkowa glamour - Akant Meble exclusive furniture","og_description":"Komoda pod umywalk\u0119 w stylu Glamour. Mebel klasy premium. Szuflady ze spowalniaczem i samo doci\u0105giem...","og_url":"https:\/\/akantmeble.pl\/hurt\/produkt\/komoda-lazienkowa-glamour-ck024\/","og_site_name":"Akant Meble exclusive furniture","article_modified_time":"2023-01-03T11:51:07+00:00","og_image":[{"width":1920,"height":2560,"url":"https:\/\/akantmeble.pl\/hurt\/wp-content\/uploads\/2023\/01\/komoda-do-lazieniki-glamour-3-scaled.jpg","type":"image\/jpeg"}],"twitter_card":"summary_large_image","schema":{"@context":"https:\/\/schema.org","@graph":[{"@type":"WebPage","@id":"https:\/\/akantmeble.pl\/hurt\/produkt\/komoda-lazienkowa-glamour-ck024\/","url":"https:\/\/akantmeble.pl\/hurt\/produkt\/komoda-lazienkowa-glamour-ck024\/","name":"Komoda \u0142azienkowa glamour - Akant Meble exclusive furniture","isPartOf":{"@id":"https:\/\/akantmeble.pl\/hurt\/#website"},"primaryImageOfPage":{"@id":"https:\/\/akantmeble.pl\/hurt\/produkt\/komoda-lazienkowa-glamour-ck024\/#primaryimage"},"image":{"@id":"https:\/\/akantmeble.pl\/hurt\/produkt\/komoda-lazienkowa-glamour-ck024\/#primaryimage"},"thumbnailUrl":"https:\/\/akantmeble.pl\/hurt\/wp-content\/uploads\/2023\/01\/komoda-do-lazieniki-glamour-3-scaled.jpg","datePublished":"2023-01-03T11:34:04+00:00","dateModified":"2023-01-03T11:51:07+00:00","description":"Komoda pod umywalk\u0119 w stylu Glamour. Mebel klasy premium. Szuflady ze spowalniaczem i samo doci\u0105giem...","breadcrumb":{"@id":"https:\/\/akantmeble.pl\/hurt\/produkt\/komoda-lazienkowa-glamour-ck024\/#breadcrumb"},"inLanguage":"pl-PL","potentialAction":[{"@type":"ReadAction","target":["https:\/\/akantmeble.pl\/hurt\/produkt\/komoda-lazienkowa-glamour-ck024\/"]}]},{"@type":"ImageObject","inLanguage":"pl-PL","@id":"https:\/\/akantmeble.pl\/hurt\/produkt\/komoda-lazienkowa-glamour-ck024\/#primaryimage","url":"https:\/\/akantmeble.pl\/hurt\/wp-content\/uploads\/2023\/01\/komoda-do-lazieniki-glamour-3-scaled.jpg","contentUrl":"https:\/\/akantmeble.pl\/hurt\/wp-content\/uploads\/2023\/01\/komoda-do-lazieniki-glamour-3-scaled.jpg","width":1920,"height":2560},{"@type":"BreadcrumbList","@id":"https:\/\/akantmeble.pl\/hurt\/produkt\/komoda-lazienkowa-glamour-ck024\/#breadcrumb","itemListElement":[{"@type":"ListItem","position":1,"name":"Strona g\u0142\u00f3wna","item":"https:\/\/akantmeble.pl\/hurt\/"},{"@type":"ListItem","position":2,"name":"Sklep","item":"https:\/\/akantmeble.pl\/hurt\/sklep\/"},{"@type":"ListItem","position":3,"name":"Komoda \u0142azienkowa glamour"}]},{"@type":"WebSite","@id":"https:\/\/akantmeble.pl\/hurt\/#website","url":"https:\/\/akantmeble.pl\/hurt\/","name":"Akant Meble exclusive furniture","description":"","potentialAction":[{"@type":"SearchAction","target":{"@type":"EntryPoint","urlTemplate":"https:\/\/akantmeble.pl\/hurt\/?s={search_term_string}"},"query-input":{"@type":"PropertyValueSpecification","valueRequired":true,"valueName":"search_term_string"}}],"inLanguage":"pl-PL"}]}},"_links":{"self":[{"href":"https:\/\/akantmeble.pl\/hurt\/wp-json\/wp\/v2\/product\/1165","targetHints":{"allow":["GET"]}}],"collection":[{"href":"https:\/\/akantmeble.pl\/hurt\/wp-json\/wp\/v2\/product"}],"about":[{"href":"https:\/\/akantmeble.pl\/hurt\/wp-json\/wp\/v2\/types\/product"}],"replies":[{"embeddable":true,"href":"https:\/\/akantmeble.pl\/hurt\/wp-json\/wp\/v2\/comments?post=1165"}],"wp:featuredmedia":[{"embeddable":true,"href":"https:\/\/akantmeble.pl\/hurt\/wp-json\/wp\/v2\/media\/1175"}],"wp:attachment":[{"href":"https:\/\/akantmeble.pl\/hurt\/wp-json\/wp\/v2\/media?parent=1165"}],"wp:term":[{"taxonomy":"product_brand","embeddable":true,"href":"https:\/\/akantmeble.pl\/hurt\/wp-json\/wp\/v2\/product_brand?post=1165"},{"taxonomy":"product_cat","embeddable":true,"href":"https:\/\/akantmeble.pl\/hurt\/wp-json\/wp\/v2\/product_cat?post=1165"},{"taxonomy":"product_tag","embeddable":true,"href":"https:\/\/akantmeble.pl\/hurt\/wp-json\/wp\/v2\/product_tag?post=1165"}],"curies":[{"name":"wp","href":"https:\/\/api.w.org\/{rel}","templated":true}]}}