{"id":1239,"date":"2023-01-05T20:58:44","date_gmt":"2023-01-05T19:58:44","guid":{"rendered":"https:\/\/akantmeble.pl\/?post_type=product&#038;p=1239"},"modified":"2023-01-05T21:10:58","modified_gmt":"2023-01-05T20:10:58","slug":"komoda-modern-pod-umywalke","status":"publish","type":"product","link":"https:\/\/akantmeble.pl\/hurt\/produkt\/komoda-modern-pod-umywalke\/","title":{"rendered":"Komoda pod umywalk\u0119 MODERN"},"content":{"rendered":"<p>Komoda pod umywalk\u0119 w stylu MODERN.<br \/>\nMebel klasy premium.<br \/>\nSzuflady ze spowalniaczem i samo doci\u0105giem.<br \/>\nLakier o podwy\u017cszonej twardo\u015bci, odporny na wilgo\u0107, mo\u017cliwo\u015b\u0107 wykonania w dowolnym kolorze i wymiarze.<br \/>\nKomod\u0119 przystosujemy pod ka\u017cd\u0105 umywalk\u0119 i bateri\u0119.<br \/>\nKoszt wykonania z blatem  taki jak sam .<br \/>\n<div style=\"width: 1920px;\" class=\"wp-video\"><video class=\"wp-video-shortcode\" id=\"video-1239-1\" width=\"1920\" height=\"1080\" preload=\"metadata\" controls=\"controls\"><source type=\"video\/mp4\" src=\"https:\/\/akantmeble.pl\/wp-content\/uploads\/2023\/01\/szafka-pod-umywalke-modern-1.mp4?_=1\" \/><a href=\"https:\/\/akantmeble.pl\/wp-content\/uploads\/2023\/01\/szafka-pod-umywalke-modern-1.mp4\">https:\/\/akantmeble.pl\/wp-content\/uploads\/2023\/01\/szafka-pod-umywalke-modern-1.mp4<\/a><\/video><\/div>\n","protected":false},"excerpt":{"rendered":"<p>szafka pod umywalk\u0119 modern<\/p>\n","protected":false},"featured_media":1246,"comment_status":"open","ping_status":"closed","template":"","meta":[],"product_brand":[],"product_cat":[23],"product_tag":[145,134,139],"class_list":{"0":"post-1239","1":"product","2":"type-product","3":"status-publish","4":"has-post-thumbnail","6":"product_cat-konsole-komody-do-lazienki","7":"product_tag-czarna-komoda-glamour","8":"product_tag-stylowa-komoda","9":"product_tag-szafka-pod-umywalke","10":"product_shipping_class-l-320zl","11":"pa_styl-modern","13":"first","14":"instock","15":"shipping-taxable","16":"purchasable","17":"product-type-variable"},"yoast_head":"<!-- This site is optimized with the Yoast SEO plugin v27.5 - https:\/\/yoast.com\/product\/yoast-seo-wordpress\/ -->\n<title>Komoda pod umywalk\u0119 MODERN - Akant Meble exclusive furniture<\/title>\n<meta name=\"description\" content=\"Komoda pod umywalk\u0119 , komoda do \u0142azienki, czarna komoda , komoda z szufladami , szafka pod umywalk\u0119 , szafka do \u0142azienki, AKANT\" \/>\n<meta name=\"robots\" content=\"index, follow, max-snippet:-1, max-image-preview:large, max-video-preview:-1\" \/>\n<link rel=\"canonical\" href=\"https:\/\/akantmeble.pl\/hurt\/produkt\/komoda-modern-pod-umywalke\/\" \/>\n<meta property=\"og:locale\" content=\"pl_PL\" \/>\n<meta property=\"og:type\" content=\"article\" \/>\n<meta property=\"og:title\" content=\"Komoda pod umywalk\u0119 MODERN - Akant Meble exclusive furniture\" \/>\n<meta property=\"og:description\" content=\"Komoda pod umywalk\u0119 , komoda do \u0142azienki, czarna komoda , komoda z szufladami , szafka pod umywalk\u0119 , szafka do \u0142azienki, AKANT\" \/>\n<meta property=\"og:url\" content=\"https:\/\/akantmeble.pl\/hurt\/produkt\/komoda-modern-pod-umywalke\/\" \/>\n<meta property=\"og:site_name\" content=\"Akant Meble exclusive furniture\" \/>\n<meta property=\"article:modified_time\" content=\"2023-01-05T20:10:58+00:00\" \/>\n<meta property=\"og:image\" content=\"https:\/\/akantmeble.pl\/hurt\/wp-content\/uploads\/2023\/01\/szafka-pod-umywalke-modern-scaled.jpg\" \/>\n\t<meta property=\"og:image:width\" content=\"2560\" \/>\n\t<meta property=\"og:image:height\" content=\"1920\" \/>\n\t<meta property=\"og:image:type\" content=\"image\/jpeg\" \/>\n<meta name=\"twitter:card\" content=\"summary_large_image\" \/>\n<meta name=\"twitter:label1\" content=\"Szacowany czas czytania\" \/>\n\t<meta name=\"twitter:data1\" content=\"1 minuta\" \/>\n<script type=\"application\/ld+json\" class=\"yoast-schema-graph\">{\"@context\":\"https:\\\/\\\/schema.org\",\"@graph\":[{\"@type\":\"WebPage\",\"@id\":\"https:\\\/\\\/akantmeble.pl\\\/hurt\\\/produkt\\\/komoda-modern-pod-umywalke\\\/\",\"url\":\"https:\\\/\\\/akantmeble.pl\\\/hurt\\\/produkt\\\/komoda-modern-pod-umywalke\\\/\",\"name\":\"Komoda pod umywalk\u0119 MODERN - Akant Meble exclusive furniture\",\"isPartOf\":{\"@id\":\"https:\\\/\\\/akantmeble.pl\\\/hurt\\\/#website\"},\"primaryImageOfPage\":{\"@id\":\"https:\\\/\\\/akantmeble.pl\\\/hurt\\\/produkt\\\/komoda-modern-pod-umywalke\\\/#primaryimage\"},\"image\":{\"@id\":\"https:\\\/\\\/akantmeble.pl\\\/hurt\\\/produkt\\\/komoda-modern-pod-umywalke\\\/#primaryimage\"},\"thumbnailUrl\":\"https:\\\/\\\/akantmeble.pl\\\/hurt\\\/wp-content\\\/uploads\\\/2023\\\/01\\\/szafka-pod-umywalke-modern-scaled.jpg\",\"datePublished\":\"2023-01-05T19:58:44+00:00\",\"dateModified\":\"2023-01-05T20:10:58+00:00\",\"description\":\"Komoda pod umywalk\u0119 , komoda do \u0142azienki, czarna komoda , komoda z szufladami , szafka pod umywalk\u0119 , szafka do \u0142azienki, AKANT\",\"breadcrumb\":{\"@id\":\"https:\\\/\\\/akantmeble.pl\\\/hurt\\\/produkt\\\/komoda-modern-pod-umywalke\\\/#breadcrumb\"},\"inLanguage\":\"pl-PL\",\"potentialAction\":[{\"@type\":\"ReadAction\",\"target\":[\"https:\\\/\\\/akantmeble.pl\\\/hurt\\\/produkt\\\/komoda-modern-pod-umywalke\\\/\"]}]},{\"@type\":\"ImageObject\",\"inLanguage\":\"pl-PL\",\"@id\":\"https:\\\/\\\/akantmeble.pl\\\/hurt\\\/produkt\\\/komoda-modern-pod-umywalke\\\/#primaryimage\",\"url\":\"https:\\\/\\\/akantmeble.pl\\\/hurt\\\/wp-content\\\/uploads\\\/2023\\\/01\\\/szafka-pod-umywalke-modern-scaled.jpg\",\"contentUrl\":\"https:\\\/\\\/akantmeble.pl\\\/hurt\\\/wp-content\\\/uploads\\\/2023\\\/01\\\/szafka-pod-umywalke-modern-scaled.jpg\",\"width\":2560,\"height\":1920},{\"@type\":\"BreadcrumbList\",\"@id\":\"https:\\\/\\\/akantmeble.pl\\\/hurt\\\/produkt\\\/komoda-modern-pod-umywalke\\\/#breadcrumb\",\"itemListElement\":[{\"@type\":\"ListItem\",\"position\":1,\"name\":\"Strona g\u0142\u00f3wna\",\"item\":\"https:\\\/\\\/akantmeble.pl\\\/hurt\\\/\"},{\"@type\":\"ListItem\",\"position\":2,\"name\":\"Sklep\",\"item\":\"https:\\\/\\\/akantmeble.pl\\\/hurt\\\/sklep\\\/\"},{\"@type\":\"ListItem\",\"position\":3,\"name\":\"Komoda pod umywalk\u0119 MODERN\"}]},{\"@type\":\"WebSite\",\"@id\":\"https:\\\/\\\/akantmeble.pl\\\/hurt\\\/#website\",\"url\":\"https:\\\/\\\/akantmeble.pl\\\/hurt\\\/\",\"name\":\"Akant Meble exclusive furniture\",\"description\":\"\",\"potentialAction\":[{\"@type\":\"SearchAction\",\"target\":{\"@type\":\"EntryPoint\",\"urlTemplate\":\"https:\\\/\\\/akantmeble.pl\\\/hurt\\\/?s={search_term_string}\"},\"query-input\":{\"@type\":\"PropertyValueSpecification\",\"valueRequired\":true,\"valueName\":\"search_term_string\"}}],\"inLanguage\":\"pl-PL\"}]}<\/script>\n<!-- \/ Yoast SEO plugin. -->","yoast_head_json":{"title":"Komoda pod umywalk\u0119 MODERN - Akant Meble exclusive furniture","description":"Komoda pod umywalk\u0119 , komoda do \u0142azienki, czarna komoda , komoda z szufladami , szafka pod umywalk\u0119 , szafka do \u0142azienki, AKANT","robots":{"index":"index","follow":"follow","max-snippet":"max-snippet:-1","max-image-preview":"max-image-preview:large","max-video-preview":"max-video-preview:-1"},"canonical":"https:\/\/akantmeble.pl\/hurt\/produkt\/komoda-modern-pod-umywalke\/","og_locale":"pl_PL","og_type":"article","og_title":"Komoda pod umywalk\u0119 MODERN - Akant Meble exclusive furniture","og_description":"Komoda pod umywalk\u0119 , komoda do \u0142azienki, czarna komoda , komoda z szufladami , szafka pod umywalk\u0119 , szafka do \u0142azienki, AKANT","og_url":"https:\/\/akantmeble.pl\/hurt\/produkt\/komoda-modern-pod-umywalke\/","og_site_name":"Akant Meble exclusive furniture","article_modified_time":"2023-01-05T20:10:58+00:00","og_image":[{"width":2560,"height":1920,"url":"https:\/\/akantmeble.pl\/hurt\/wp-content\/uploads\/2023\/01\/szafka-pod-umywalke-modern-scaled.jpg","type":"image\/jpeg"}],"twitter_card":"summary_large_image","twitter_misc":{"Szacowany czas czytania":"1 minuta"},"schema":{"@context":"https:\/\/schema.org","@graph":[{"@type":"WebPage","@id":"https:\/\/akantmeble.pl\/hurt\/produkt\/komoda-modern-pod-umywalke\/","url":"https:\/\/akantmeble.pl\/hurt\/produkt\/komoda-modern-pod-umywalke\/","name":"Komoda pod umywalk\u0119 MODERN - Akant Meble exclusive furniture","isPartOf":{"@id":"https:\/\/akantmeble.pl\/hurt\/#website"},"primaryImageOfPage":{"@id":"https:\/\/akantmeble.pl\/hurt\/produkt\/komoda-modern-pod-umywalke\/#primaryimage"},"image":{"@id":"https:\/\/akantmeble.pl\/hurt\/produkt\/komoda-modern-pod-umywalke\/#primaryimage"},"thumbnailUrl":"https:\/\/akantmeble.pl\/hurt\/wp-content\/uploads\/2023\/01\/szafka-pod-umywalke-modern-scaled.jpg","datePublished":"2023-01-05T19:58:44+00:00","dateModified":"2023-01-05T20:10:58+00:00","description":"Komoda pod umywalk\u0119 , komoda do \u0142azienki, czarna komoda , komoda z szufladami , szafka pod umywalk\u0119 , szafka do \u0142azienki, AKANT","breadcrumb":{"@id":"https:\/\/akantmeble.pl\/hurt\/produkt\/komoda-modern-pod-umywalke\/#breadcrumb"},"inLanguage":"pl-PL","potentialAction":[{"@type":"ReadAction","target":["https:\/\/akantmeble.pl\/hurt\/produkt\/komoda-modern-pod-umywalke\/"]}]},{"@type":"ImageObject","inLanguage":"pl-PL","@id":"https:\/\/akantmeble.pl\/hurt\/produkt\/komoda-modern-pod-umywalke\/#primaryimage","url":"https:\/\/akantmeble.pl\/hurt\/wp-content\/uploads\/2023\/01\/szafka-pod-umywalke-modern-scaled.jpg","contentUrl":"https:\/\/akantmeble.pl\/hurt\/wp-content\/uploads\/2023\/01\/szafka-pod-umywalke-modern-scaled.jpg","width":2560,"height":1920},{"@type":"BreadcrumbList","@id":"https:\/\/akantmeble.pl\/hurt\/produkt\/komoda-modern-pod-umywalke\/#breadcrumb","itemListElement":[{"@type":"ListItem","position":1,"name":"Strona g\u0142\u00f3wna","item":"https:\/\/akantmeble.pl\/hurt\/"},{"@type":"ListItem","position":2,"name":"Sklep","item":"https:\/\/akantmeble.pl\/hurt\/sklep\/"},{"@type":"ListItem","position":3,"name":"Komoda pod umywalk\u0119 MODERN"}]},{"@type":"WebSite","@id":"https:\/\/akantmeble.pl\/hurt\/#website","url":"https:\/\/akantmeble.pl\/hurt\/","name":"Akant Meble exclusive furniture","description":"","potentialAction":[{"@type":"SearchAction","target":{"@type":"EntryPoint","urlTemplate":"https:\/\/akantmeble.pl\/hurt\/?s={search_term_string}"},"query-input":{"@type":"PropertyValueSpecification","valueRequired":true,"valueName":"search_term_string"}}],"inLanguage":"pl-PL"}]}},"_links":{"self":[{"href":"https:\/\/akantmeble.pl\/hurt\/wp-json\/wp\/v2\/product\/1239","targetHints":{"allow":["GET"]}}],"collection":[{"href":"https:\/\/akantmeble.pl\/hurt\/wp-json\/wp\/v2\/product"}],"about":[{"href":"https:\/\/akantmeble.pl\/hurt\/wp-json\/wp\/v2\/types\/product"}],"replies":[{"embeddable":true,"href":"https:\/\/akantmeble.pl\/hurt\/wp-json\/wp\/v2\/comments?post=1239"}],"wp:featuredmedia":[{"embeddable":true,"href":"https:\/\/akantmeble.pl\/hurt\/wp-json\/wp\/v2\/media\/1246"}],"wp:attachment":[{"href":"https:\/\/akantmeble.pl\/hurt\/wp-json\/wp\/v2\/media?parent=1239"}],"wp:term":[{"taxonomy":"product_brand","embeddable":true,"href":"https:\/\/akantmeble.pl\/hurt\/wp-json\/wp\/v2\/product_brand?post=1239"},{"taxonomy":"product_cat","embeddable":true,"href":"https:\/\/akantmeble.pl\/hurt\/wp-json\/wp\/v2\/product_cat?post=1239"},{"taxonomy":"product_tag","embeddable":true,"href":"https:\/\/akantmeble.pl\/hurt\/wp-json\/wp\/v2\/product_tag?post=1239"}],"curies":[{"name":"wp","href":"https:\/\/api.w.org\/{rel}","templated":true}]}}