{"id":1252,"date":"2023-01-07T13:07:44","date_gmt":"2023-01-07T12:07:44","guid":{"rendered":"https:\/\/akantmeble.pl\/?post_type=product&#038;p=1252"},"modified":"2023-01-07T13:16:39","modified_gmt":"2023-01-07T12:16:39","slug":"komoda-modern-mk006","status":"publish","type":"product","link":"https:\/\/akantmeble.pl\/hurt\/produkt\/komoda-modern-mk006\/","title":{"rendered":"Komoda MODERN"},"content":{"rendered":"<p>Komoda w stylu MODERN.<br \/>\nMebel klasy premium.<br \/>\nSzuflady ze spowalniaczem i samo doci\u0105giem.<br \/>\nLakier o podwy\u017cszonej twardo\u015bci, odporny na wilgo\u0107, mo\u017cliwo\u015b\u0107 wykonania w dowolnym kolorze.<br \/>\nMo\u017cliwo\u015b\u0107 wykonania pod wymiar.<br \/>\n<div style=\"width: 1920px;\" class=\"wp-video\"><video class=\"wp-video-shortcode\" id=\"video-1252-1\" width=\"1920\" height=\"1080\" preload=\"metadata\" controls=\"controls\"><source type=\"video\/mp4\" src=\"https:\/\/akantmeble.pl\/wp-content\/uploads\/2023\/01\/komoda-modern-1.mp4?_=1\" \/><a href=\"https:\/\/akantmeble.pl\/wp-content\/uploads\/2023\/01\/komoda-modern-1.mp4\">https:\/\/akantmeble.pl\/wp-content\/uploads\/2023\/01\/komoda-modern-1.mp4<\/a><\/video><\/div>\n","protected":false},"excerpt":{"rendered":"<p>komoda modern<\/p>\n","protected":false},"featured_media":1264,"comment_status":"open","ping_status":"closed","template":"","meta":[],"product_brand":[],"product_cat":[22],"product_tag":[145,131,134],"class_list":{"0":"post-1252","1":"product","2":"type-product","3":"status-publish","4":"has-post-thumbnail","6":"product_cat-rtv-komody-witryny","7":"product_tag-czarna-komoda-glamour","8":"product_tag-ekskluzywne-wnetrza","9":"product_tag-stylowa-komoda","10":"product_shipping_class-xl-480zl","11":"pa_styl-modern","13":"first","14":"instock","15":"shipping-taxable","16":"purchasable","17":"product-type-variable"},"yoast_head":"<!-- This site is optimized with the Yoast SEO plugin v27.5 - https:\/\/yoast.com\/product\/yoast-seo-wordpress\/ -->\n<title>Komoda MODERN - Akant Meble exclusive furniture<\/title>\n<meta name=\"description\" content=\"Komoda w stylu modern .Mebel klasy premium. Szuflady ze spowalniaczem i samo doci\u0105giem. Lakier o podwy\u017cszonej twardo\u015bci,\" \/>\n<meta name=\"robots\" content=\"index, follow, max-snippet:-1, max-image-preview:large, max-video-preview:-1\" \/>\n<link rel=\"canonical\" href=\"https:\/\/akantmeble.pl\/hurt\/produkt\/komoda-modern-mk006\/\" \/>\n<meta property=\"og:locale\" content=\"pl_PL\" \/>\n<meta property=\"og:type\" content=\"article\" \/>\n<meta property=\"og:title\" content=\"Komoda MODERN - Akant Meble exclusive furniture\" \/>\n<meta property=\"og:description\" content=\"Komoda w stylu modern .Mebel klasy premium. Szuflady ze spowalniaczem i samo doci\u0105giem. Lakier o podwy\u017cszonej twardo\u015bci,\" \/>\n<meta property=\"og:url\" content=\"https:\/\/akantmeble.pl\/hurt\/produkt\/komoda-modern-mk006\/\" \/>\n<meta property=\"og:site_name\" content=\"Akant Meble exclusive furniture\" \/>\n<meta property=\"article:modified_time\" content=\"2023-01-07T12:16:39+00:00\" \/>\n<meta property=\"og:image\" content=\"https:\/\/akantmeble.pl\/hurt\/wp-content\/uploads\/2023\/01\/komoda-modern-scaled.jpg\" \/>\n\t<meta property=\"og:image:width\" content=\"1920\" \/>\n\t<meta property=\"og:image:height\" content=\"2560\" \/>\n\t<meta property=\"og:image:type\" content=\"image\/jpeg\" \/>\n<meta name=\"twitter:card\" content=\"summary_large_image\" \/>\n<script type=\"application\/ld+json\" class=\"yoast-schema-graph\">{\"@context\":\"https:\\\/\\\/schema.org\",\"@graph\":[{\"@type\":\"WebPage\",\"@id\":\"https:\\\/\\\/akantmeble.pl\\\/hurt\\\/produkt\\\/komoda-modern-mk006\\\/\",\"url\":\"https:\\\/\\\/akantmeble.pl\\\/hurt\\\/produkt\\\/komoda-modern-mk006\\\/\",\"name\":\"Komoda MODERN - Akant Meble exclusive furniture\",\"isPartOf\":{\"@id\":\"https:\\\/\\\/akantmeble.pl\\\/hurt\\\/#website\"},\"primaryImageOfPage\":{\"@id\":\"https:\\\/\\\/akantmeble.pl\\\/hurt\\\/produkt\\\/komoda-modern-mk006\\\/#primaryimage\"},\"image\":{\"@id\":\"https:\\\/\\\/akantmeble.pl\\\/hurt\\\/produkt\\\/komoda-modern-mk006\\\/#primaryimage\"},\"thumbnailUrl\":\"https:\\\/\\\/akantmeble.pl\\\/hurt\\\/wp-content\\\/uploads\\\/2023\\\/01\\\/komoda-modern-scaled.jpg\",\"datePublished\":\"2023-01-07T12:07:44+00:00\",\"dateModified\":\"2023-01-07T12:16:39+00:00\",\"description\":\"Komoda w stylu modern .Mebel klasy premium. Szuflady ze spowalniaczem i samo doci\u0105giem. Lakier o podwy\u017cszonej twardo\u015bci,\",\"breadcrumb\":{\"@id\":\"https:\\\/\\\/akantmeble.pl\\\/hurt\\\/produkt\\\/komoda-modern-mk006\\\/#breadcrumb\"},\"inLanguage\":\"pl-PL\",\"potentialAction\":[{\"@type\":\"ReadAction\",\"target\":[\"https:\\\/\\\/akantmeble.pl\\\/hurt\\\/produkt\\\/komoda-modern-mk006\\\/\"]}]},{\"@type\":\"ImageObject\",\"inLanguage\":\"pl-PL\",\"@id\":\"https:\\\/\\\/akantmeble.pl\\\/hurt\\\/produkt\\\/komoda-modern-mk006\\\/#primaryimage\",\"url\":\"https:\\\/\\\/akantmeble.pl\\\/hurt\\\/wp-content\\\/uploads\\\/2023\\\/01\\\/komoda-modern-scaled.jpg\",\"contentUrl\":\"https:\\\/\\\/akantmeble.pl\\\/hurt\\\/wp-content\\\/uploads\\\/2023\\\/01\\\/komoda-modern-scaled.jpg\",\"width\":1920,\"height\":2560},{\"@type\":\"BreadcrumbList\",\"@id\":\"https:\\\/\\\/akantmeble.pl\\\/hurt\\\/produkt\\\/komoda-modern-mk006\\\/#breadcrumb\",\"itemListElement\":[{\"@type\":\"ListItem\",\"position\":1,\"name\":\"Strona g\u0142\u00f3wna\",\"item\":\"https:\\\/\\\/akantmeble.pl\\\/hurt\\\/\"},{\"@type\":\"ListItem\",\"position\":2,\"name\":\"Sklep\",\"item\":\"https:\\\/\\\/akantmeble.pl\\\/hurt\\\/sklep\\\/\"},{\"@type\":\"ListItem\",\"position\":3,\"name\":\"Komoda MODERN\"}]},{\"@type\":\"WebSite\",\"@id\":\"https:\\\/\\\/akantmeble.pl\\\/hurt\\\/#website\",\"url\":\"https:\\\/\\\/akantmeble.pl\\\/hurt\\\/\",\"name\":\"Akant Meble exclusive furniture\",\"description\":\"\",\"potentialAction\":[{\"@type\":\"SearchAction\",\"target\":{\"@type\":\"EntryPoint\",\"urlTemplate\":\"https:\\\/\\\/akantmeble.pl\\\/hurt\\\/?s={search_term_string}\"},\"query-input\":{\"@type\":\"PropertyValueSpecification\",\"valueRequired\":true,\"valueName\":\"search_term_string\"}}],\"inLanguage\":\"pl-PL\"}]}<\/script>\n<!-- \/ Yoast SEO plugin. -->","yoast_head_json":{"title":"Komoda MODERN - Akant Meble exclusive furniture","description":"Komoda w stylu modern .Mebel klasy premium. Szuflady ze spowalniaczem i samo doci\u0105giem. Lakier o podwy\u017cszonej twardo\u015bci,","robots":{"index":"index","follow":"follow","max-snippet":"max-snippet:-1","max-image-preview":"max-image-preview:large","max-video-preview":"max-video-preview:-1"},"canonical":"https:\/\/akantmeble.pl\/hurt\/produkt\/komoda-modern-mk006\/","og_locale":"pl_PL","og_type":"article","og_title":"Komoda MODERN - Akant Meble exclusive furniture","og_description":"Komoda w stylu modern .Mebel klasy premium. Szuflady ze spowalniaczem i samo doci\u0105giem. Lakier o podwy\u017cszonej twardo\u015bci,","og_url":"https:\/\/akantmeble.pl\/hurt\/produkt\/komoda-modern-mk006\/","og_site_name":"Akant Meble exclusive furniture","article_modified_time":"2023-01-07T12:16:39+00:00","og_image":[{"width":1920,"height":2560,"url":"https:\/\/akantmeble.pl\/hurt\/wp-content\/uploads\/2023\/01\/komoda-modern-scaled.jpg","type":"image\/jpeg"}],"twitter_card":"summary_large_image","schema":{"@context":"https:\/\/schema.org","@graph":[{"@type":"WebPage","@id":"https:\/\/akantmeble.pl\/hurt\/produkt\/komoda-modern-mk006\/","url":"https:\/\/akantmeble.pl\/hurt\/produkt\/komoda-modern-mk006\/","name":"Komoda MODERN - Akant Meble exclusive furniture","isPartOf":{"@id":"https:\/\/akantmeble.pl\/hurt\/#website"},"primaryImageOfPage":{"@id":"https:\/\/akantmeble.pl\/hurt\/produkt\/komoda-modern-mk006\/#primaryimage"},"image":{"@id":"https:\/\/akantmeble.pl\/hurt\/produkt\/komoda-modern-mk006\/#primaryimage"},"thumbnailUrl":"https:\/\/akantmeble.pl\/hurt\/wp-content\/uploads\/2023\/01\/komoda-modern-scaled.jpg","datePublished":"2023-01-07T12:07:44+00:00","dateModified":"2023-01-07T12:16:39+00:00","description":"Komoda w stylu modern .Mebel klasy premium. Szuflady ze spowalniaczem i samo doci\u0105giem. Lakier o podwy\u017cszonej twardo\u015bci,","breadcrumb":{"@id":"https:\/\/akantmeble.pl\/hurt\/produkt\/komoda-modern-mk006\/#breadcrumb"},"inLanguage":"pl-PL","potentialAction":[{"@type":"ReadAction","target":["https:\/\/akantmeble.pl\/hurt\/produkt\/komoda-modern-mk006\/"]}]},{"@type":"ImageObject","inLanguage":"pl-PL","@id":"https:\/\/akantmeble.pl\/hurt\/produkt\/komoda-modern-mk006\/#primaryimage","url":"https:\/\/akantmeble.pl\/hurt\/wp-content\/uploads\/2023\/01\/komoda-modern-scaled.jpg","contentUrl":"https:\/\/akantmeble.pl\/hurt\/wp-content\/uploads\/2023\/01\/komoda-modern-scaled.jpg","width":1920,"height":2560},{"@type":"BreadcrumbList","@id":"https:\/\/akantmeble.pl\/hurt\/produkt\/komoda-modern-mk006\/#breadcrumb","itemListElement":[{"@type":"ListItem","position":1,"name":"Strona g\u0142\u00f3wna","item":"https:\/\/akantmeble.pl\/hurt\/"},{"@type":"ListItem","position":2,"name":"Sklep","item":"https:\/\/akantmeble.pl\/hurt\/sklep\/"},{"@type":"ListItem","position":3,"name":"Komoda MODERN"}]},{"@type":"WebSite","@id":"https:\/\/akantmeble.pl\/hurt\/#website","url":"https:\/\/akantmeble.pl\/hurt\/","name":"Akant Meble exclusive furniture","description":"","potentialAction":[{"@type":"SearchAction","target":{"@type":"EntryPoint","urlTemplate":"https:\/\/akantmeble.pl\/hurt\/?s={search_term_string}"},"query-input":{"@type":"PropertyValueSpecification","valueRequired":true,"valueName":"search_term_string"}}],"inLanguage":"pl-PL"}]}},"_links":{"self":[{"href":"https:\/\/akantmeble.pl\/hurt\/wp-json\/wp\/v2\/product\/1252","targetHints":{"allow":["GET"]}}],"collection":[{"href":"https:\/\/akantmeble.pl\/hurt\/wp-json\/wp\/v2\/product"}],"about":[{"href":"https:\/\/akantmeble.pl\/hurt\/wp-json\/wp\/v2\/types\/product"}],"replies":[{"embeddable":true,"href":"https:\/\/akantmeble.pl\/hurt\/wp-json\/wp\/v2\/comments?post=1252"}],"wp:featuredmedia":[{"embeddable":true,"href":"https:\/\/akantmeble.pl\/hurt\/wp-json\/wp\/v2\/media\/1264"}],"wp:attachment":[{"href":"https:\/\/akantmeble.pl\/hurt\/wp-json\/wp\/v2\/media?parent=1252"}],"wp:term":[{"taxonomy":"product_brand","embeddable":true,"href":"https:\/\/akantmeble.pl\/hurt\/wp-json\/wp\/v2\/product_brand?post=1252"},{"taxonomy":"product_cat","embeddable":true,"href":"https:\/\/akantmeble.pl\/hurt\/wp-json\/wp\/v2\/product_cat?post=1252"},{"taxonomy":"product_tag","embeddable":true,"href":"https:\/\/akantmeble.pl\/hurt\/wp-json\/wp\/v2\/product_tag?post=1252"}],"curies":[{"name":"wp","href":"https:\/\/api.w.org\/{rel}","templated":true}]}}