{"id":1384,"date":"2023-02-13T20:23:00","date_gmt":"2023-02-13T19:23:00","guid":{"rendered":"https:\/\/akantmeble.pl\/?post_type=product&#038;p=1384"},"modified":"2023-02-15T15:40:30","modified_gmt":"2023-02-15T14:40:30","slug":"konsola-glomour-ludwik-lk006","status":"publish","type":"product","link":"https:\/\/akantmeble.pl\/hurt\/produkt\/konsola-glomour-ludwik-lk006\/","title":{"rendered":"Konsola glamour Ludwik"},"content":{"rendered":"<p>Konsola w stylu glamour.<br \/>\nMebel klasy premium, wykonana z najwy\u017csz\u0105 staranno\u015bci\u0105 i dba\u0142o\u015bci\u0105 o szczeg\u00f3\u0142y.<br \/>\nSzuflada na prowadnicach z samo doci\u0105giem .<br \/>\nLakier o podwy\u017cszonej twardo\u015bci, odporny na wilgo\u0107, mo\u017cliwo\u015b\u0107 wykonania w dowolnym kolorze, oraz pod wymiar.<\/p>\n","protected":false},"excerpt":{"rendered":"<p>Konsola glamour<\/p>\n","protected":false},"featured_media":1390,"comment_status":"open","ping_status":"closed","template":"","meta":[],"product_brand":[],"product_cat":[20],"product_tag":[137,131,129],"class_list":{"0":"post-1384","1":"product","2":"type-product","3":"status-publish","4":"has-post-thumbnail","6":"product_cat-konsole-toaletki","7":"product_tag-czarny-stolik","8":"product_tag-ekskluzywne-wnetrza","9":"product_tag-luksusowe-meble","10":"product_shipping_class-medium-160zl","11":"pa_styl-ludwik","13":"first","14":"instock","15":"shipping-taxable","16":"purchasable","17":"product-type-variable"},"yoast_head":"<!-- This site is optimized with the Yoast SEO plugin v27.5 - https:\/\/yoast.com\/product\/yoast-seo-wordpress\/ -->\n<title>Konsola glamour Ludwik - Akant Meble exclusive furniture<\/title>\n<meta name=\"description\" content=\"Konsola pod umywalk\u0119 w stylu glamour. Mebel klasy premium. Szuflada wykonana w spos\u00f3b tradycyjny. Lakier o podwy\u017cszonej twardo\u015bci, odporny na wilgo\u0107\" \/>\n<meta name=\"robots\" content=\"index, follow, max-snippet:-1, max-image-preview:large, max-video-preview:-1\" \/>\n<link rel=\"canonical\" href=\"https:\/\/akantmeble.pl\/hurt\/produkt\/konsola-glomour-ludwik-lk006\/\" \/>\n<meta property=\"og:locale\" content=\"pl_PL\" \/>\n<meta property=\"og:type\" content=\"article\" \/>\n<meta property=\"og:title\" content=\"Konsola glamour Ludwik - Akant Meble exclusive furniture\" \/>\n<meta property=\"og:description\" content=\"Konsola pod umywalk\u0119 w stylu glamour. Mebel klasy premium. Szuflada wykonana w spos\u00f3b tradycyjny. Lakier o podwy\u017cszonej twardo\u015bci, odporny na wilgo\u0107\" \/>\n<meta property=\"og:url\" content=\"https:\/\/akantmeble.pl\/hurt\/produkt\/konsola-glomour-ludwik-lk006\/\" \/>\n<meta property=\"og:site_name\" content=\"Akant Meble exclusive furniture\" \/>\n<meta property=\"article:modified_time\" content=\"2023-02-15T14:40:30+00:00\" \/>\n<meta property=\"og:image\" content=\"https:\/\/akantmeble.pl\/hurt\/wp-content\/uploads\/2023\/02\/konsola-glamour-8.jpg\" \/>\n\t<meta property=\"og:image:width\" content=\"1536\" \/>\n\t<meta property=\"og:image:height\" content=\"2048\" \/>\n\t<meta property=\"og:image:type\" content=\"image\/jpeg\" \/>\n<meta name=\"twitter:card\" content=\"summary_large_image\" \/>\n<script type=\"application\/ld+json\" class=\"yoast-schema-graph\">{\"@context\":\"https:\\\/\\\/schema.org\",\"@graph\":[{\"@type\":\"WebPage\",\"@id\":\"https:\\\/\\\/akantmeble.pl\\\/hurt\\\/produkt\\\/konsola-glomour-ludwik-lk006\\\/\",\"url\":\"https:\\\/\\\/akantmeble.pl\\\/hurt\\\/produkt\\\/konsola-glomour-ludwik-lk006\\\/\",\"name\":\"Konsola glamour Ludwik - Akant Meble exclusive furniture\",\"isPartOf\":{\"@id\":\"https:\\\/\\\/akantmeble.pl\\\/hurt\\\/#website\"},\"primaryImageOfPage\":{\"@id\":\"https:\\\/\\\/akantmeble.pl\\\/hurt\\\/produkt\\\/konsola-glomour-ludwik-lk006\\\/#primaryimage\"},\"image\":{\"@id\":\"https:\\\/\\\/akantmeble.pl\\\/hurt\\\/produkt\\\/konsola-glomour-ludwik-lk006\\\/#primaryimage\"},\"thumbnailUrl\":\"https:\\\/\\\/akantmeble.pl\\\/hurt\\\/wp-content\\\/uploads\\\/2023\\\/02\\\/konsola-glamour-8.jpg\",\"datePublished\":\"2023-02-13T19:23:00+00:00\",\"dateModified\":\"2023-02-15T14:40:30+00:00\",\"description\":\"Konsola pod umywalk\u0119 w stylu glamour. Mebel klasy premium. Szuflada wykonana w spos\u00f3b tradycyjny. Lakier o podwy\u017cszonej twardo\u015bci, odporny na wilgo\u0107\",\"breadcrumb\":{\"@id\":\"https:\\\/\\\/akantmeble.pl\\\/hurt\\\/produkt\\\/konsola-glomour-ludwik-lk006\\\/#breadcrumb\"},\"inLanguage\":\"pl-PL\",\"potentialAction\":[{\"@type\":\"ReadAction\",\"target\":[\"https:\\\/\\\/akantmeble.pl\\\/hurt\\\/produkt\\\/konsola-glomour-ludwik-lk006\\\/\"]}]},{\"@type\":\"ImageObject\",\"inLanguage\":\"pl-PL\",\"@id\":\"https:\\\/\\\/akantmeble.pl\\\/hurt\\\/produkt\\\/konsola-glomour-ludwik-lk006\\\/#primaryimage\",\"url\":\"https:\\\/\\\/akantmeble.pl\\\/hurt\\\/wp-content\\\/uploads\\\/2023\\\/02\\\/konsola-glamour-8.jpg\",\"contentUrl\":\"https:\\\/\\\/akantmeble.pl\\\/hurt\\\/wp-content\\\/uploads\\\/2023\\\/02\\\/konsola-glamour-8.jpg\",\"width\":1536,\"height\":2048},{\"@type\":\"BreadcrumbList\",\"@id\":\"https:\\\/\\\/akantmeble.pl\\\/hurt\\\/produkt\\\/konsola-glomour-ludwik-lk006\\\/#breadcrumb\",\"itemListElement\":[{\"@type\":\"ListItem\",\"position\":1,\"name\":\"Strona g\u0142\u00f3wna\",\"item\":\"https:\\\/\\\/akantmeble.pl\\\/hurt\\\/\"},{\"@type\":\"ListItem\",\"position\":2,\"name\":\"Sklep\",\"item\":\"https:\\\/\\\/akantmeble.pl\\\/hurt\\\/sklep\\\/\"},{\"@type\":\"ListItem\",\"position\":3,\"name\":\"Konsola glamour Ludwik\"}]},{\"@type\":\"WebSite\",\"@id\":\"https:\\\/\\\/akantmeble.pl\\\/hurt\\\/#website\",\"url\":\"https:\\\/\\\/akantmeble.pl\\\/hurt\\\/\",\"name\":\"Akant Meble exclusive furniture\",\"description\":\"\",\"potentialAction\":[{\"@type\":\"SearchAction\",\"target\":{\"@type\":\"EntryPoint\",\"urlTemplate\":\"https:\\\/\\\/akantmeble.pl\\\/hurt\\\/?s={search_term_string}\"},\"query-input\":{\"@type\":\"PropertyValueSpecification\",\"valueRequired\":true,\"valueName\":\"search_term_string\"}}],\"inLanguage\":\"pl-PL\"}]}<\/script>\n<!-- \/ Yoast SEO plugin. -->","yoast_head_json":{"title":"Konsola glamour Ludwik - Akant Meble exclusive furniture","description":"Konsola pod umywalk\u0119 w stylu glamour. Mebel klasy premium. Szuflada wykonana w spos\u00f3b tradycyjny. Lakier o podwy\u017cszonej twardo\u015bci, odporny na wilgo\u0107","robots":{"index":"index","follow":"follow","max-snippet":"max-snippet:-1","max-image-preview":"max-image-preview:large","max-video-preview":"max-video-preview:-1"},"canonical":"https:\/\/akantmeble.pl\/hurt\/produkt\/konsola-glomour-ludwik-lk006\/","og_locale":"pl_PL","og_type":"article","og_title":"Konsola glamour Ludwik - Akant Meble exclusive furniture","og_description":"Konsola pod umywalk\u0119 w stylu glamour. Mebel klasy premium. Szuflada wykonana w spos\u00f3b tradycyjny. Lakier o podwy\u017cszonej twardo\u015bci, odporny na wilgo\u0107","og_url":"https:\/\/akantmeble.pl\/hurt\/produkt\/konsola-glomour-ludwik-lk006\/","og_site_name":"Akant Meble exclusive furniture","article_modified_time":"2023-02-15T14:40:30+00:00","og_image":[{"width":1536,"height":2048,"url":"https:\/\/akantmeble.pl\/hurt\/wp-content\/uploads\/2023\/02\/konsola-glamour-8.jpg","type":"image\/jpeg"}],"twitter_card":"summary_large_image","schema":{"@context":"https:\/\/schema.org","@graph":[{"@type":"WebPage","@id":"https:\/\/akantmeble.pl\/hurt\/produkt\/konsola-glomour-ludwik-lk006\/","url":"https:\/\/akantmeble.pl\/hurt\/produkt\/konsola-glomour-ludwik-lk006\/","name":"Konsola glamour Ludwik - Akant Meble exclusive furniture","isPartOf":{"@id":"https:\/\/akantmeble.pl\/hurt\/#website"},"primaryImageOfPage":{"@id":"https:\/\/akantmeble.pl\/hurt\/produkt\/konsola-glomour-ludwik-lk006\/#primaryimage"},"image":{"@id":"https:\/\/akantmeble.pl\/hurt\/produkt\/konsola-glomour-ludwik-lk006\/#primaryimage"},"thumbnailUrl":"https:\/\/akantmeble.pl\/hurt\/wp-content\/uploads\/2023\/02\/konsola-glamour-8.jpg","datePublished":"2023-02-13T19:23:00+00:00","dateModified":"2023-02-15T14:40:30+00:00","description":"Konsola pod umywalk\u0119 w stylu glamour. Mebel klasy premium. Szuflada wykonana w spos\u00f3b tradycyjny. Lakier o podwy\u017cszonej twardo\u015bci, odporny na wilgo\u0107","breadcrumb":{"@id":"https:\/\/akantmeble.pl\/hurt\/produkt\/konsola-glomour-ludwik-lk006\/#breadcrumb"},"inLanguage":"pl-PL","potentialAction":[{"@type":"ReadAction","target":["https:\/\/akantmeble.pl\/hurt\/produkt\/konsola-glomour-ludwik-lk006\/"]}]},{"@type":"ImageObject","inLanguage":"pl-PL","@id":"https:\/\/akantmeble.pl\/hurt\/produkt\/konsola-glomour-ludwik-lk006\/#primaryimage","url":"https:\/\/akantmeble.pl\/hurt\/wp-content\/uploads\/2023\/02\/konsola-glamour-8.jpg","contentUrl":"https:\/\/akantmeble.pl\/hurt\/wp-content\/uploads\/2023\/02\/konsola-glamour-8.jpg","width":1536,"height":2048},{"@type":"BreadcrumbList","@id":"https:\/\/akantmeble.pl\/hurt\/produkt\/konsola-glomour-ludwik-lk006\/#breadcrumb","itemListElement":[{"@type":"ListItem","position":1,"name":"Strona g\u0142\u00f3wna","item":"https:\/\/akantmeble.pl\/hurt\/"},{"@type":"ListItem","position":2,"name":"Sklep","item":"https:\/\/akantmeble.pl\/hurt\/sklep\/"},{"@type":"ListItem","position":3,"name":"Konsola glamour Ludwik"}]},{"@type":"WebSite","@id":"https:\/\/akantmeble.pl\/hurt\/#website","url":"https:\/\/akantmeble.pl\/hurt\/","name":"Akant Meble exclusive furniture","description":"","potentialAction":[{"@type":"SearchAction","target":{"@type":"EntryPoint","urlTemplate":"https:\/\/akantmeble.pl\/hurt\/?s={search_term_string}"},"query-input":{"@type":"PropertyValueSpecification","valueRequired":true,"valueName":"search_term_string"}}],"inLanguage":"pl-PL"}]}},"_links":{"self":[{"href":"https:\/\/akantmeble.pl\/hurt\/wp-json\/wp\/v2\/product\/1384","targetHints":{"allow":["GET"]}}],"collection":[{"href":"https:\/\/akantmeble.pl\/hurt\/wp-json\/wp\/v2\/product"}],"about":[{"href":"https:\/\/akantmeble.pl\/hurt\/wp-json\/wp\/v2\/types\/product"}],"replies":[{"embeddable":true,"href":"https:\/\/akantmeble.pl\/hurt\/wp-json\/wp\/v2\/comments?post=1384"}],"wp:featuredmedia":[{"embeddable":true,"href":"https:\/\/akantmeble.pl\/hurt\/wp-json\/wp\/v2\/media\/1390"}],"wp:attachment":[{"href":"https:\/\/akantmeble.pl\/hurt\/wp-json\/wp\/v2\/media?parent=1384"}],"wp:term":[{"taxonomy":"product_brand","embeddable":true,"href":"https:\/\/akantmeble.pl\/hurt\/wp-json\/wp\/v2\/product_brand?post=1384"},{"taxonomy":"product_cat","embeddable":true,"href":"https:\/\/akantmeble.pl\/hurt\/wp-json\/wp\/v2\/product_cat?post=1384"},{"taxonomy":"product_tag","embeddable":true,"href":"https:\/\/akantmeble.pl\/hurt\/wp-json\/wp\/v2\/product_tag?post=1384"}],"curies":[{"name":"wp","href":"https:\/\/api.w.org\/{rel}","templated":true}]}}