{"id":1450,"date":"2023-03-27T06:23:04","date_gmt":"2023-03-27T04:23:04","guid":{"rendered":"https:\/\/akantmeble.pl\/?post_type=product&#038;p=1450"},"modified":"2023-03-27T06:33:52","modified_gmt":"2023-03-27T04:33:52","slug":"zloty-stol-glamour-zm002","status":"publish","type":"product","link":"https:\/\/akantmeble.pl\/hurt\/produkt\/zloty-stol-glamour-zm002\/","title":{"rendered":"Z\u0141OTY ST\u00d3\u0141 GLAMOUR"},"content":{"rendered":"<p>St\u00f3\u0142 w stylu GLAMOUR, z kolekcji LUXURY.<br \/>\nMebel klasy premium.<br \/>\n\u015arednica blatu 130cm.<br \/>\nBlat kompozytowy o bardzo wysokich parametrach \u015bcieralno\u015bci do z\u0142udzenia przypominaj\u0105cy prawdziwy marmur<br \/>\nPodstawa wykonana z wysokiej klasy stali nierdzewnej.  <\/p>\n","protected":false},"excerpt":{"rendered":"<p>Z\u0142oty st\u00f3\u0142 okr\u0105g\u0142y glamour.<\/p>\n","protected":false},"featured_media":1452,"comment_status":"open","ping_status":"closed","template":"","meta":[],"product_brand":[],"product_cat":[24],"product_tag":[131,129,153],"class_list":{"0":"post-1450","1":"product","2":"type-product","3":"status-publish","4":"has-post-thumbnail","6":"product_cat-stoliki-lawy-stoly","7":"product_tag-ekskluzywne-wnetrza","8":"product_tag-luksusowe-meble","9":"product_tag-stol-salon","10":"product_shipping_class-xl-480zl","11":"pa_styl-glamour","13":"first","14":"onbackorder","15":"shipping-taxable","16":"purchasable","17":"product-type-variable"},"yoast_head":"<!-- This site is optimized with the Yoast SEO plugin v27.5 - https:\/\/yoast.com\/product\/yoast-seo-wordpress\/ -->\n<title>Z\u0141OTY ST\u00d3\u0141 GLAMOUR - Akant Meble exclusive furniture<\/title>\n<meta name=\"description\" content=\"St\u00f3\u0142 w stylu GLAMOUR, z kolekcji LUXURY .Mebel klasy premium. \u015arednica blatu 130cm.\" \/>\n<meta name=\"robots\" content=\"index, follow, max-snippet:-1, max-image-preview:large, max-video-preview:-1\" \/>\n<link rel=\"canonical\" href=\"https:\/\/akantmeble.pl\/hurt\/produkt\/zloty-stol-glamour-zm002\/\" \/>\n<meta property=\"og:locale\" content=\"pl_PL\" \/>\n<meta property=\"og:type\" content=\"article\" \/>\n<meta property=\"og:title\" content=\"Z\u0141OTY ST\u00d3\u0141 GLAMOUR - Akant Meble exclusive furniture\" \/>\n<meta property=\"og:description\" content=\"St\u00f3\u0142 w stylu GLAMOUR, z kolekcji LUXURY .Mebel klasy premium. \u015arednica blatu 130cm.\" \/>\n<meta property=\"og:url\" content=\"https:\/\/akantmeble.pl\/hurt\/produkt\/zloty-stol-glamour-zm002\/\" \/>\n<meta property=\"og:site_name\" content=\"Akant Meble exclusive furniture\" \/>\n<meta property=\"article:modified_time\" content=\"2023-03-27T04:33:52+00:00\" \/>\n<meta property=\"og:image\" content=\"https:\/\/akantmeble.pl\/hurt\/wp-content\/uploads\/2023\/03\/zloty-stol-okragly-marmur.jpg\" \/>\n\t<meta property=\"og:image:width\" content=\"400\" \/>\n\t<meta property=\"og:image:height\" content=\"400\" \/>\n\t<meta property=\"og:image:type\" content=\"image\/jpeg\" \/>\n<meta name=\"twitter:card\" content=\"summary_large_image\" \/>\n<script type=\"application\/ld+json\" class=\"yoast-schema-graph\">{\"@context\":\"https:\\\/\\\/schema.org\",\"@graph\":[{\"@type\":\"WebPage\",\"@id\":\"https:\\\/\\\/akantmeble.pl\\\/hurt\\\/produkt\\\/zloty-stol-glamour-zm002\\\/\",\"url\":\"https:\\\/\\\/akantmeble.pl\\\/hurt\\\/produkt\\\/zloty-stol-glamour-zm002\\\/\",\"name\":\"Z\u0141OTY ST\u00d3\u0141 GLAMOUR - Akant Meble exclusive furniture\",\"isPartOf\":{\"@id\":\"https:\\\/\\\/akantmeble.pl\\\/hurt\\\/#website\"},\"primaryImageOfPage\":{\"@id\":\"https:\\\/\\\/akantmeble.pl\\\/hurt\\\/produkt\\\/zloty-stol-glamour-zm002\\\/#primaryimage\"},\"image\":{\"@id\":\"https:\\\/\\\/akantmeble.pl\\\/hurt\\\/produkt\\\/zloty-stol-glamour-zm002\\\/#primaryimage\"},\"thumbnailUrl\":\"https:\\\/\\\/akantmeble.pl\\\/hurt\\\/wp-content\\\/uploads\\\/2023\\\/03\\\/zloty-stol-okragly-marmur.jpg\",\"datePublished\":\"2023-03-27T04:23:04+00:00\",\"dateModified\":\"2023-03-27T04:33:52+00:00\",\"description\":\"St\u00f3\u0142 w stylu GLAMOUR, z kolekcji LUXURY .Mebel klasy premium. \u015arednica blatu 130cm.\",\"breadcrumb\":{\"@id\":\"https:\\\/\\\/akantmeble.pl\\\/hurt\\\/produkt\\\/zloty-stol-glamour-zm002\\\/#breadcrumb\"},\"inLanguage\":\"pl-PL\",\"potentialAction\":[{\"@type\":\"ReadAction\",\"target\":[\"https:\\\/\\\/akantmeble.pl\\\/hurt\\\/produkt\\\/zloty-stol-glamour-zm002\\\/\"]}]},{\"@type\":\"ImageObject\",\"inLanguage\":\"pl-PL\",\"@id\":\"https:\\\/\\\/akantmeble.pl\\\/hurt\\\/produkt\\\/zloty-stol-glamour-zm002\\\/#primaryimage\",\"url\":\"https:\\\/\\\/akantmeble.pl\\\/hurt\\\/wp-content\\\/uploads\\\/2023\\\/03\\\/zloty-stol-okragly-marmur.jpg\",\"contentUrl\":\"https:\\\/\\\/akantmeble.pl\\\/hurt\\\/wp-content\\\/uploads\\\/2023\\\/03\\\/zloty-stol-okragly-marmur.jpg\",\"width\":400,\"height\":400},{\"@type\":\"BreadcrumbList\",\"@id\":\"https:\\\/\\\/akantmeble.pl\\\/hurt\\\/produkt\\\/zloty-stol-glamour-zm002\\\/#breadcrumb\",\"itemListElement\":[{\"@type\":\"ListItem\",\"position\":1,\"name\":\"Strona g\u0142\u00f3wna\",\"item\":\"https:\\\/\\\/akantmeble.pl\\\/hurt\\\/\"},{\"@type\":\"ListItem\",\"position\":2,\"name\":\"Sklep\",\"item\":\"https:\\\/\\\/akantmeble.pl\\\/hurt\\\/sklep\\\/\"},{\"@type\":\"ListItem\",\"position\":3,\"name\":\"Z\u0141OTY ST\u00d3\u0141 GLAMOUR\"}]},{\"@type\":\"WebSite\",\"@id\":\"https:\\\/\\\/akantmeble.pl\\\/hurt\\\/#website\",\"url\":\"https:\\\/\\\/akantmeble.pl\\\/hurt\\\/\",\"name\":\"Akant Meble exclusive furniture\",\"description\":\"\",\"potentialAction\":[{\"@type\":\"SearchAction\",\"target\":{\"@type\":\"EntryPoint\",\"urlTemplate\":\"https:\\\/\\\/akantmeble.pl\\\/hurt\\\/?s={search_term_string}\"},\"query-input\":{\"@type\":\"PropertyValueSpecification\",\"valueRequired\":true,\"valueName\":\"search_term_string\"}}],\"inLanguage\":\"pl-PL\"}]}<\/script>\n<!-- \/ Yoast SEO plugin. -->","yoast_head_json":{"title":"Z\u0141OTY ST\u00d3\u0141 GLAMOUR - Akant Meble exclusive furniture","description":"St\u00f3\u0142 w stylu GLAMOUR, z kolekcji LUXURY .Mebel klasy premium. \u015arednica blatu 130cm.","robots":{"index":"index","follow":"follow","max-snippet":"max-snippet:-1","max-image-preview":"max-image-preview:large","max-video-preview":"max-video-preview:-1"},"canonical":"https:\/\/akantmeble.pl\/hurt\/produkt\/zloty-stol-glamour-zm002\/","og_locale":"pl_PL","og_type":"article","og_title":"Z\u0141OTY ST\u00d3\u0141 GLAMOUR - Akant Meble exclusive furniture","og_description":"St\u00f3\u0142 w stylu GLAMOUR, z kolekcji LUXURY .Mebel klasy premium. \u015arednica blatu 130cm.","og_url":"https:\/\/akantmeble.pl\/hurt\/produkt\/zloty-stol-glamour-zm002\/","og_site_name":"Akant Meble exclusive furniture","article_modified_time":"2023-03-27T04:33:52+00:00","og_image":[{"width":400,"height":400,"url":"https:\/\/akantmeble.pl\/hurt\/wp-content\/uploads\/2023\/03\/zloty-stol-okragly-marmur.jpg","type":"image\/jpeg"}],"twitter_card":"summary_large_image","schema":{"@context":"https:\/\/schema.org","@graph":[{"@type":"WebPage","@id":"https:\/\/akantmeble.pl\/hurt\/produkt\/zloty-stol-glamour-zm002\/","url":"https:\/\/akantmeble.pl\/hurt\/produkt\/zloty-stol-glamour-zm002\/","name":"Z\u0141OTY ST\u00d3\u0141 GLAMOUR - Akant Meble exclusive furniture","isPartOf":{"@id":"https:\/\/akantmeble.pl\/hurt\/#website"},"primaryImageOfPage":{"@id":"https:\/\/akantmeble.pl\/hurt\/produkt\/zloty-stol-glamour-zm002\/#primaryimage"},"image":{"@id":"https:\/\/akantmeble.pl\/hurt\/produkt\/zloty-stol-glamour-zm002\/#primaryimage"},"thumbnailUrl":"https:\/\/akantmeble.pl\/hurt\/wp-content\/uploads\/2023\/03\/zloty-stol-okragly-marmur.jpg","datePublished":"2023-03-27T04:23:04+00:00","dateModified":"2023-03-27T04:33:52+00:00","description":"St\u00f3\u0142 w stylu GLAMOUR, z kolekcji LUXURY .Mebel klasy premium. \u015arednica blatu 130cm.","breadcrumb":{"@id":"https:\/\/akantmeble.pl\/hurt\/produkt\/zloty-stol-glamour-zm002\/#breadcrumb"},"inLanguage":"pl-PL","potentialAction":[{"@type":"ReadAction","target":["https:\/\/akantmeble.pl\/hurt\/produkt\/zloty-stol-glamour-zm002\/"]}]},{"@type":"ImageObject","inLanguage":"pl-PL","@id":"https:\/\/akantmeble.pl\/hurt\/produkt\/zloty-stol-glamour-zm002\/#primaryimage","url":"https:\/\/akantmeble.pl\/hurt\/wp-content\/uploads\/2023\/03\/zloty-stol-okragly-marmur.jpg","contentUrl":"https:\/\/akantmeble.pl\/hurt\/wp-content\/uploads\/2023\/03\/zloty-stol-okragly-marmur.jpg","width":400,"height":400},{"@type":"BreadcrumbList","@id":"https:\/\/akantmeble.pl\/hurt\/produkt\/zloty-stol-glamour-zm002\/#breadcrumb","itemListElement":[{"@type":"ListItem","position":1,"name":"Strona g\u0142\u00f3wna","item":"https:\/\/akantmeble.pl\/hurt\/"},{"@type":"ListItem","position":2,"name":"Sklep","item":"https:\/\/akantmeble.pl\/hurt\/sklep\/"},{"@type":"ListItem","position":3,"name":"Z\u0141OTY ST\u00d3\u0141 GLAMOUR"}]},{"@type":"WebSite","@id":"https:\/\/akantmeble.pl\/hurt\/#website","url":"https:\/\/akantmeble.pl\/hurt\/","name":"Akant Meble exclusive furniture","description":"","potentialAction":[{"@type":"SearchAction","target":{"@type":"EntryPoint","urlTemplate":"https:\/\/akantmeble.pl\/hurt\/?s={search_term_string}"},"query-input":{"@type":"PropertyValueSpecification","valueRequired":true,"valueName":"search_term_string"}}],"inLanguage":"pl-PL"}]}},"_links":{"self":[{"href":"https:\/\/akantmeble.pl\/hurt\/wp-json\/wp\/v2\/product\/1450","targetHints":{"allow":["GET"]}}],"collection":[{"href":"https:\/\/akantmeble.pl\/hurt\/wp-json\/wp\/v2\/product"}],"about":[{"href":"https:\/\/akantmeble.pl\/hurt\/wp-json\/wp\/v2\/types\/product"}],"replies":[{"embeddable":true,"href":"https:\/\/akantmeble.pl\/hurt\/wp-json\/wp\/v2\/comments?post=1450"}],"wp:featuredmedia":[{"embeddable":true,"href":"https:\/\/akantmeble.pl\/hurt\/wp-json\/wp\/v2\/media\/1452"}],"wp:attachment":[{"href":"https:\/\/akantmeble.pl\/hurt\/wp-json\/wp\/v2\/media?parent=1450"}],"wp:term":[{"taxonomy":"product_brand","embeddable":true,"href":"https:\/\/akantmeble.pl\/hurt\/wp-json\/wp\/v2\/product_brand?post=1450"},{"taxonomy":"product_cat","embeddable":true,"href":"https:\/\/akantmeble.pl\/hurt\/wp-json\/wp\/v2\/product_cat?post=1450"},{"taxonomy":"product_tag","embeddable":true,"href":"https:\/\/akantmeble.pl\/hurt\/wp-json\/wp\/v2\/product_tag?post=1450"}],"curies":[{"name":"wp","href":"https:\/\/api.w.org\/{rel}","templated":true}]}}