{"id":643,"date":"2022-08-06T13:14:27","date_gmt":"2022-08-06T11:14:27","guid":{"rendered":"https:\/\/akantmeble.pl\/?post_type=product&#038;p=643"},"modified":"2022-09-06T14:30:48","modified_gmt":"2022-09-06T12:30:48","slug":"szafka-rtv-glamour4","status":"publish","type":"product","link":"https:\/\/akantmeble.pl\/hurt\/produkt\/szafka-rtv-glamour4\/","title":{"rendered":"Szafka RTV glamour"},"content":{"rendered":"<p>Szafka RTV w stylu glamour.<br \/>\nMebel klasy premium.<br \/>\nDu\u017ce szuflady ze spowalniaczem i samo doci\u0105giem, dwie przelotki na kable.<br \/>\nLakier o podwy\u017cszonej twardo\u015bci, odporny na wilgo\u0107, mo\u017cliwo\u015b\u0107 wykonania w dowolnym kolorze.<br \/>\nIstnieje mo\u017cliwo\u015b\u0107 zamontowania p\u00f3\u0142ki we wn\u0119ce na dowolnej wysoko\u015bci <\/p>\n","protected":false},"excerpt":{"rendered":"<p>Szafka RTV w stylu Glamour<\/p>\n","protected":false},"featured_media":651,"comment_status":"open","ping_status":"closed","template":"","meta":[],"product_brand":[],"product_cat":[22],"product_tag":[132,134],"class_list":{"0":"post-643","1":"product","2":"type-product","3":"status-publish","4":"has-post-thumbnail","6":"product_cat-rtv-komody-witryny","7":"product_tag-komoda-pod-telewizor","8":"product_tag-stylowa-komoda","9":"product_shipping_class-xl-480zl","10":"pa_styl-glamour","12":"first","13":"instock","14":"shipping-taxable","15":"purchasable","16":"product-type-variable"},"yoast_head":"<!-- This site is optimized with the Yoast SEO plugin v27.5 - https:\/\/yoast.com\/product\/yoast-seo-wordpress\/ -->\n<title>Szafka RTV glamour - Akant Meble exclusive furniture<\/title>\n<meta name=\"description\" content=\"Szafka RTV w stylu Glamour\" \/>\n<meta name=\"robots\" content=\"index, follow, max-snippet:-1, max-image-preview:large, max-video-preview:-1\" \/>\n<link rel=\"canonical\" href=\"https:\/\/akantmeble.pl\/hurt\/produkt\/szafka-rtv-glamour4\/\" \/>\n<meta property=\"og:locale\" content=\"pl_PL\" \/>\n<meta property=\"og:type\" content=\"article\" \/>\n<meta property=\"og:title\" content=\"Szafka RTV glamour - Akant Meble exclusive furniture\" \/>\n<meta property=\"og:description\" content=\"Szafka RTV w stylu Glamour\" \/>\n<meta property=\"og:url\" content=\"https:\/\/akantmeble.pl\/hurt\/produkt\/szafka-rtv-glamour4\/\" \/>\n<meta property=\"og:site_name\" content=\"Akant Meble exclusive furniture\" \/>\n<meta property=\"article:modified_time\" content=\"2022-09-06T12:30:48+00:00\" \/>\n<meta property=\"og:image\" content=\"https:\/\/akantmeble.pl\/hurt\/wp-content\/uploads\/2022\/04\/szafka-pod-telewizor-glamour-4-scaled.jpg\" \/>\n\t<meta property=\"og:image:width\" content=\"2560\" \/>\n\t<meta property=\"og:image:height\" content=\"1920\" \/>\n\t<meta property=\"og:image:type\" content=\"image\/jpeg\" \/>\n<meta name=\"twitter:card\" content=\"summary_large_image\" \/>\n<script type=\"application\/ld+json\" class=\"yoast-schema-graph\">{\"@context\":\"https:\\\/\\\/schema.org\",\"@graph\":[{\"@type\":\"WebPage\",\"@id\":\"https:\\\/\\\/akantmeble.pl\\\/hurt\\\/produkt\\\/szafka-rtv-glamour4\\\/\",\"url\":\"https:\\\/\\\/akantmeble.pl\\\/hurt\\\/produkt\\\/szafka-rtv-glamour4\\\/\",\"name\":\"Szafka RTV glamour - Akant Meble exclusive furniture\",\"isPartOf\":{\"@id\":\"https:\\\/\\\/akantmeble.pl\\\/hurt\\\/#website\"},\"primaryImageOfPage\":{\"@id\":\"https:\\\/\\\/akantmeble.pl\\\/hurt\\\/produkt\\\/szafka-rtv-glamour4\\\/#primaryimage\"},\"image\":{\"@id\":\"https:\\\/\\\/akantmeble.pl\\\/hurt\\\/produkt\\\/szafka-rtv-glamour4\\\/#primaryimage\"},\"thumbnailUrl\":\"https:\\\/\\\/akantmeble.pl\\\/hurt\\\/wp-content\\\/uploads\\\/2022\\\/08\\\/szafka-pod-telewizor-glamour-2-scaled.jpg\",\"datePublished\":\"2022-08-06T11:14:27+00:00\",\"dateModified\":\"2022-09-06T12:30:48+00:00\",\"description\":\"Szafka RTV w stylu Glamour\",\"breadcrumb\":{\"@id\":\"https:\\\/\\\/akantmeble.pl\\\/hurt\\\/produkt\\\/szafka-rtv-glamour4\\\/#breadcrumb\"},\"inLanguage\":\"pl-PL\",\"potentialAction\":[{\"@type\":\"ReadAction\",\"target\":[\"https:\\\/\\\/akantmeble.pl\\\/hurt\\\/produkt\\\/szafka-rtv-glamour4\\\/\"]}]},{\"@type\":\"ImageObject\",\"inLanguage\":\"pl-PL\",\"@id\":\"https:\\\/\\\/akantmeble.pl\\\/hurt\\\/produkt\\\/szafka-rtv-glamour4\\\/#primaryimage\",\"url\":\"https:\\\/\\\/akantmeble.pl\\\/hurt\\\/wp-content\\\/uploads\\\/2022\\\/08\\\/szafka-pod-telewizor-glamour-2-scaled.jpg\",\"contentUrl\":\"https:\\\/\\\/akantmeble.pl\\\/hurt\\\/wp-content\\\/uploads\\\/2022\\\/08\\\/szafka-pod-telewizor-glamour-2-scaled.jpg\",\"width\":2560,\"height\":1920},{\"@type\":\"BreadcrumbList\",\"@id\":\"https:\\\/\\\/akantmeble.pl\\\/hurt\\\/produkt\\\/szafka-rtv-glamour4\\\/#breadcrumb\",\"itemListElement\":[{\"@type\":\"ListItem\",\"position\":1,\"name\":\"Strona g\u0142\u00f3wna\",\"item\":\"https:\\\/\\\/akantmeble.pl\\\/hurt\\\/\"},{\"@type\":\"ListItem\",\"position\":2,\"name\":\"Sklep\",\"item\":\"https:\\\/\\\/akantmeble.pl\\\/hurt\\\/sklep\\\/\"},{\"@type\":\"ListItem\",\"position\":3,\"name\":\"Szafka RTV glamour\"}]},{\"@type\":\"WebSite\",\"@id\":\"https:\\\/\\\/akantmeble.pl\\\/hurt\\\/#website\",\"url\":\"https:\\\/\\\/akantmeble.pl\\\/hurt\\\/\",\"name\":\"Akant Meble exclusive furniture\",\"description\":\"\",\"potentialAction\":[{\"@type\":\"SearchAction\",\"target\":{\"@type\":\"EntryPoint\",\"urlTemplate\":\"https:\\\/\\\/akantmeble.pl\\\/hurt\\\/?s={search_term_string}\"},\"query-input\":{\"@type\":\"PropertyValueSpecification\",\"valueRequired\":true,\"valueName\":\"search_term_string\"}}],\"inLanguage\":\"pl-PL\"}]}<\/script>\n<!-- \/ Yoast SEO plugin. -->","yoast_head_json":{"title":"Szafka RTV glamour - Akant Meble exclusive furniture","description":"Szafka RTV w stylu Glamour","robots":{"index":"index","follow":"follow","max-snippet":"max-snippet:-1","max-image-preview":"max-image-preview:large","max-video-preview":"max-video-preview:-1"},"canonical":"https:\/\/akantmeble.pl\/hurt\/produkt\/szafka-rtv-glamour4\/","og_locale":"pl_PL","og_type":"article","og_title":"Szafka RTV glamour - Akant Meble exclusive furniture","og_description":"Szafka RTV w stylu Glamour","og_url":"https:\/\/akantmeble.pl\/hurt\/produkt\/szafka-rtv-glamour4\/","og_site_name":"Akant Meble exclusive furniture","article_modified_time":"2022-09-06T12:30:48+00:00","og_image":[{"width":2560,"height":1920,"url":"https:\/\/akantmeble.pl\/hurt\/wp-content\/uploads\/2022\/04\/szafka-pod-telewizor-glamour-4-scaled.jpg","type":"image\/jpeg"}],"twitter_card":"summary_large_image","schema":{"@context":"https:\/\/schema.org","@graph":[{"@type":"WebPage","@id":"https:\/\/akantmeble.pl\/hurt\/produkt\/szafka-rtv-glamour4\/","url":"https:\/\/akantmeble.pl\/hurt\/produkt\/szafka-rtv-glamour4\/","name":"Szafka RTV glamour - Akant Meble exclusive furniture","isPartOf":{"@id":"https:\/\/akantmeble.pl\/hurt\/#website"},"primaryImageOfPage":{"@id":"https:\/\/akantmeble.pl\/hurt\/produkt\/szafka-rtv-glamour4\/#primaryimage"},"image":{"@id":"https:\/\/akantmeble.pl\/hurt\/produkt\/szafka-rtv-glamour4\/#primaryimage"},"thumbnailUrl":"https:\/\/akantmeble.pl\/hurt\/wp-content\/uploads\/2022\/08\/szafka-pod-telewizor-glamour-2-scaled.jpg","datePublished":"2022-08-06T11:14:27+00:00","dateModified":"2022-09-06T12:30:48+00:00","description":"Szafka RTV w stylu Glamour","breadcrumb":{"@id":"https:\/\/akantmeble.pl\/hurt\/produkt\/szafka-rtv-glamour4\/#breadcrumb"},"inLanguage":"pl-PL","potentialAction":[{"@type":"ReadAction","target":["https:\/\/akantmeble.pl\/hurt\/produkt\/szafka-rtv-glamour4\/"]}]},{"@type":"ImageObject","inLanguage":"pl-PL","@id":"https:\/\/akantmeble.pl\/hurt\/produkt\/szafka-rtv-glamour4\/#primaryimage","url":"https:\/\/akantmeble.pl\/hurt\/wp-content\/uploads\/2022\/08\/szafka-pod-telewizor-glamour-2-scaled.jpg","contentUrl":"https:\/\/akantmeble.pl\/hurt\/wp-content\/uploads\/2022\/08\/szafka-pod-telewizor-glamour-2-scaled.jpg","width":2560,"height":1920},{"@type":"BreadcrumbList","@id":"https:\/\/akantmeble.pl\/hurt\/produkt\/szafka-rtv-glamour4\/#breadcrumb","itemListElement":[{"@type":"ListItem","position":1,"name":"Strona g\u0142\u00f3wna","item":"https:\/\/akantmeble.pl\/hurt\/"},{"@type":"ListItem","position":2,"name":"Sklep","item":"https:\/\/akantmeble.pl\/hurt\/sklep\/"},{"@type":"ListItem","position":3,"name":"Szafka RTV glamour"}]},{"@type":"WebSite","@id":"https:\/\/akantmeble.pl\/hurt\/#website","url":"https:\/\/akantmeble.pl\/hurt\/","name":"Akant Meble exclusive furniture","description":"","potentialAction":[{"@type":"SearchAction","target":{"@type":"EntryPoint","urlTemplate":"https:\/\/akantmeble.pl\/hurt\/?s={search_term_string}"},"query-input":{"@type":"PropertyValueSpecification","valueRequired":true,"valueName":"search_term_string"}}],"inLanguage":"pl-PL"}]}},"_links":{"self":[{"href":"https:\/\/akantmeble.pl\/hurt\/wp-json\/wp\/v2\/product\/643","targetHints":{"allow":["GET"]}}],"collection":[{"href":"https:\/\/akantmeble.pl\/hurt\/wp-json\/wp\/v2\/product"}],"about":[{"href":"https:\/\/akantmeble.pl\/hurt\/wp-json\/wp\/v2\/types\/product"}],"replies":[{"embeddable":true,"href":"https:\/\/akantmeble.pl\/hurt\/wp-json\/wp\/v2\/comments?post=643"}],"wp:featuredmedia":[{"embeddable":true,"href":"https:\/\/akantmeble.pl\/hurt\/wp-json\/wp\/v2\/media\/651"}],"wp:attachment":[{"href":"https:\/\/akantmeble.pl\/hurt\/wp-json\/wp\/v2\/media?parent=643"}],"wp:term":[{"taxonomy":"product_brand","embeddable":true,"href":"https:\/\/akantmeble.pl\/hurt\/wp-json\/wp\/v2\/product_brand?post=643"},{"taxonomy":"product_cat","embeddable":true,"href":"https:\/\/akantmeble.pl\/hurt\/wp-json\/wp\/v2\/product_cat?post=643"},{"taxonomy":"product_tag","embeddable":true,"href":"https:\/\/akantmeble.pl\/hurt\/wp-json\/wp\/v2\/product_tag?post=643"}],"curies":[{"name":"wp","href":"https:\/\/api.w.org\/{rel}","templated":true}]}}