{"id":842,"date":"2022-08-30T19:09:29","date_gmt":"2022-08-30T17:09:29","guid":{"rendered":"https:\/\/akantmeble.pl\/?post_type=product&#038;p=842"},"modified":"2023-01-09T09:15:42","modified_gmt":"2023-01-09T08:15:42","slug":"komoda-modern","status":"publish","type":"product","link":"https:\/\/akantmeble.pl\/hurt\/produkt\/komoda-modern\/","title":{"rendered":"Komoda MODERN"},"content":{"rendered":"<p>Komoda w stylu MODERN.<br \/>\nMebel klasy premium.<br \/>\nSzuflady ze spowalniaczem i samo doci\u0105giem.<br \/>\nLakier o podwy\u017cszonej twardo\u015bci, odporny na wilgo\u0107, mo\u017cliwo\u015b\u0107 wykonania w dowolnym kolorze.<br \/>\nDost\u0119pne s\u0105 ko\u0142atki : chrom, satyna, mied\u017a i z\u0142oto.<br \/>\nMo\u017cliwo\u015b\u0107 wykonania pod wymiar.<\/p>\n","protected":false},"excerpt":{"rendered":"<p>komoda modern<\/p>\n","protected":false},"featured_media":856,"comment_status":"open","ping_status":"closed","template":"","meta":[],"product_brand":[],"product_cat":[22],"product_tag":[131,129,147],"class_list":{"0":"post-842","1":"product","2":"type-product","3":"status-publish","4":"has-post-thumbnail","6":"product_cat-rtv-komody-witryny","7":"product_tag-ekskluzywne-wnetrza","8":"product_tag-luksusowe-meble","9":"product_tag-meble-do-sypialni-glamour","10":"product_shipping_class-l-320zl","11":"pa_styl-modern","13":"first","14":"instock","15":"shipping-taxable","16":"purchasable","17":"product-type-variable"},"yoast_head":"<!-- This site is optimized with the Yoast SEO plugin v27.5 - https:\/\/yoast.com\/product\/yoast-seo-wordpress\/ -->\n<title>Komoda MODERN - Akant Meble exclusive furniture<\/title>\n<meta name=\"description\" content=\"Komoda w stylu modern .Mebel klasy premium. Szuflady ze spowalniaczem i samo doci\u0105giem. Lakier o podwy\u017cszonej twardo\u015bci,\" \/>\n<meta name=\"robots\" content=\"index, follow, max-snippet:-1, max-image-preview:large, max-video-preview:-1\" \/>\n<link rel=\"canonical\" href=\"https:\/\/akantmeble.pl\/hurt\/produkt\/komoda-modern\/\" \/>\n<meta property=\"og:locale\" content=\"pl_PL\" \/>\n<meta property=\"og:type\" content=\"article\" \/>\n<meta property=\"og:title\" content=\"Komoda MODERN - Akant Meble exclusive furniture\" \/>\n<meta property=\"og:description\" content=\"Komoda w stylu modern .Mebel klasy premium. Szuflady ze spowalniaczem i samo doci\u0105giem. Lakier o podwy\u017cszonej twardo\u015bci,\" \/>\n<meta property=\"og:url\" content=\"https:\/\/akantmeble.pl\/hurt\/produkt\/komoda-modern\/\" \/>\n<meta property=\"og:site_name\" content=\"Akant Meble exclusive furniture\" \/>\n<meta property=\"article:modified_time\" content=\"2023-01-09T08:15:42+00:00\" \/>\n<meta property=\"og:image\" content=\"https:\/\/akantmeble.pl\/hurt\/wp-content\/uploads\/2022\/08\/komoda-modern.jpg\" \/>\n\t<meta property=\"og:image:width\" content=\"1080\" \/>\n\t<meta property=\"og:image:height\" content=\"810\" \/>\n\t<meta property=\"og:image:type\" content=\"image\/jpeg\" \/>\n<meta name=\"twitter:card\" content=\"summary_large_image\" \/>\n<script type=\"application\/ld+json\" class=\"yoast-schema-graph\">{\"@context\":\"https:\\\/\\\/schema.org\",\"@graph\":[{\"@type\":\"WebPage\",\"@id\":\"https:\\\/\\\/akantmeble.pl\\\/hurt\\\/produkt\\\/komoda-modern\\\/\",\"url\":\"https:\\\/\\\/akantmeble.pl\\\/hurt\\\/produkt\\\/komoda-modern\\\/\",\"name\":\"Komoda MODERN - Akant Meble exclusive furniture\",\"isPartOf\":{\"@id\":\"https:\\\/\\\/akantmeble.pl\\\/hurt\\\/#website\"},\"primaryImageOfPage\":{\"@id\":\"https:\\\/\\\/akantmeble.pl\\\/hurt\\\/produkt\\\/komoda-modern\\\/#primaryimage\"},\"image\":{\"@id\":\"https:\\\/\\\/akantmeble.pl\\\/hurt\\\/produkt\\\/komoda-modern\\\/#primaryimage\"},\"thumbnailUrl\":\"https:\\\/\\\/akantmeble.pl\\\/hurt\\\/wp-content\\\/uploads\\\/2022\\\/08\\\/komoda-modern.jpg\",\"datePublished\":\"2022-08-30T17:09:29+00:00\",\"dateModified\":\"2023-01-09T08:15:42+00:00\",\"description\":\"Komoda w stylu modern .Mebel klasy premium. Szuflady ze spowalniaczem i samo doci\u0105giem. Lakier o podwy\u017cszonej twardo\u015bci,\",\"breadcrumb\":{\"@id\":\"https:\\\/\\\/akantmeble.pl\\\/hurt\\\/produkt\\\/komoda-modern\\\/#breadcrumb\"},\"inLanguage\":\"pl-PL\",\"potentialAction\":[{\"@type\":\"ReadAction\",\"target\":[\"https:\\\/\\\/akantmeble.pl\\\/hurt\\\/produkt\\\/komoda-modern\\\/\"]}]},{\"@type\":\"ImageObject\",\"inLanguage\":\"pl-PL\",\"@id\":\"https:\\\/\\\/akantmeble.pl\\\/hurt\\\/produkt\\\/komoda-modern\\\/#primaryimage\",\"url\":\"https:\\\/\\\/akantmeble.pl\\\/hurt\\\/wp-content\\\/uploads\\\/2022\\\/08\\\/komoda-modern.jpg\",\"contentUrl\":\"https:\\\/\\\/akantmeble.pl\\\/hurt\\\/wp-content\\\/uploads\\\/2022\\\/08\\\/komoda-modern.jpg\",\"width\":1080,\"height\":810},{\"@type\":\"BreadcrumbList\",\"@id\":\"https:\\\/\\\/akantmeble.pl\\\/hurt\\\/produkt\\\/komoda-modern\\\/#breadcrumb\",\"itemListElement\":[{\"@type\":\"ListItem\",\"position\":1,\"name\":\"Strona g\u0142\u00f3wna\",\"item\":\"https:\\\/\\\/akantmeble.pl\\\/hurt\\\/\"},{\"@type\":\"ListItem\",\"position\":2,\"name\":\"Sklep\",\"item\":\"https:\\\/\\\/akantmeble.pl\\\/hurt\\\/sklep\\\/\"},{\"@type\":\"ListItem\",\"position\":3,\"name\":\"Komoda MODERN\"}]},{\"@type\":\"WebSite\",\"@id\":\"https:\\\/\\\/akantmeble.pl\\\/hurt\\\/#website\",\"url\":\"https:\\\/\\\/akantmeble.pl\\\/hurt\\\/\",\"name\":\"Akant Meble exclusive furniture\",\"description\":\"\",\"potentialAction\":[{\"@type\":\"SearchAction\",\"target\":{\"@type\":\"EntryPoint\",\"urlTemplate\":\"https:\\\/\\\/akantmeble.pl\\\/hurt\\\/?s={search_term_string}\"},\"query-input\":{\"@type\":\"PropertyValueSpecification\",\"valueRequired\":true,\"valueName\":\"search_term_string\"}}],\"inLanguage\":\"pl-PL\"}]}<\/script>\n<!-- \/ Yoast SEO plugin. -->","yoast_head_json":{"title":"Komoda MODERN - Akant Meble exclusive furniture","description":"Komoda w stylu modern .Mebel klasy premium. Szuflady ze spowalniaczem i samo doci\u0105giem. Lakier o podwy\u017cszonej twardo\u015bci,","robots":{"index":"index","follow":"follow","max-snippet":"max-snippet:-1","max-image-preview":"max-image-preview:large","max-video-preview":"max-video-preview:-1"},"canonical":"https:\/\/akantmeble.pl\/hurt\/produkt\/komoda-modern\/","og_locale":"pl_PL","og_type":"article","og_title":"Komoda MODERN - Akant Meble exclusive furniture","og_description":"Komoda w stylu modern .Mebel klasy premium. Szuflady ze spowalniaczem i samo doci\u0105giem. Lakier o podwy\u017cszonej twardo\u015bci,","og_url":"https:\/\/akantmeble.pl\/hurt\/produkt\/komoda-modern\/","og_site_name":"Akant Meble exclusive furniture","article_modified_time":"2023-01-09T08:15:42+00:00","og_image":[{"width":1080,"height":810,"url":"https:\/\/akantmeble.pl\/hurt\/wp-content\/uploads\/2022\/08\/komoda-modern.jpg","type":"image\/jpeg"}],"twitter_card":"summary_large_image","schema":{"@context":"https:\/\/schema.org","@graph":[{"@type":"WebPage","@id":"https:\/\/akantmeble.pl\/hurt\/produkt\/komoda-modern\/","url":"https:\/\/akantmeble.pl\/hurt\/produkt\/komoda-modern\/","name":"Komoda MODERN - Akant Meble exclusive furniture","isPartOf":{"@id":"https:\/\/akantmeble.pl\/hurt\/#website"},"primaryImageOfPage":{"@id":"https:\/\/akantmeble.pl\/hurt\/produkt\/komoda-modern\/#primaryimage"},"image":{"@id":"https:\/\/akantmeble.pl\/hurt\/produkt\/komoda-modern\/#primaryimage"},"thumbnailUrl":"https:\/\/akantmeble.pl\/hurt\/wp-content\/uploads\/2022\/08\/komoda-modern.jpg","datePublished":"2022-08-30T17:09:29+00:00","dateModified":"2023-01-09T08:15:42+00:00","description":"Komoda w stylu modern .Mebel klasy premium. Szuflady ze spowalniaczem i samo doci\u0105giem. Lakier o podwy\u017cszonej twardo\u015bci,","breadcrumb":{"@id":"https:\/\/akantmeble.pl\/hurt\/produkt\/komoda-modern\/#breadcrumb"},"inLanguage":"pl-PL","potentialAction":[{"@type":"ReadAction","target":["https:\/\/akantmeble.pl\/hurt\/produkt\/komoda-modern\/"]}]},{"@type":"ImageObject","inLanguage":"pl-PL","@id":"https:\/\/akantmeble.pl\/hurt\/produkt\/komoda-modern\/#primaryimage","url":"https:\/\/akantmeble.pl\/hurt\/wp-content\/uploads\/2022\/08\/komoda-modern.jpg","contentUrl":"https:\/\/akantmeble.pl\/hurt\/wp-content\/uploads\/2022\/08\/komoda-modern.jpg","width":1080,"height":810},{"@type":"BreadcrumbList","@id":"https:\/\/akantmeble.pl\/hurt\/produkt\/komoda-modern\/#breadcrumb","itemListElement":[{"@type":"ListItem","position":1,"name":"Strona g\u0142\u00f3wna","item":"https:\/\/akantmeble.pl\/hurt\/"},{"@type":"ListItem","position":2,"name":"Sklep","item":"https:\/\/akantmeble.pl\/hurt\/sklep\/"},{"@type":"ListItem","position":3,"name":"Komoda MODERN"}]},{"@type":"WebSite","@id":"https:\/\/akantmeble.pl\/hurt\/#website","url":"https:\/\/akantmeble.pl\/hurt\/","name":"Akant Meble exclusive furniture","description":"","potentialAction":[{"@type":"SearchAction","target":{"@type":"EntryPoint","urlTemplate":"https:\/\/akantmeble.pl\/hurt\/?s={search_term_string}"},"query-input":{"@type":"PropertyValueSpecification","valueRequired":true,"valueName":"search_term_string"}}],"inLanguage":"pl-PL"}]}},"_links":{"self":[{"href":"https:\/\/akantmeble.pl\/hurt\/wp-json\/wp\/v2\/product\/842","targetHints":{"allow":["GET"]}}],"collection":[{"href":"https:\/\/akantmeble.pl\/hurt\/wp-json\/wp\/v2\/product"}],"about":[{"href":"https:\/\/akantmeble.pl\/hurt\/wp-json\/wp\/v2\/types\/product"}],"replies":[{"embeddable":true,"href":"https:\/\/akantmeble.pl\/hurt\/wp-json\/wp\/v2\/comments?post=842"}],"wp:featuredmedia":[{"embeddable":true,"href":"https:\/\/akantmeble.pl\/hurt\/wp-json\/wp\/v2\/media\/856"}],"wp:attachment":[{"href":"https:\/\/akantmeble.pl\/hurt\/wp-json\/wp\/v2\/media?parent=842"}],"wp:term":[{"taxonomy":"product_brand","embeddable":true,"href":"https:\/\/akantmeble.pl\/hurt\/wp-json\/wp\/v2\/product_brand?post=842"},{"taxonomy":"product_cat","embeddable":true,"href":"https:\/\/akantmeble.pl\/hurt\/wp-json\/wp\/v2\/product_cat?post=842"},{"taxonomy":"product_tag","embeddable":true,"href":"https:\/\/akantmeble.pl\/hurt\/wp-json\/wp\/v2\/product_tag?post=842"}],"curies":[{"name":"wp","href":"https:\/\/api.w.org\/{rel}","templated":true}]}}